{"id":1739,"date":"2023-05-15T15:17:02","date_gmt":"2023-05-15T13:17:02","guid":{"rendered":"https:\/\/www.salzburger-seenland.at\/?page_id=1739"},"modified":"2025-09-02T13:15:48","modified_gmt":"2025-09-02T11:15:48","slug":"stadt-salzburg","status":"publish","type":"page","link":"https:\/\/www.salzburger-seenland.at\/en\/recreational-experience\/city-of-salzburg","title":{"rendered":"City of Salzburg"},"content":{"rendered":"<div class=\"lazyblock-zweifarbige-uberschrift-ZKeqqp wp-block-lazyblock-zweifarbige-uberschrift\"><div class=\"container\">\n  <h1 class=\"duo-heading alignleft\">\n  Mozart &amp; Festival City  \n  \n  <span class=\"after-color\">Salzburg<\/span>\n<\/h1>\n<div style=\"clear:both;\"><\/div>\n<\/div><\/div>\n\n<div class=\"lazyblock-single-post-slider-13Q6IP wp-block-lazyblock-single-post-slider\"><div class=\"sase-block\">\r\n  <div class=\"container\">\r\n\t  <div class=\"flex-grid\">\r\n\t\t<div class=\"flex-text-half\">\r\n\t\t\t<div>\n<p class=\"bodytext\">...a cultural highlight and always worth a visit!<\/p>\n<p class=\"bodytext\">From the idyll of unspoilt nature into world-famous sights such as the Hohen Salzburg Fortress or the Mirabell Gardens. A walk through the picturesque Getreidegasse with a detour to Mozart's birthplace make the excursion a cultural highlight. The House of Nature, Hangar 7 with Formula 1 racing cars and the beautifully landscaped Hellbrunn Zoo are an experience not only for families.<\/p>\n<p class=\"bodytext\">The Salzburg Festival is probably one of the most popular of its kind. Every year, millions of guests from all over the world flock to the famous festival.<\/p>\n<p><a href=\"https:\/\/www.salzburg.info\" target=\"_blank\" rel=\"noopener\">www.salzburg.info<\/a><\/p>\n<p>&nbsp;<\/p>\n<p>To celebrate the 60th anniversary of the Sound of Music, the famous Salzburg Marionette Theatre is staging a large Broadway musical in miniature format.<\/p>\n<p><a href=\"https:\/\/www.marionetten.at\" target=\"_blank\" rel=\"noopener\">www.marionetten.at<\/a><\/p>\n<\/div> \r\n\t\t<\/div>\r\n\t\t<div class=\"flex-img-half\">\r\n\t\t  <div class=\"img-slider\">\r\n\t\t\t<div class=\"slick-image\"><img loading=\"lazy\" decoding=\"async\" width=\"800\" height=\"600\" src=\"https:\/\/www.salzburger-seenland.at\/wp-content\/uploads\/2023\/05\/Kapitelplatz_Festung_Balkenhohl-800x600.jpg\" class=\"img-responsive rounded wp-image-1740 b-lazy\" alt=\"\u00a9Tourismus Salzburg, Photo: Breitegger G\u00fcnter\" data-src=\"https:\/\/www.salzburger-seenland.at\/wp-content\/uploads\/2023\/05\/Kapitelplatz_Festung_Balkenhohl-800x600.jpg\" \/><\/div>\t\t\t\t\t\t<\/div>\r\n\t\t<\/div>\r\n\t  <\/div>\r\n <\/div>\r\n<\/div><\/div>\n\n<div class=\"lazyblock-loadhighlights-ZdsdpB wp-block-lazyblock-loadhighlights\"><div class=\"sase-block\">\r\n  <div class=\"container\">\r\n\t<h2 class=\"duo-heading aligncenter\"><a name=\"urlaubsthemen\"><\/a>\r\n\t\t <br> <span class=\"after-color\"><\/span>\r\n\t<\/h2> \r\n\t<p class=\"aligncenter\"><\/p>\r\n\t<div class=\"flex-grid\">\r\n\t<div class=\"flex-child col-lg-3\"><a href=\"https:\/\/www.salzburger-seenland.at\/en\/insider-tips\/hop-on-hop-off-salzburg-city\"><div class=\"box\"><img decoding=\"async\" class=\"b-lazy img-responsive wp-image-2585 rounded\" src=\"data:image\/gif;base64,R0lGODlhAQABAAAAACH5BAEKAAEALAAAAAABAAEAAAICTAEAOw==\" data-src=\"https:\/\/www.salzburger-seenland.at\/wp-content\/uploads\/2024\/05\/Station-Mirabellplatz\u00a9Salzburg-Sightseeing_Doris-Wild-405x240.jpg\" alt=\"\" \/><div class=\"resp-text-overlay\"><h3>Hop on Hop off - Salzburg City<\/h3><\/div><\/div><\/a><\/div> \r\n\t<\/div>\r\n  <p class=\"desktop\" style=\"clear:both;\">&nbsp;<br \/><\/p>\r\n<\/div>\r\n<\/div><\/div>\n\n\n<h3 class=\"wp-block-heading\">By public transport or car directly to the city centre:<\/h3>\n\n\n\n<p><strong>With the express train:<\/strong>&nbsp;from Wallersee and Oberndorf towards Salzburg city. <strong>With bus line 120:<\/strong>&nbsp;from Obertrumer See directly into the city of Salzburg (centre).<\/p>\n\n\n\n<ul class=\"wp-block-list\">\n<li>Exit: Hofwirt-Fug\u00dfg\u00e4ngerzone Linzer Gasse or Schrannengasse (corner of Mirabell Palace)<\/li>\n\n\n\n<li>Entrance: in front of Mirabell Palace<\/li>\n<\/ul>\n\n\n\n<p><strong>With bus line 130:<\/strong>&nbsp;from Stra\u00dfwalchen - Neumarkt - Henndorf to the city of Salzburg (centre)<\/p>\n\n\n\n<ul class=\"wp-block-list\">\n<li>Exit: Hofwirt pedestrian zone Linzer Gasse or Schrannengasse (corner of Mirabell Palace)<\/li>\n\n\n\n<li>Entrance: in front of Mirabell Palace<\/li>\n<\/ul>\n\n\n\n<p><strong>By car<\/strong>: you will find<a href=\"https:\/\/www.salzburg.info\/de\/reiseinfos\/anreise-verkehr\/auto\/parken\" target=\"_blank\" rel=\"noreferrer noopener\"> here<\/a><\/p>\n\n\n\n<p><strong>Combi tickets for the city:<\/strong><br>Timetable and price information<br>T +43 662 632900<br><a href=\"https:\/\/www.svv-info.at\/\" target=\"_blank\" rel=\"noreferrer noopener\">www.svv-info.at<\/a><\/p>\n\n\n\n<p><strong>Cycling into the city of Salzburg\u00a0<a href=\"https:\/\/www.salzburger-seenland.at\/en\/cycling-tours\/cycling-into-the-city-of-salzburg\/\" target=\"_blank\" rel=\"noreferrer noopener\">here:<\/a><\/strong><\/p>\n\n\n\n<p>You can find more information about the city of Salzburg at:<br><a href=\"https:\/\/www.salzburg.info\/\" target=\"_blank\" rel=\"noreferrer noopener\">www.salzburg.info<\/a><\/p>","protected":false},"excerpt":{"rendered":"<p>Mit \u00f6ffentlichen Verkehrsmitteln oder dem Auto direkt ins Stadtzentrum: Mit der Schnellbahn:&nbsp;vom Wallersee und von Oberndorf Richtung Stadt Salzburg. Mit der Buslinie 120:&nbsp;vom Obertrumer See direkt in die Stadt Salzburg (Zentrum). Mit der Buslinie 130:&nbsp;von Stra\u00dfwalchen &#8211; Neumarkt &#8211; Henndorf in die Stadt Salzburg (Zentrum) Mit dem Auto: finden Sie hier Kombitickets f\u00fcr die Stadt:Fahrplan- [&hellip;]<\/p>\n","protected":false},"author":1,"featured_media":1740,"parent":404,"menu_order":0,"comment_status":"closed","ping_status":"closed","template":"page-no-hero.php","meta":{"footnotes":""},"class_list":["post-1739","page","type-page","status-publish","has-post-thumbnail","hentry"],"yoast_head":"<!-- This site is optimized with the Yoast SEO plugin v27.6 - https:\/\/yoast.com\/product\/yoast-seo-wordpress\/ -->\n<title>Stadt Salzburg - Salzburger Seenland<\/title>\n<meta name=\"description\" content=\"Von der Idylle der unber\u00fchrten Natur hinein in weltber\u00fchmte Sehensw\u00fcrdigkeiten, wie die Festung Hohen Salzburg oder den Mirabellgarten. Ein Spaziergang durch die malerische Getreidegasse mit einem Abstecher zu Mozarts Geburtshaus machen den Ausflug zu einem kulturellen H\u00f6hepunkt.\" \/>\n<meta name=\"robots\" content=\"index, follow, max-snippet:-1, max-image-preview:large, max-video-preview:-1\" \/>\n<link rel=\"canonical\" href=\"https:\/\/www.salzburger-seenland.at\/en\/recreational-experience\/city-of-salzburg\/\" \/>\n<meta property=\"og:locale\" content=\"en_GB\" \/>\n<meta property=\"og:type\" content=\"article\" \/>\n<meta property=\"og:title\" content=\"Stadt Salzburg - Salzburger Seenland\" \/>\n<meta property=\"og:description\" content=\"Von der Idylle der unber\u00fchrten Natur hinein in weltber\u00fchmte Sehensw\u00fcrdigkeiten, wie die Festung Hohen Salzburg oder den Mirabellgarten. Ein Spaziergang durch die malerische Getreidegasse mit einem Abstecher zu Mozarts Geburtshaus machen den Ausflug zu einem kulturellen H\u00f6hepunkt.\" \/>\n<meta property=\"og:url\" content=\"https:\/\/www.salzburger-seenland.at\/en\/recreational-experience\/city-of-salzburg\/\" \/>\n<meta property=\"og:site_name\" content=\"Salzburger Seenland\" \/>\n<meta property=\"article:publisher\" content=\"https:\/\/www.facebook.com\/seenland\" \/>\n<meta property=\"article:modified_time\" content=\"2025-09-02T11:15:48+00:00\" \/>\n<meta property=\"og:image\" content=\"https:\/\/www.salzburger-seenland.at\/wp-content\/uploads\/2023\/05\/Kapitelplatz_Festung_Balkenhohl-scaled.jpg\" \/>\n\t<meta property=\"og:image:width\" content=\"2560\" \/>\n\t<meta property=\"og:image:height\" content=\"1600\" \/>\n\t<meta property=\"og:image:type\" content=\"image\/jpeg\" \/>\n<meta name=\"twitter:card\" content=\"summary_large_image\" \/>\n<meta name=\"twitter:label1\" content=\"Estimated reading time\" \/>\n\t<meta name=\"twitter:data1\" content=\"2 minutes\" \/>\n<script type=\"application\/ld+json\" class=\"yoast-schema-graph\">{\"@context\":\"https:\\\/\\\/schema.org\",\"@graph\":[{\"@type\":\"WebPage\",\"@id\":\"https:\\\/\\\/www.salzburger-seenland.at\\\/erlebnis-freizeit\\\/stadt-salzburg\",\"url\":\"https:\\\/\\\/www.salzburger-seenland.at\\\/erlebnis-freizeit\\\/stadt-salzburg\",\"name\":\"Stadt Salzburg - Salzburger Seenland\",\"isPartOf\":{\"@id\":\"https:\\\/\\\/www.salzburger-seenland.at\\\/#website\"},\"primaryImageOfPage\":{\"@id\":\"https:\\\/\\\/www.salzburger-seenland.at\\\/erlebnis-freizeit\\\/stadt-salzburg#primaryimage\"},\"image\":{\"@id\":\"https:\\\/\\\/www.salzburger-seenland.at\\\/erlebnis-freizeit\\\/stadt-salzburg#primaryimage\"},\"thumbnailUrl\":\"https:\\\/\\\/www.salzburger-seenland.at\\\/wp-content\\\/uploads\\\/2023\\\/05\\\/Kapitelplatz_Festung_Balkenhohl-scaled.jpg\",\"datePublished\":\"2023-05-15T13:17:02+00:00\",\"dateModified\":\"2025-09-02T11:15:48+00:00\",\"description\":\"Von der Idylle der unber\u00fchrten Natur hinein in weltber\u00fchmte Sehensw\u00fcrdigkeiten, wie die Festung Hohen Salzburg oder den Mirabellgarten. Ein Spaziergang durch die malerische Getreidegasse mit einem Abstecher zu Mozarts Geburtshaus machen den Ausflug zu einem kulturellen H\u00f6hepunkt.\",\"breadcrumb\":{\"@id\":\"https:\\\/\\\/www.salzburger-seenland.at\\\/erlebnis-freizeit\\\/stadt-salzburg#breadcrumb\"},\"inLanguage\":\"en-GB\",\"potentialAction\":[{\"@type\":\"ReadAction\",\"target\":[\"https:\\\/\\\/www.salzburger-seenland.at\\\/erlebnis-freizeit\\\/stadt-salzburg\"]}]},{\"@type\":\"ImageObject\",\"inLanguage\":\"en-GB\",\"@id\":\"https:\\\/\\\/www.salzburger-seenland.at\\\/erlebnis-freizeit\\\/stadt-salzburg#primaryimage\",\"url\":\"https:\\\/\\\/www.salzburger-seenland.at\\\/wp-content\\\/uploads\\\/2023\\\/05\\\/Kapitelplatz_Festung_Balkenhohl-scaled.jpg\",\"contentUrl\":\"https:\\\/\\\/www.salzburger-seenland.at\\\/wp-content\\\/uploads\\\/2023\\\/05\\\/Kapitelplatz_Festung_Balkenhohl-scaled.jpg\",\"width\":2560,\"height\":1600,\"caption\":\"\u00a9Tourismus Salzburg, Foto: Breitegger G\u00fcnter\"},{\"@type\":\"BreadcrumbList\",\"@id\":\"https:\\\/\\\/www.salzburger-seenland.at\\\/erlebnis-freizeit\\\/stadt-salzburg#breadcrumb\",\"itemListElement\":[{\"@type\":\"ListItem\",\"position\":1,\"name\":\"Startseite\",\"item\":\"https:\\\/\\\/www.salzburger-seenland.at\\\/\"},{\"@type\":\"ListItem\",\"position\":2,\"name\":\"Erlebnis &#038; Freizeit\",\"item\":\"https:\\\/\\\/www.salzburger-seenland.at\\\/erlebnis-freizeit\"},{\"@type\":\"ListItem\",\"position\":3,\"name\":\"Stadt Salzburg\"}]},{\"@type\":\"WebSite\",\"@id\":\"https:\\\/\\\/www.salzburger-seenland.at\\\/#website\",\"url\":\"https:\\\/\\\/www.salzburger-seenland.at\\\/\",\"name\":\"Salzburger Seenland\",\"description\":\"eintauchen erleben genie\u00dfen\",\"publisher\":{\"@id\":\"https:\\\/\\\/www.salzburger-seenland.at\\\/#organization\"},\"potentialAction\":[{\"@type\":\"SearchAction\",\"target\":{\"@type\":\"EntryPoint\",\"urlTemplate\":\"https:\\\/\\\/www.salzburger-seenland.at\\\/?s={search_term_string}\"},\"query-input\":{\"@type\":\"PropertyValueSpecification\",\"valueRequired\":true,\"valueName\":\"search_term_string\"}}],\"inLanguage\":\"en-GB\"},{\"@type\":\"Organization\",\"@id\":\"https:\\\/\\\/www.salzburger-seenland.at\\\/#organization\",\"name\":\"Seenland Tourismus GmbH\",\"alternateName\":\"Salzburger Seenland\",\"url\":\"https:\\\/\\\/www.salzburger-seenland.at\\\/\",\"logo\":{\"@type\":\"ImageObject\",\"inLanguage\":\"en-GB\",\"@id\":\"https:\\\/\\\/www.salzburger-seenland.at\\\/#\\\/schema\\\/logo\\\/image\\\/\",\"url\":\"https:\\\/\\\/www.salzburger-seenland.at\\\/wp-content\\\/uploads\\\/2023\\\/05\\\/salzburger-seenland_logo_rund_696x696.png\",\"contentUrl\":\"https:\\\/\\\/www.salzburger-seenland.at\\\/wp-content\\\/uploads\\\/2023\\\/05\\\/salzburger-seenland_logo_rund_696x696.png\",\"width\":696,\"height\":696,\"caption\":\"Seenland Tourismus GmbH\"},\"image\":{\"@id\":\"https:\\\/\\\/www.salzburger-seenland.at\\\/#\\\/schema\\\/logo\\\/image\\\/\"},\"sameAs\":[\"https:\\\/\\\/www.facebook.com\\\/seenland\",\"https:\\\/\\\/www.instagram.com\\\/salzburgerseenland\\\/\",\"https:\\\/\\\/www.youtube.com\\\/channel\\\/UCVEHCdkLG4WY7KMq8fS1XnQ\"]}]}<\/script>\n<!-- \/ Yoast SEO plugin. -->","yoast_head_json":{"title":"City of Salzburg - Salzburg Seenland","description":"From the idyll of unspoilt nature into world-famous sights such as the Hohen Salzburg Fortress or the Mirabell Gardens. A walk through the picturesque Getreidegasse with a detour to Mozart's birthplace make the excursion a cultural highlight.","robots":{"index":"index","follow":"follow","max-snippet":"max-snippet:-1","max-image-preview":"max-image-preview:large","max-video-preview":"max-video-preview:-1"},"canonical":"https:\/\/www.salzburger-seenland.at\/en\/recreational-experience\/city-of-salzburg\/","og_locale":"en_GB","og_type":"article","og_title":"Stadt Salzburg - Salzburger Seenland","og_description":"Von der Idylle der unber\u00fchrten Natur hinein in weltber\u00fchmte Sehensw\u00fcrdigkeiten, wie die Festung Hohen Salzburg oder den Mirabellgarten. Ein Spaziergang durch die malerische Getreidegasse mit einem Abstecher zu Mozarts Geburtshaus machen den Ausflug zu einem kulturellen H\u00f6hepunkt.","og_url":"https:\/\/www.salzburger-seenland.at\/en\/recreational-experience\/city-of-salzburg\/","og_site_name":"Salzburger Seenland","article_publisher":"https:\/\/www.facebook.com\/seenland","article_modified_time":"2025-09-02T11:15:48+00:00","og_image":[{"width":2560,"height":1600,"url":"https:\/\/www.salzburger-seenland.at\/wp-content\/uploads\/2023\/05\/Kapitelplatz_Festung_Balkenhohl-scaled.jpg","type":"image\/jpeg"}],"twitter_card":"summary_large_image","twitter_misc":{"Estimated reading time":"2 minutes"},"schema":{"@context":"https:\/\/schema.org","@graph":[{"@type":"WebPage","@id":"https:\/\/www.salzburger-seenland.at\/erlebnis-freizeit\/stadt-salzburg","url":"https:\/\/www.salzburger-seenland.at\/erlebnis-freizeit\/stadt-salzburg","name":"City of Salzburg - Salzburg Seenland","isPartOf":{"@id":"https:\/\/www.salzburger-seenland.at\/#website"},"primaryImageOfPage":{"@id":"https:\/\/www.salzburger-seenland.at\/erlebnis-freizeit\/stadt-salzburg#primaryimage"},"image":{"@id":"https:\/\/www.salzburger-seenland.at\/erlebnis-freizeit\/stadt-salzburg#primaryimage"},"thumbnailUrl":"https:\/\/www.salzburger-seenland.at\/wp-content\/uploads\/2023\/05\/Kapitelplatz_Festung_Balkenhohl-scaled.jpg","datePublished":"2023-05-15T13:17:02+00:00","dateModified":"2025-09-02T11:15:48+00:00","description":"From the idyll of unspoilt nature into world-famous sights such as the Hohen Salzburg Fortress or the Mirabell Gardens. A walk through the picturesque Getreidegasse with a detour to Mozart's birthplace make the excursion a cultural highlight.","breadcrumb":{"@id":"https:\/\/www.salzburger-seenland.at\/erlebnis-freizeit\/stadt-salzburg#breadcrumb"},"inLanguage":"en-GB","potentialAction":[{"@type":"ReadAction","target":["https:\/\/www.salzburger-seenland.at\/erlebnis-freizeit\/stadt-salzburg"]}]},{"@type":"ImageObject","inLanguage":"en-GB","@id":"https:\/\/www.salzburger-seenland.at\/erlebnis-freizeit\/stadt-salzburg#primaryimage","url":"https:\/\/www.salzburger-seenland.at\/wp-content\/uploads\/2023\/05\/Kapitelplatz_Festung_Balkenhohl-scaled.jpg","contentUrl":"https:\/\/www.salzburger-seenland.at\/wp-content\/uploads\/2023\/05\/Kapitelplatz_Festung_Balkenhohl-scaled.jpg","width":2560,"height":1600,"caption":"\u00a9Tourismus Salzburg, Foto: Breitegger G\u00fcnter"},{"@type":"BreadcrumbList","@id":"https:\/\/www.salzburger-seenland.at\/erlebnis-freizeit\/stadt-salzburg#breadcrumb","itemListElement":[{"@type":"ListItem","position":1,"name":"Startseite","item":"https:\/\/www.salzburger-seenland.at\/"},{"@type":"ListItem","position":2,"name":"Erlebnis &#038; Freizeit","item":"https:\/\/www.salzburger-seenland.at\/erlebnis-freizeit"},{"@type":"ListItem","position":3,"name":"Stadt Salzburg"}]},{"@type":"WebSite","@id":"https:\/\/www.salzburger-seenland.at\/#website","url":"https:\/\/www.salzburger-seenland.at\/","name":"Salzburg Seenland","description":"immerse experience enjoy","publisher":{"@id":"https:\/\/www.salzburger-seenland.at\/#organization"},"potentialAction":[{"@type":"SearchAction","target":{"@type":"EntryPoint","urlTemplate":"https:\/\/www.salzburger-seenland.at\/?s={search_term_string}"},"query-input":{"@type":"PropertyValueSpecification","valueRequired":true,"valueName":"search_term_string"}}],"inLanguage":"en-GB"},{"@type":"Organization","@id":"https:\/\/www.salzburger-seenland.at\/#organization","name":"Seenland Tourism Ltd.","alternateName":"Salzburger Seenland","url":"https:\/\/www.salzburger-seenland.at\/","logo":{"@type":"ImageObject","inLanguage":"en-GB","@id":"https:\/\/www.salzburger-seenland.at\/#\/schema\/logo\/image\/","url":"https:\/\/www.salzburger-seenland.at\/wp-content\/uploads\/2023\/05\/salzburger-seenland_logo_rund_696x696.png","contentUrl":"https:\/\/www.salzburger-seenland.at\/wp-content\/uploads\/2023\/05\/salzburger-seenland_logo_rund_696x696.png","width":696,"height":696,"caption":"Seenland Tourismus GmbH"},"image":{"@id":"https:\/\/www.salzburger-seenland.at\/#\/schema\/logo\/image\/"},"sameAs":["https:\/\/www.facebook.com\/seenland","https:\/\/www.instagram.com\/salzburgerseenland\/","https:\/\/www.youtube.com\/channel\/UCVEHCdkLG4WY7KMq8fS1XnQ"]}]}},"_links":{"self":[{"href":"https:\/\/www.salzburger-seenland.at\/en\/wp-json\/wp\/v2\/pages\/1739","targetHints":{"allow":["GET"]}}],"collection":[{"href":"https:\/\/www.salzburger-seenland.at\/en\/wp-json\/wp\/v2\/pages"}],"about":[{"href":"https:\/\/www.salzburger-seenland.at\/en\/wp-json\/wp\/v2\/types\/page"}],"author":[{"embeddable":true,"href":"https:\/\/www.salzburger-seenland.at\/en\/wp-json\/wp\/v2\/users\/1"}],"replies":[{"embeddable":true,"href":"https:\/\/www.salzburger-seenland.at\/en\/wp-json\/wp\/v2\/comments?post=1739"}],"version-history":[{"count":5,"href":"https:\/\/www.salzburger-seenland.at\/en\/wp-json\/wp\/v2\/pages\/1739\/revisions"}],"predecessor-version":[{"id":8512,"href":"https:\/\/www.salzburger-seenland.at\/en\/wp-json\/wp\/v2\/pages\/1739\/revisions\/8512"}],"up":[{"embeddable":true,"href":"https:\/\/www.salzburger-seenland.at\/en\/wp-json\/wp\/v2\/pages\/404"}],"wp:featuredmedia":[{"embeddable":true,"href":"https:\/\/www.salzburger-seenland.at\/en\/wp-json\/wp\/v2\/media\/1740"}],"wp:attachment":[{"href":"https:\/\/www.salzburger-seenland.at\/en\/wp-json\/wp\/v2\/media?parent=1739"}],"curies":[{"name":"wp","href":"https:\/\/api.w.org\/{rel}","templated":true}]}}