{"id":1815,"date":"2023-05-15T19:24:49","date_gmt":"2023-05-15T17:24:49","guid":{"rendered":"https:\/\/www.salzburger-seenland.at\/?page_id=1815"},"modified":"2025-08-20T10:52:29","modified_gmt":"2025-08-20T08:52:29","slug":"bauernherbst","status":"publish","type":"page","link":"https:\/\/www.salzburger-seenland.at\/en\/recreational-experience\/farmers-autumn","title":{"rendered":"Bauernherbst"},"content":{"rendered":"<div class=\"lazyblock-seenland-booking-1YupK8 wp-block-lazyblock-seenland-booking\"><div id=\"bookingform\">\r\n  <h3 class=\"en_GB\">Hier beginnt ihr n\u00e4chster Urlaub..<\/h3>\r\n  <div class=\"container\">\r\n  <form  onsubmit=\"return onFormSubmit()\" method=\"get\">\r\n    <div class=\"book-column dates\">\r\n       <div class=\"form-group\">\r\n         <label for=\"selArrivaldate\">Anreise:<\/label>\r\n         <input type=\"date\" class=\"has-datepicker\" id=\"selArrivaldate\" name=\"selArrivaldate\" min=\"2026-04-30\" value=\"2026-04-30\">\r\n       <\/div> \r\n       <span class=\"booking-trenner\">&nbsp; &#8211; &nbsp;<\/span>\r\n       <div class=\"form-group\">\r\n         <label for=\"selDeparturedate\">Abreise:<\/label>\r\n         <input type=\"date\" class=\"has-datepicker\" id=\"selDeparturedate\" name=\"selDeparturedate\" value=\"2026-05-07\">\r\n       <\/div> \r\n     <\/div>\r\n      <div class=\"book-column persons\">\r\n     <div class=\"form-group border-left\">\r\n       <label for=\"selAdults\">Erwachsene:<\/label>\r\n       <select id=\"selAdults\" name=\"selAdults\">\r\n        <option value=\"1\">1<\/option>\r\n        <option value=\"2\" selected>2<\/option>\r\n        <option value=\"3\">3<\/option>\r\n        <option value=\"4\">4<\/option>\r\n        <option value=\"5\">5<\/option>\r\n        <option value=\"6\">6<\/option>\r\n        <option value=\"7\">7<\/option>\r\n        <option value=\"8\">8<\/option>\r\n        <option value=\"9\">9<\/option>\r\n        <option value=\"10\">10<\/option>\r\n       <\/select>\r\n     <\/div>\r\n     <div class=\"form-group\">\r\n      <label for=\"selKids\">Kinder:<\/label>\r\n       <select id=\"selKids\" name=\"selKids\">\r\n        <option value=\"0\" selected>0<\/option>\r\n        <option value=\"1\">1<\/option>\r\n        <option value=\"2\">2<\/option>\r\n        <option value=\"3\">3<\/option>\r\n        <option value=\"4\">4<\/option>\r\n        <option value=\"5\">5<\/option>\r\n        <option value=\"6\">6<\/option>\r\n        <option value=\"7\">7<\/option>\r\n        <option value=\"8\">8<\/option>\r\n        <option value=\"9\">9<\/option>\r\n        <option value=\"10\">10<\/option>\r\n       <\/select> \r\n     <\/div>\r\n    <\/div>\r\n     <div class=\"button-column buttons\">\r\n        <input type=\"hidden\" id=\"selLocation\" name=\"selLocation\" value=\"58c4b89d-25c7-49db-8d5e-8382bbdb57e4\"> \r\n  \t\t  <input type=\"hidden\" id=\"selCategories\" name=\"selCategories\" value=\"\">\r\n  \t\t   <input type=\"hidden\" id=\"rc\" name=\"rc\" value=\"1\">\r\n  \t\t   <input type=\"hidden\" name=\"selNights\" \/>\r\n  \t\t  <input type=\"hidden\" id=\"selNumberofUnits\" name=\"selNumberofUnits\" value=\"1\">\r\n  \t\t  <button class=\"acco-find rounded\" type=\"submit\">Unterkunft finden<\/button> &nbsp; \r\n  \t\t  <a class=\"req-button rounded\" href=\"https:\/\/www.salzburger-seenland.at\/en\/info#\/quickinquiry\" role=\"button\">Unverbindliche Anfrage<\/a> \r\n      <\/div>\r\n  <\/form>\r\n <\/div>\r\n<\/div>\r\n<script src=\"https:\/\/web5.deskline.net\/dwutility.js\" async><\/script>\r\n\r\n<script>\r\n    function onFormSubmit(){\r\n\t\r\n\tvar anreise = new Date(document.getElementsByName('selArrivaldate')[0].value); \/\/console.log(anreise);\r\n\tvar abreise = new Date(document.getElementsByName('selDeparturedate')[0].value); \/\/console.log(abreise);\r\n\tvar erwachsene = document.getElementsByName('selAdults')[0].value; \/\/console.log(erwachsene);\r\n\t\r\n        dw.accommodationQuickFind(\r\n            \/\/ LocalStorageID: \r\n            'seenlandelixhausen',\r\n\r\n            \/\/ Gastdaten\r\n            {\r\n                dateFrom: anreise,\r\n                dateTo: abreise,\r\n                occupancy1:{\r\n                    units:1,\r\n                    adults: erwachsene,\r\n                    children:[]\r\n                }\r\n            },\r\n            function() {\r\n                \/\/ Callback Funktion, Maybe redirecting\r\n                window.location.href = \"en\/info\";\r\n            });\r\n\r\n        return false;\r\n    }\r\n<\/script><\/div>\n\n<div class=\"lazyblock-orte-intro-11R4mv wp-block-lazyblock-orte-intro\"><div class=\"mini-logo\"><\/div>\r\n <h1 class=\"duo-heading aligncenter\">Bauernherbst im  <br><span class=\"after-color\">Salzburger Seenland<\/span><\/h1>\r\n  <p>&nbsp;<\/p>\r\n  <div class=\"container\">\r\n  <div class=\"flex-grid\">\r\n  \t<div class=\"flex-img-half\">\r\n  \t\t<img loading=\"lazy\" decoding=\"async\" width=\"545\" height=\"630\" src=\"https:\/\/www.salzburger-seenland.at\/wp-content\/uploads\/2023\/05\/BH_Seeham-545x630.jpg\" class=\"img-responsive intro-bild rounded wp-image-1816 b-lazy\" alt=\"Bauernherbst in Seeham\" data-src=\"https:\/\/www.salzburger-seenland.at\/wp-content\/uploads\/2023\/05\/BH_Seeham-545x630.jpg\" \/>  \t<\/div>\r\n  \t<div class=\"flex-text-half\">\r\n  \t  <div class=\"intro-story\">\r\n  \t      \t    <div class=\"video-player\" data-videoid=\"RS72N3hQ1C0\" data-videobg=\"https:\/\/www.salzburger-seenland.at\/wp-content\/uploads\/2023\/05\/video-thumb_bauernherbst-trachtenmusikkapelle.jpg\">\r\n  \t      <!-- -->\r\n  \t      <\/div>\r\n  \t    <p>&nbsp;<\/p>\r\n  \t      \t    <p><b>Live dabei und mittendrin &#8211; das ist Bauernherbst im Salzburger Seenland<\/b><br \/>\n<br \/>\nBei zahlreichen Veranstaltungen k\u00f6nnen Sie den Handwerkern hier \u00fcber die Schulter schauen und am Kunsthandwerksmarkt findet man die sch\u00f6nsten Sch\u00e4tze &#8211; jedes St\u00fcck ein Unikat. <br \/>\nOb Sie sich beim Kranzlstechen die Geschicklichkeit der Reiter bewundern, selbst Hopfen ernten und brauen oder sich einfach mit b\u00e4uerlichen Herbstschmankerln verw\u00f6hnen lassen &#8211; in jedem Fall hei\u00dft es &#8222;Tracht auspacken und mitfeiern&#8220;<\/p>\r\n  \t  <\/div>\r\n  \t<\/div>\r\n  <\/div>\r\n <\/div><\/div>\n\n<div class=\"lazyblock-tabbed-content-k13D4 wp-block-lazyblock-tabbed-content\"><!-- OUTPUT TAB BLOCK -->\r\n<div class=\"tab-block sase-block\">\r\n\t<div class=\"wave-top\"><\/div>\r\n<div class=\"tabbed-content midblue\">\r\n\t\t<h2 class=\"duo-heading aligncenter\"><a name=\"ueber-uns\"><\/a>\r\n\t\t\tTradition &#038; Brauchtum \r\n\t\t\t<br><span class=\"after-color\">im Salzburger Seenland<\/span>\r\n\t\t<\/h2>\r\n\t\t<div class=\"tab-menu container\">\r\n\t\t  <hr\/><\/div>\r\n\t\t<div class=\"tab-container container\"><div class=\"flex-grid tab-content\" id=\"ortstext-tab\"><div class=\"flex-text-half\"><!--<h2>Bauernherbst<\/h2>--> <p class=\"bodytext\">Bunte Laubw\u00e4lder in der malerischen H\u00fcgellandschaft inmitten der Seen und entlang der ruhigen Seeufer l\u00e4dt zu erholsamen Genuss Rad- oder Wandertouren ein.<\/p>\n<p class=\"bodytext\">Das Bauernherbst-Programm wird dominiert von traditionellem Handwerk \u2013 ob Kr\u00e4uterexpertin, Kugelm\u00fcller oder Schmied\u00a0 &#8211; sie teilen Ihr traditionelles Wissen mit interessierten Besuchern.<\/p>\n<p class=\"bodytext\">Herbstliche Dekoration in den Bauernherbstorten Obertrum am See, Seeham, Neumarkt am Wallersee und Stra\u00dfwalchen sowie die kulinarische K\u00fcche der Wirtsh\u00e4user runden die Stimmung ab.<\/p>\n<p><a href=\"https:\/\/www.salzburger-seenland.at\/events?limSERIALEVENTS=6b6f16de-f2fc-46ee-97fd-1789c3006fac\" target=\"_blank\" rel=\"noopener\">HIER FINDEN SIE ALLE BAUERNHERBST-VERANSTALTUNGEN IM SALZBURGER SEENLAND<\/a><\/p><\/div><div class=\"flex-img-half\" style=\"margin-top: 1.4rem;\"><img loading=\"lazy\" decoding=\"async\" width=\"545\" height=\"630\" src=\"https:\/\/www.salzburger-seenland.at\/wp-content\/uploads\/2023\/05\/20180826_150441-545x630.jpg\" class=\"img-responsive rounded wp-image-795 b-lazy\" alt=\"Bauernherst Obertrum am See\" data-src=\"https:\/\/www.salzburger-seenland.at\/wp-content\/uploads\/2023\/05\/20180826_150441-545x630.jpg\" \/><\/div><\/div> <\/div>\r\n\t<\/div>\r\n\t<div class=\"wave-bottom\"><\/div>\r\n<\/div><\/div>\n\n<div class=\"lazyblock-loadhighlights-Zx132E wp-block-lazyblock-loadhighlights\"><div class=\"sase-block\">\r\n  <div class=\"container\">\r\n\t<h2 class=\"duo-heading aligncenter\"><a name=\"urlaubsthemen\"><\/a>\r\n\t\tBauernherbst in den <br> <span class=\"after-color\">Orten im Seenland<\/span>\r\n\t<\/h2> \r\n\t<p class=\"aligncenter\"><\/p>\r\n\t<div class=\"flex-grid\">\r\n\t<div class=\"flex-child col-lg-3\"><a href=\"https:\/\/www.salzburger-seenland.at\/en\/lake-district-highlights\/peasant-autumn-opening\"><div class=\"box\"><img decoding=\"async\" class=\"b-lazy img-responsive wp-image-3965 rounded\" src=\"data:image\/gif;base64,R0lGODlhAQABAAAAACH5BAEKAAEALAAAAAABAAEAAAICTAEAOw==\" data-src=\"https:\/\/www.salzburger-seenland.at\/wp-content\/uploads\/2023\/05\/20180826_150441-405x240.jpg\" alt=\"\" \/><div class=\"resp-text-overlay\"><h3>Bauernherbst in Obertrum am See<\/h3><\/div><\/div><\/a><\/div><div class=\"flex-child col-lg-3\"><a href=\"https:\/\/www.salzburger-seenland.at\/en\/insider-tips\/farmers-autumn-in-seeham\"><div class=\"box\"><img decoding=\"async\" class=\"b-lazy img-responsive wp-image-1976 rounded\" src=\"data:image\/gif;base64,R0lGODlhAQABAAAAACH5BAEKAAEALAAAAAABAAEAAAICTAEAOw==\" data-src=\"https:\/\/www.salzburger-seenland.at\/wp-content\/uploads\/2023\/05\/csm_BH_Seeham_d6fcfb34d8-400x240.jpg\" alt=\"\" \/><div class=\"resp-text-overlay\"><h3>Bauernherbst in Seeham<\/h3><\/div><\/div><\/a><\/div><div class=\"flex-child col-lg-3\"><a href=\"https:\/\/www.salzburger-seenland.at\/en\/lake-district-highlights\/farmers-autumn-neumarkt-am-wallersee\"><div class=\"box\"><img decoding=\"async\" class=\"b-lazy img-responsive wp-image-1309 rounded\" src=\"data:image\/gif;base64,R0lGODlhAQABAAAAACH5BAEKAAEALAAAAAABAAEAAAICTAEAOw==\" data-src=\"https:\/\/www.salzburger-seenland.at\/wp-content\/uploads\/2023\/05\/SalzburgerSeenland_Neumarkt_Bauernherbst_Strohdeko-15-405x240.jpg\" alt=\"\" \/><div class=\"resp-text-overlay\"><h3>Bauernherbst Neumarkt a. W.<\/h3><\/div><\/div><\/a><\/div><div class=\"flex-child col-lg-3\"><a href=\"https:\/\/www.salzburger-seenland.at\/en\/lake-district-highlights\/farmers-autumn-strasswalchen\"><div class=\"box\"><img decoding=\"async\" class=\"b-lazy img-responsive wp-image-638 rounded\" src=\"data:image\/gif;base64,R0lGODlhAQABAAAAACH5BAEKAAEALAAAAAABAAEAAAICTAEAOw==\" data-src=\"https:\/\/www.salzburger-seenland.at\/wp-content\/uploads\/2023\/04\/Bauernherbst_Strasswalchen_Michaeli-kl3-405x240.jpg\" alt=\"\" \/><div class=\"resp-text-overlay\"><h3>Bauernherbst Stra\u00dfwalchen<\/h3><\/div><\/div><\/a><\/div><div class=\"flex-child col-lg-3\"><a href=\"https:\/\/www.salzburger-seenland.at\/en\/lake-district-highlights\/farmers-autumn-in-elixhausen\"><div class=\"box\"><img decoding=\"async\" class=\"b-lazy img-responsive wp-image-8425 rounded\" src=\"data:image\/gif;base64,R0lGODlhAQABAAAAACH5BAEKAAEALAAAAAABAAEAAAICTAEAOw==\" data-src=\"https:\/\/www.salzburger-seenland.at\/wp-content\/uploads\/2025\/08\/Elixhausen-08_08-Kirtag-2008-405x240.jpg\" alt=\"\" \/><div class=\"resp-text-overlay\"><h3>Bauernherbst in Elixhausen<\/h3><\/div><\/div><\/a><\/div><div class=\"flex-child col-lg-3\"><a href=\"https:\/\/www.salzburger-seenland.at\/en\/lake-district-highlights\/farmers-autumn-in-obertrum-am-see\"><div class=\"box\"><img decoding=\"async\" class=\"b-lazy img-responsive wp-image-796 rounded\" src=\"data:image\/gif;base64,R0lGODlhAQABAAAAACH5BAEKAAEALAAAAAABAAEAAAICTAEAOw==\" data-src=\"https:\/\/www.salzburger-seenland.at\/wp-content\/uploads\/2023\/05\/DSC_1969-405x240.jpg\" alt=\"\" \/><div class=\"resp-text-overlay\"><h3>Autofreier Tag Obertrumer See<\/h3><\/div><\/div><\/a><\/div><div class=\"flex-child col-lg-3\"><a href=\"https:\/\/www.salzburger-seenland.at\/en\/offers\/golden-wheel-days\"><div class=\"box\"><img decoding=\"async\" class=\"b-lazy img-responsive wp-image-2515 rounded\" src=\"data:image\/gif;base64,R0lGODlhAQABAAAAACH5BAEKAAEALAAAAAABAAEAAAICTAEAOw==\" data-src=\"https:\/\/www.salzburger-seenland.at\/wp-content\/uploads\/2023\/05\/SalzburgerSeenland_Neumarkt_Ostbucht_Radler-CEisele-Hein-405x240.jpg\" alt=\"\" \/><div class=\"resp-text-overlay\"><h3>Goldene Rad-Tage<\/h3><\/div><\/div><\/a><\/div> \r\n\t<\/div>\r\n  <p class=\"desktop\" style=\"clear:both;\">&nbsp;<br \/><\/p>\r\n<\/div>\r\n<\/div><\/div>\n\n<div class=\"lazyblock-orte-tosc5-block-ihle9 wp-block-lazyblock-orte-tosc5-block\"><div class=\"sase-block\">\r\n  <div class=\"container\">\r\n\t<h2 class=\"duo-heading aligncenter\"><a name=\"urlaubsplanung\"><\/a>\r\n\t\tPlanen Sie ihren n\u00e4chsten Urlaub im <br> <span class=\"after-color\">Salzburger Seenland<\/span>\r\n\t<\/h2>\r\n\t<br>\r\n\t<div class=\"flex-grid\">\r\n\t\t<div class=\"flex-child col-lg-3\"><a href=\"https:\/\/www.salzburger-seenland.at\/info\"><div class=\"box\"><img decoding=\"async\" class=\"b-lazy img-responsive wp-image-1489 rounded\" src=\"data:image\/gif;base64,R0lGODlhAQABAAAAACH5BAEKAAEALAAAAAABAAEAAAICTAEAOw==\" data-src=\"https:\/\/www.salzburger-seenland.at\/wp-content\/uploads\/2023\/05\/unterkuenfte-hotels-405x240.jpg\" alt=\"\" \/><div class=\"resp-text-overlay\"><h3>Unterk\u00fcnfte &#038; Hotels<\/h3><\/div><\/div><\/a><\/div>\t\t<div class=\"flex-child col-lg-3\"><a href=\"http:\/\/www.salzburger-seenland.at\/events?limSERIALEVENTS=6b6f16de-f2fc-46ee-97fd-1789c3006fac\"><div class=\"box\"><img decoding=\"async\" class=\"b-lazy img-responsive wp-image-1488 rounded\" src=\"data:image\/gif;base64,R0lGODlhAQABAAAAACH5BAEKAAEALAAAAAABAAEAAAICTAEAOw==\" data-src=\"https:\/\/www.salzburger-seenland.at\/wp-content\/uploads\/2023\/05\/events-veranstaltungen-405x240.jpg\" alt=\"\" \/><div class=\"resp-text-overlay\"><h3>Bauernherbst Veranstaltungen<\/h3><\/div><\/div><\/a><\/div>\t\t<div class=\"flex-child col-lg-3\"><a href=\"https:\/\/www.salzburger-seenland.at\/infra?limINFOSYSTEMTYPE=1\"><div class=\"box\"><img decoding=\"async\" class=\"b-lazy img-responsive wp-image-1487 rounded\" src=\"data:image\/gif;base64,R0lGODlhAQABAAAAACH5BAEKAAEALAAAAAABAAEAAAICTAEAOw==\" data-src=\"https:\/\/www.salzburger-seenland.at\/wp-content\/uploads\/2023\/05\/esse-trinken-405x240.jpg\" alt=\"\" \/><div class=\"resp-text-overlay\"><h3>Essen &#038; Trinken<\/h3><\/div><\/div><\/a><\/div>\t<\/div>\r\n  <br class=\"desktop\" style=\"clear:both;\">\r\n<\/div>\r\n<\/div><\/div>","protected":false},"excerpt":{"rendered":"","protected":false},"author":3,"featured_media":1104,"parent":404,"menu_order":0,"comment_status":"closed","ping_status":"closed","template":"","meta":{"footnotes":""},"class_list":["post-1815","page","type-page","status-publish","has-post-thumbnail","hentry"],"yoast_head":"<!-- This site is optimized with the Yoast SEO plugin v27.5 - https:\/\/yoast.com\/product\/yoast-seo-wordpress\/ -->\n<title>Bauernherbst - Salzburger Seenland<\/title>\n<meta name=\"description\" content=\"Das Bauernherbst-Programm im Salzburger Seenland wird dominiert von traditionellem Handwerk \u2013 ob Kr\u00e4uterexpertin, Kugelm\u00fcller oder Schmied\u00a0 - sie teilen Ihr traditionelles Wissen mit interessierten Besuchern. Die Seenland Garten Roas.\" \/>\n<meta name=\"robots\" content=\"index, follow, max-snippet:-1, max-image-preview:large, max-video-preview:-1\" \/>\n<link rel=\"canonical\" href=\"https:\/\/www.salzburger-seenland.at\/en\/recreational-experience\/farmers-autumn\/\" \/>\n<meta property=\"og:locale\" content=\"en_GB\" \/>\n<meta property=\"og:type\" content=\"article\" \/>\n<meta property=\"og:title\" content=\"Bauernherbst - Salzburger Seenland\" \/>\n<meta property=\"og:description\" content=\"Das Bauernherbst-Programm im Salzburger Seenland wird dominiert von traditionellem Handwerk \u2013 ob Kr\u00e4uterexpertin, Kugelm\u00fcller oder Schmied\u00a0 - sie teilen Ihr traditionelles Wissen mit interessierten Besuchern. Die Seenland Garten Roas.\" \/>\n<meta property=\"og:url\" content=\"https:\/\/www.salzburger-seenland.at\/en\/recreational-experience\/farmers-autumn\/\" \/>\n<meta property=\"og:site_name\" content=\"Salzburger Seenland\" \/>\n<meta property=\"article:publisher\" content=\"https:\/\/www.facebook.com\/seenland\" \/>\n<meta property=\"article:modified_time\" content=\"2025-08-20T08:52:29+00:00\" \/>\n<meta property=\"og:image\" content=\"https:\/\/www.salzburger-seenland.at\/wp-content\/uploads\/2023\/05\/SalzburgrSeenland_Neumarkt_Bauernherbst1.jpg\" \/>\n\t<meta property=\"og:image:width\" content=\"1280\" \/>\n\t<meta property=\"og:image:height\" content=\"851\" \/>\n\t<meta property=\"og:image:type\" content=\"image\/jpeg\" \/>\n<meta name=\"twitter:card\" content=\"summary_large_image\" \/>\n<meta name=\"twitter:label1\" content=\"Estimated reading time\" \/>\n\t<meta name=\"twitter:data1\" content=\"3 minutes\" \/>\n<script type=\"application\/ld+json\" class=\"yoast-schema-graph\">{\"@context\":\"https:\\\/\\\/schema.org\",\"@graph\":[{\"@type\":\"WebPage\",\"@id\":\"https:\\\/\\\/www.salzburger-seenland.at\\\/erlebnis-freizeit\\\/bauernherbst\",\"url\":\"https:\\\/\\\/www.salzburger-seenland.at\\\/erlebnis-freizeit\\\/bauernherbst\",\"name\":\"Bauernherbst - Salzburger Seenland\",\"isPartOf\":{\"@id\":\"https:\\\/\\\/www.salzburger-seenland.at\\\/#website\"},\"primaryImageOfPage\":{\"@id\":\"https:\\\/\\\/www.salzburger-seenland.at\\\/erlebnis-freizeit\\\/bauernherbst#primaryimage\"},\"image\":{\"@id\":\"https:\\\/\\\/www.salzburger-seenland.at\\\/erlebnis-freizeit\\\/bauernherbst#primaryimage\"},\"thumbnailUrl\":\"https:\\\/\\\/www.salzburger-seenland.at\\\/wp-content\\\/uploads\\\/2023\\\/05\\\/SalzburgrSeenland_Neumarkt_Bauernherbst1.jpg\",\"datePublished\":\"2023-05-15T17:24:49+00:00\",\"dateModified\":\"2025-08-20T08:52:29+00:00\",\"description\":\"Das Bauernherbst-Programm im Salzburger Seenland wird dominiert von traditionellem Handwerk \u2013 ob Kr\u00e4uterexpertin, Kugelm\u00fcller oder Schmied\u00a0 - sie teilen Ihr traditionelles Wissen mit interessierten Besuchern. Die Seenland Garten Roas.\",\"breadcrumb\":{\"@id\":\"https:\\\/\\\/www.salzburger-seenland.at\\\/erlebnis-freizeit\\\/bauernherbst#breadcrumb\"},\"inLanguage\":\"en-GB\",\"potentialAction\":[{\"@type\":\"ReadAction\",\"target\":[\"https:\\\/\\\/www.salzburger-seenland.at\\\/erlebnis-freizeit\\\/bauernherbst\"]}]},{\"@type\":\"ImageObject\",\"inLanguage\":\"en-GB\",\"@id\":\"https:\\\/\\\/www.salzburger-seenland.at\\\/erlebnis-freizeit\\\/bauernherbst#primaryimage\",\"url\":\"https:\\\/\\\/www.salzburger-seenland.at\\\/wp-content\\\/uploads\\\/2023\\\/05\\\/SalzburgrSeenland_Neumarkt_Bauernherbst1.jpg\",\"contentUrl\":\"https:\\\/\\\/www.salzburger-seenland.at\\\/wp-content\\\/uploads\\\/2023\\\/05\\\/SalzburgrSeenland_Neumarkt_Bauernherbst1.jpg\",\"width\":1280,\"height\":851,\"caption\":\"SalzburgrSeenland Neumarkt Bauernherbst\"},{\"@type\":\"BreadcrumbList\",\"@id\":\"https:\\\/\\\/www.salzburger-seenland.at\\\/erlebnis-freizeit\\\/bauernherbst#breadcrumb\",\"itemListElement\":[{\"@type\":\"ListItem\",\"position\":1,\"name\":\"Startseite\",\"item\":\"https:\\\/\\\/www.salzburger-seenland.at\\\/\"},{\"@type\":\"ListItem\",\"position\":2,\"name\":\"Erlebnis &#038; Freizeit\",\"item\":\"https:\\\/\\\/www.salzburger-seenland.at\\\/erlebnis-freizeit\"},{\"@type\":\"ListItem\",\"position\":3,\"name\":\"Bauernherbst\"}]},{\"@type\":\"WebSite\",\"@id\":\"https:\\\/\\\/www.salzburger-seenland.at\\\/#website\",\"url\":\"https:\\\/\\\/www.salzburger-seenland.at\\\/\",\"name\":\"Salzburger Seenland\",\"description\":\"eintauchen erleben genie\u00dfen\",\"publisher\":{\"@id\":\"https:\\\/\\\/www.salzburger-seenland.at\\\/#organization\"},\"potentialAction\":[{\"@type\":\"SearchAction\",\"target\":{\"@type\":\"EntryPoint\",\"urlTemplate\":\"https:\\\/\\\/www.salzburger-seenland.at\\\/?s={search_term_string}\"},\"query-input\":{\"@type\":\"PropertyValueSpecification\",\"valueRequired\":true,\"valueName\":\"search_term_string\"}}],\"inLanguage\":\"en-GB\"},{\"@type\":\"Organization\",\"@id\":\"https:\\\/\\\/www.salzburger-seenland.at\\\/#organization\",\"name\":\"Seenland Tourismus GmbH\",\"alternateName\":\"Salzburger Seenland\",\"url\":\"https:\\\/\\\/www.salzburger-seenland.at\\\/\",\"logo\":{\"@type\":\"ImageObject\",\"inLanguage\":\"en-GB\",\"@id\":\"https:\\\/\\\/www.salzburger-seenland.at\\\/#\\\/schema\\\/logo\\\/image\\\/\",\"url\":\"https:\\\/\\\/www.salzburger-seenland.at\\\/wp-content\\\/uploads\\\/2023\\\/05\\\/salzburger-seenland_logo_rund_696x696.png\",\"contentUrl\":\"https:\\\/\\\/www.salzburger-seenland.at\\\/wp-content\\\/uploads\\\/2023\\\/05\\\/salzburger-seenland_logo_rund_696x696.png\",\"width\":696,\"height\":696,\"caption\":\"Seenland Tourismus GmbH\"},\"image\":{\"@id\":\"https:\\\/\\\/www.salzburger-seenland.at\\\/#\\\/schema\\\/logo\\\/image\\\/\"},\"sameAs\":[\"https:\\\/\\\/www.facebook.com\\\/seenland\",\"https:\\\/\\\/www.instagram.com\\\/salzburgerseenland\\\/\",\"https:\\\/\\\/www.youtube.com\\\/channel\\\/UCVEHCdkLG4WY7KMq8fS1XnQ\"]}]}<\/script>\n<!-- \/ Yoast SEO plugin. -->","yoast_head_json":{"title":"Bauernherbst - Salzburg Seenland","description":"The Farmers' Autumn programme at Salzburg's Seenland is dominated by traditional crafts - whether herb expert, ball miller or blacksmith - they share their traditional knowledge with interested visitors. The Seenland Garden Roas.","robots":{"index":"index","follow":"follow","max-snippet":"max-snippet:-1","max-image-preview":"max-image-preview:large","max-video-preview":"max-video-preview:-1"},"canonical":"https:\/\/www.salzburger-seenland.at\/en\/recreational-experience\/farmers-autumn\/","og_locale":"en_GB","og_type":"article","og_title":"Bauernherbst - Salzburger Seenland","og_description":"Das Bauernherbst-Programm im Salzburger Seenland wird dominiert von traditionellem Handwerk \u2013 ob Kr\u00e4uterexpertin, Kugelm\u00fcller oder Schmied\u00a0 - sie teilen Ihr traditionelles Wissen mit interessierten Besuchern. Die Seenland Garten Roas.","og_url":"https:\/\/www.salzburger-seenland.at\/en\/recreational-experience\/farmers-autumn\/","og_site_name":"Salzburger Seenland","article_publisher":"https:\/\/www.facebook.com\/seenland","article_modified_time":"2025-08-20T08:52:29+00:00","og_image":[{"width":1280,"height":851,"url":"https:\/\/www.salzburger-seenland.at\/wp-content\/uploads\/2023\/05\/SalzburgrSeenland_Neumarkt_Bauernherbst1.jpg","type":"image\/jpeg"}],"twitter_card":"summary_large_image","twitter_misc":{"Estimated reading time":"3 minutes"},"schema":{"@context":"https:\/\/schema.org","@graph":[{"@type":"WebPage","@id":"https:\/\/www.salzburger-seenland.at\/erlebnis-freizeit\/bauernherbst","url":"https:\/\/www.salzburger-seenland.at\/erlebnis-freizeit\/bauernherbst","name":"Bauernherbst - Salzburg Seenland","isPartOf":{"@id":"https:\/\/www.salzburger-seenland.at\/#website"},"primaryImageOfPage":{"@id":"https:\/\/www.salzburger-seenland.at\/erlebnis-freizeit\/bauernherbst#primaryimage"},"image":{"@id":"https:\/\/www.salzburger-seenland.at\/erlebnis-freizeit\/bauernherbst#primaryimage"},"thumbnailUrl":"https:\/\/www.salzburger-seenland.at\/wp-content\/uploads\/2023\/05\/SalzburgrSeenland_Neumarkt_Bauernherbst1.jpg","datePublished":"2023-05-15T17:24:49+00:00","dateModified":"2025-08-20T08:52:29+00:00","description":"The Farmers' Autumn programme at Salzburg's Seenland is dominated by traditional crafts - whether herb expert, ball miller or blacksmith - they share their traditional knowledge with interested visitors. The Seenland Garden Roas.","breadcrumb":{"@id":"https:\/\/www.salzburger-seenland.at\/erlebnis-freizeit\/bauernherbst#breadcrumb"},"inLanguage":"en-GB","potentialAction":[{"@type":"ReadAction","target":["https:\/\/www.salzburger-seenland.at\/erlebnis-freizeit\/bauernherbst"]}]},{"@type":"ImageObject","inLanguage":"en-GB","@id":"https:\/\/www.salzburger-seenland.at\/erlebnis-freizeit\/bauernherbst#primaryimage","url":"https:\/\/www.salzburger-seenland.at\/wp-content\/uploads\/2023\/05\/SalzburgrSeenland_Neumarkt_Bauernherbst1.jpg","contentUrl":"https:\/\/www.salzburger-seenland.at\/wp-content\/uploads\/2023\/05\/SalzburgrSeenland_Neumarkt_Bauernherbst1.jpg","width":1280,"height":851,"caption":"SalzburgrSeenland Neumarkt Bauernherbst"},{"@type":"BreadcrumbList","@id":"https:\/\/www.salzburger-seenland.at\/erlebnis-freizeit\/bauernherbst#breadcrumb","itemListElement":[{"@type":"ListItem","position":1,"name":"Startseite","item":"https:\/\/www.salzburger-seenland.at\/"},{"@type":"ListItem","position":2,"name":"Erlebnis &#038; Freizeit","item":"https:\/\/www.salzburger-seenland.at\/erlebnis-freizeit"},{"@type":"ListItem","position":3,"name":"Bauernherbst"}]},{"@type":"WebSite","@id":"https:\/\/www.salzburger-seenland.at\/#website","url":"https:\/\/www.salzburger-seenland.at\/","name":"Salzburg Seenland","description":"immerse experience enjoy","publisher":{"@id":"https:\/\/www.salzburger-seenland.at\/#organization"},"potentialAction":[{"@type":"SearchAction","target":{"@type":"EntryPoint","urlTemplate":"https:\/\/www.salzburger-seenland.at\/?s={search_term_string}"},"query-input":{"@type":"PropertyValueSpecification","valueRequired":true,"valueName":"search_term_string"}}],"inLanguage":"en-GB"},{"@type":"Organization","@id":"https:\/\/www.salzburger-seenland.at\/#organization","name":"Seenland Tourism Ltd.","alternateName":"Salzburger Seenland","url":"https:\/\/www.salzburger-seenland.at\/","logo":{"@type":"ImageObject","inLanguage":"en-GB","@id":"https:\/\/www.salzburger-seenland.at\/#\/schema\/logo\/image\/","url":"https:\/\/www.salzburger-seenland.at\/wp-content\/uploads\/2023\/05\/salzburger-seenland_logo_rund_696x696.png","contentUrl":"https:\/\/www.salzburger-seenland.at\/wp-content\/uploads\/2023\/05\/salzburger-seenland_logo_rund_696x696.png","width":696,"height":696,"caption":"Seenland Tourismus GmbH"},"image":{"@id":"https:\/\/www.salzburger-seenland.at\/#\/schema\/logo\/image\/"},"sameAs":["https:\/\/www.facebook.com\/seenland","https:\/\/www.instagram.com\/salzburgerseenland\/","https:\/\/www.youtube.com\/channel\/UCVEHCdkLG4WY7KMq8fS1XnQ"]}]}},"_links":{"self":[{"href":"https:\/\/www.salzburger-seenland.at\/en\/wp-json\/wp\/v2\/pages\/1815","targetHints":{"allow":["GET"]}}],"collection":[{"href":"https:\/\/www.salzburger-seenland.at\/en\/wp-json\/wp\/v2\/pages"}],"about":[{"href":"https:\/\/www.salzburger-seenland.at\/en\/wp-json\/wp\/v2\/types\/page"}],"author":[{"embeddable":true,"href":"https:\/\/www.salzburger-seenland.at\/en\/wp-json\/wp\/v2\/users\/3"}],"replies":[{"embeddable":true,"href":"https:\/\/www.salzburger-seenland.at\/en\/wp-json\/wp\/v2\/comments?post=1815"}],"version-history":[{"count":5,"href":"https:\/\/www.salzburger-seenland.at\/en\/wp-json\/wp\/v2\/pages\/1815\/revisions"}],"predecessor-version":[{"id":8428,"href":"https:\/\/www.salzburger-seenland.at\/en\/wp-json\/wp\/v2\/pages\/1815\/revisions\/8428"}],"up":[{"embeddable":true,"href":"https:\/\/www.salzburger-seenland.at\/en\/wp-json\/wp\/v2\/pages\/404"}],"wp:featuredmedia":[{"embeddable":true,"href":"https:\/\/www.salzburger-seenland.at\/en\/wp-json\/wp\/v2\/media\/1104"}],"wp:attachment":[{"href":"https:\/\/www.salzburger-seenland.at\/en\/wp-json\/wp\/v2\/media?parent=1815"}],"curies":[{"name":"wp","href":"https:\/\/api.w.org\/{rel}","templated":true}]}}