{"id":2108,"date":"2023-05-16T17:48:58","date_gmt":"2023-05-16T15:48:58","guid":{"rendered":"https:\/\/www.salzburger-seenland.at\/?page_id=2108"},"modified":"2026-03-09T10:18:28","modified_gmt":"2026-03-09T09:18:28","slug":"team","status":"publish","type":"page","link":"https:\/\/www.salzburger-seenland.at\/en\/service\/team","title":{"rendered":"Team"},"content":{"rendered":"<div class=\"lazyblock-zweifarbige-uberschrift-Z1piHbr wp-block-lazyblock-zweifarbige-uberschrift\"><div class=\"container\">\n  <h1 class=\"duo-heading alignleft\">\n  Your team from the \n  <br>\n  <span class=\"after-color\">Salzburg Seenland<\/span>\n<\/h1>\n<div style=\"clear:both;\"><\/div>\n<\/div><\/div>\n\n\n<p>The <strong>Seenland Tourism Team<\/strong> is available from <strong>Mon. - Thu. from 08:00 - 16:30 <\/strong>and <strong>Fridays from 08:00 - 13:00<\/strong> gladly at your disposal. Public holidays excluded.<br><\/p>\n\n\n\n<div class=\"wp-block-columns is-layout-flex wp-container-core-columns-is-layout-28f84493 wp-block-columns-is-layout-flex\">\n<div class=\"wp-block-column is-layout-flow wp-block-column-is-layout-flow\">\n<div class=\"wp-block-media-text alignwide is-stacked-on-mobile\" style=\"grid-template-columns:20% auto\"><figure class=\"wp-block-media-text__media\"><img loading=\"lazy\" decoding=\"async\" width=\"250\" height=\"249\" src=\"https:\/\/www.salzburger-seenland.at\/wp-content\/uploads\/2023\/05\/2022_seenland-team_manuela-bacher.jpg\" alt=\"Manuela BacherManagement\" class=\"wp-image-2113 size-full\" srcset=\"https:\/\/www.salzburger-seenland.at\/wp-content\/uploads\/2023\/05\/2022_seenland-team_manuela-bacher.jpg 250w, https:\/\/www.salzburger-seenland.at\/wp-content\/uploads\/2023\/05\/2022_seenland-team_manuela-bacher-150x150.jpg 150w\" sizes=\"auto, (max-width: 250px) 100vw, 250px\" \/><\/figure><div class=\"wp-block-media-text__content\">\n<p><strong>Manuela Bacher<\/strong><br>Management<\/p>\n\n\n\n<p>T: +43 6217 20220 - 12<br>E:&nbsp;<a href=\"mailto:m.bacher@salzburger-seenland.at\">m.bacher@salzburger-seenland.at<\/a><\/p>\n<\/div><\/div>\n\n\n\n<div class=\"wp-block-media-text alignwide is-stacked-on-mobile\" style=\"grid-template-columns:20% auto\"><figure class=\"wp-block-media-text__media\"><img loading=\"lazy\" decoding=\"async\" width=\"250\" height=\"249\" src=\"https:\/\/www.salzburger-seenland.at\/wp-content\/uploads\/2026\/03\/2026_seenland-team_andrea-stockinger.jpg\" alt=\"Andrea Stockinger - Team Salzburger Seenland Tourismus GmbH\" class=\"wp-image-9524 size-full\" srcset=\"https:\/\/www.salzburger-seenland.at\/wp-content\/uploads\/2026\/03\/2026_seenland-team_andrea-stockinger.jpg 250w, https:\/\/www.salzburger-seenland.at\/wp-content\/uploads\/2026\/03\/2026_seenland-team_andrea-stockinger-150x150.jpg 150w, https:\/\/www.salzburger-seenland.at\/wp-content\/uploads\/2026\/03\/2026_seenland-team_andrea-stockinger-12x12.jpg 12w\" sizes=\"auto, (max-width: 250px) 100vw, 250px\" \/><\/figure><div class=\"wp-block-media-text__content\">\n<p><strong>Andrea Stockinger<\/strong><br>Marketing Assistant<\/p>\n\n\n\n<p>T: +43 6217 20220 - 13<br>E:&nbsp;<a href=\"mailto:h.stockinger@salzburger-seenland.at\">marketing@salzburger-seenland.at<\/a><\/p>\n<\/div><\/div>\n\n\n\n<div class=\"wp-block-media-text alignwide is-stacked-on-mobile\" style=\"grid-template-columns:20% auto\"><figure class=\"wp-block-media-text__media\"><img loading=\"lazy\" decoding=\"async\" width=\"250\" height=\"249\" src=\"https:\/\/www.salzburger-seenland.at\/wp-content\/uploads\/2023\/05\/2022_seenland-team_johanna-hemetsberger.jpg\" alt=\"Johanna HemetsbergerAssistance\" class=\"wp-image-2115 size-full\" srcset=\"https:\/\/www.salzburger-seenland.at\/wp-content\/uploads\/2023\/05\/2022_seenland-team_johanna-hemetsberger.jpg 250w, https:\/\/www.salzburger-seenland.at\/wp-content\/uploads\/2023\/05\/2022_seenland-team_johanna-hemetsberger-150x150.jpg 150w\" sizes=\"auto, (max-width: 250px) 100vw, 250px\" \/><\/figure><div class=\"wp-block-media-text__content\">\n<p><strong>Johanna Hemetsberger<\/strong><br>Assistance<\/p>\n\n\n\n<p>T: +43 6217 20220<br>E:&nbsp;<a href=\"mailto:j.hemetsberger@salzburger-seenland.at\">j.hemetsberger@salzburger-seenland.at<\/a><\/p>\n<\/div><\/div>\n\n\n\n<div class=\"wp-block-media-text alignwide is-stacked-on-mobile\" style=\"grid-template-columns:20% auto\"><figure class=\"wp-block-media-text__media\"><img loading=\"lazy\" decoding=\"async\" width=\"250\" height=\"249\" src=\"https:\/\/www.salzburger-seenland.at\/wp-content\/uploads\/2023\/05\/2022_seenland-team_hilde-stockinger.jpg\" alt=\"Hilde StockingerGuest Service\" class=\"wp-image-2116 size-full\" srcset=\"https:\/\/www.salzburger-seenland.at\/wp-content\/uploads\/2023\/05\/2022_seenland-team_hilde-stockinger.jpg 250w, https:\/\/www.salzburger-seenland.at\/wp-content\/uploads\/2023\/05\/2022_seenland-team_hilde-stockinger-150x150.jpg 150w\" sizes=\"auto, (max-width: 250px) 100vw, 250px\" \/><\/figure><div class=\"wp-block-media-text__content\">\n<p><strong>Hilde Stockinger<\/strong><br>Guest Service<\/p>\n\n\n\n<p>T: +43 6217 20220 - 11<br>E:&nbsp;<a href=\"mailto:h.stockinger@salzburger-seenland.at\">h.stockinger@salzburger-seenland.at<\/a><\/p>\n<\/div><\/div>\n<\/div>\n\n\n\n<div class=\"wp-block-column is-layout-flow wp-block-column-is-layout-flow\">\n<figure class=\"wp-block-image size-full is-style-default rounded\"><img loading=\"lazy\" decoding=\"async\" width=\"600\" height=\"450\" src=\"https:\/\/www.salzburger-seenland.at\/wp-content\/uploads\/2023\/04\/2022_seenland-team.jpg\" alt=\"The Salzburg Seenland team\" class=\"wp-image-34\" srcset=\"https:\/\/www.salzburger-seenland.at\/wp-content\/uploads\/2023\/04\/2022_seenland-team.jpg 600w, https:\/\/www.salzburger-seenland.at\/wp-content\/uploads\/2023\/04\/2022_seenland-team-300x225.jpg 300w, https:\/\/www.salzburger-seenland.at\/wp-content\/uploads\/2023\/04\/2022_seenland-team-350x263.jpg 350w\" sizes=\"auto, (max-width: 600px) 100vw, 600px\" \/><\/figure>\n<\/div>\n<\/div>\n\n\n\n<div style=\"height:100px\" aria-hidden=\"true\" class=\"wp-block-spacer\"><\/div>\n\n\n\n<div class=\"wp-block-columns is-layout-flex wp-container-core-columns-is-layout-28f84493 wp-block-columns-is-layout-flex\">\n<div class=\"wp-block-column is-layout-flow wp-block-column-is-layout-flow\"><div class=\"lazyblock-zweifarbige-uberschrift-1tgicX wp-block-lazyblock-zweifarbige-uberschrift\"><div class=\"container\">\n  <h2 class=\"duo-heading alignleft\">\n  Our team in the \n  <br>\n  <span class=\"after-color\">Tourism offices on site<\/span>\n<\/h2>\n<div style=\"clear:both;\"><\/div>\n<\/div><\/div>\n\n\n<p><strong>Seenland Tourism Team<\/strong> &amp; <strong>Tourism Association Colleagues<\/strong> from the tourist resorts in Salzburg Seenland.<\/p>\n\n\n\n<p><strong>Contact details and opening hours of our T<strong>our Tourism Association colleagues<\/strong><\/strong> can be found at the end of the place presentation under <a href=\"https:\/\/www.salzburger-seenland.at\/en\/our-places\/\"><strong>Our 15 places<\/strong><\/a> and the respective name of the place.<\/p>\n<\/div>\n\n\n\n<div class=\"wp-block-column is-layout-flow wp-block-column-is-layout-flow\">\n<figure class=\"wp-block-image size-full is-style-default rounded\"><img loading=\"lazy\" decoding=\"async\" width=\"600\" height=\"450\" src=\"https:\/\/www.salzburger-seenland.at\/wp-content\/uploads\/2024\/06\/2024_tvb-team_seenland.jpg\" alt=\"The TVB team in Salzburg Seenland\" class=\"wp-image-6157\" srcset=\"https:\/\/www.salzburger-seenland.at\/wp-content\/uploads\/2024\/06\/2024_tvb-team_seenland.jpg 600w, https:\/\/www.salzburger-seenland.at\/wp-content\/uploads\/2024\/06\/2024_tvb-team_seenland-300x225.jpg 300w, https:\/\/www.salzburger-seenland.at\/wp-content\/uploads\/2024\/06\/2024_tvb-team_seenland-16x12.jpg 16w, https:\/\/www.salzburger-seenland.at\/wp-content\/uploads\/2024\/06\/2024_tvb-team_seenland-350x263.jpg 350w\" sizes=\"auto, (max-width: 600px) 100vw, 600px\" \/><\/figure>\n<\/div>\n<\/div>","protected":false},"excerpt":{"rendered":"<p>Das Seenland Tourismus-Team steht Ihnen von Mo. &#8211; Do. von 08:00 &#8211; 16:30 Uhr und freitags von 08:00 &#8211; 13 Uhr gerne zur Verf\u00fcgung. Feiertage ausgenommen. Manuela BacherGesch\u00e4ftsf\u00fchrung T: +43 6217 20220 &#8211; 12E:&nbsp;m.bacher@salzburger-seenland.at Andrea StockingerMarketing-Assistentin T: +43 6217 20220 &#8211; 13E:&nbsp;marketing@salzburger-seenland.at Johanna HemetsbergerAssistenz T: +43 6217 20220E:&nbsp;j.hemetsberger@salzburger-seenland.at Hilde StockingerG\u00e4steservice T: +43 6217 20220 &#8211; [&hellip;]<\/p>\n","protected":false},"author":1,"featured_media":34,"parent":918,"menu_order":0,"comment_status":"closed","ping_status":"closed","template":"page-no-hero.php","meta":{"footnotes":""},"class_list":["post-2108","page","type-page","status-publish","has-post-thumbnail","hentry"],"yoast_head":"<!-- This site is optimized with the Yoast SEO plugin v27.4 - https:\/\/yoast.com\/product\/yoast-seo-wordpress\/ -->\n<title>Team - Salzburger Seenland<\/title>\n<meta name=\"description\" content=\"Das Seenland Tourismus Team &amp; Tourismusverbands-Kolleginnen und -Kollegen aus den Tourismusorten im Salzburger Seenland.\" \/>\n<meta name=\"robots\" content=\"index, follow, max-snippet:-1, max-image-preview:large, max-video-preview:-1\" \/>\n<link rel=\"canonical\" href=\"https:\/\/www.salzburger-seenland.at\/en\/service\/team\/\" \/>\n<meta property=\"og:locale\" content=\"en_GB\" \/>\n<meta property=\"og:type\" content=\"article\" \/>\n<meta property=\"og:title\" content=\"Team - Salzburger Seenland\" \/>\n<meta property=\"og:description\" content=\"Das Seenland Tourismus Team &amp; Tourismusverbands-Kolleginnen und -Kollegen aus den Tourismusorten im Salzburger Seenland.\" \/>\n<meta property=\"og:url\" content=\"https:\/\/www.salzburger-seenland.at\/en\/service\/team\/\" \/>\n<meta property=\"og:site_name\" content=\"Salzburger Seenland\" \/>\n<meta property=\"article:publisher\" content=\"https:\/\/www.facebook.com\/seenland\" \/>\n<meta property=\"article:modified_time\" content=\"2026-03-09T09:18:28+00:00\" \/>\n<meta property=\"og:image\" content=\"https:\/\/www.salzburger-seenland.at\/wp-content\/uploads\/2023\/04\/2022_seenland-team.jpg\" \/>\n\t<meta property=\"og:image:width\" content=\"600\" \/>\n\t<meta property=\"og:image:height\" content=\"450\" \/>\n\t<meta property=\"og:image:type\" content=\"image\/jpeg\" \/>\n<meta name=\"twitter:card\" content=\"summary_large_image\" \/>\n<meta name=\"twitter:label1\" content=\"Estimated reading time\" \/>\n\t<meta name=\"twitter:data1\" content=\"3 minutes\" \/>\n<script type=\"application\/ld+json\" class=\"yoast-schema-graph\">{\"@context\":\"https:\\\/\\\/schema.org\",\"@graph\":[{\"@type\":\"WebPage\",\"@id\":\"https:\\\/\\\/www.salzburger-seenland.at\\\/service\\\/team\",\"url\":\"https:\\\/\\\/www.salzburger-seenland.at\\\/service\\\/team\",\"name\":\"Team - Salzburger Seenland\",\"isPartOf\":{\"@id\":\"https:\\\/\\\/www.salzburger-seenland.at\\\/#website\"},\"primaryImageOfPage\":{\"@id\":\"https:\\\/\\\/www.salzburger-seenland.at\\\/service\\\/team#primaryimage\"},\"image\":{\"@id\":\"https:\\\/\\\/www.salzburger-seenland.at\\\/service\\\/team#primaryimage\"},\"thumbnailUrl\":\"https:\\\/\\\/www.salzburger-seenland.at\\\/wp-content\\\/uploads\\\/2023\\\/04\\\/2022_seenland-team.jpg\",\"datePublished\":\"2023-05-16T15:48:58+00:00\",\"dateModified\":\"2026-03-09T09:18:28+00:00\",\"description\":\"Das Seenland Tourismus Team & Tourismusverbands-Kolleginnen und -Kollegen aus den Tourismusorten im Salzburger Seenland.\",\"breadcrumb\":{\"@id\":\"https:\\\/\\\/www.salzburger-seenland.at\\\/service\\\/team#breadcrumb\"},\"inLanguage\":\"en-GB\",\"potentialAction\":[{\"@type\":\"ReadAction\",\"target\":[\"https:\\\/\\\/www.salzburger-seenland.at\\\/service\\\/team\"]}]},{\"@type\":\"ImageObject\",\"inLanguage\":\"en-GB\",\"@id\":\"https:\\\/\\\/www.salzburger-seenland.at\\\/service\\\/team#primaryimage\",\"url\":\"https:\\\/\\\/www.salzburger-seenland.at\\\/wp-content\\\/uploads\\\/2023\\\/04\\\/2022_seenland-team.jpg\",\"contentUrl\":\"https:\\\/\\\/www.salzburger-seenland.at\\\/wp-content\\\/uploads\\\/2023\\\/04\\\/2022_seenland-team.jpg\",\"width\":600,\"height\":450,\"caption\":\"Das Team des Salzburger Seenlands\"},{\"@type\":\"BreadcrumbList\",\"@id\":\"https:\\\/\\\/www.salzburger-seenland.at\\\/service\\\/team#breadcrumb\",\"itemListElement\":[{\"@type\":\"ListItem\",\"position\":1,\"name\":\"Startseite\",\"item\":\"https:\\\/\\\/www.salzburger-seenland.at\\\/\"},{\"@type\":\"ListItem\",\"position\":2,\"name\":\"Service\",\"item\":\"https:\\\/\\\/www.salzburger-seenland.at\\\/service\"},{\"@type\":\"ListItem\",\"position\":3,\"name\":\"Team\"}]},{\"@type\":\"WebSite\",\"@id\":\"https:\\\/\\\/www.salzburger-seenland.at\\\/#website\",\"url\":\"https:\\\/\\\/www.salzburger-seenland.at\\\/\",\"name\":\"Salzburger Seenland\",\"description\":\"eintauchen erleben genie\u00dfen\",\"publisher\":{\"@id\":\"https:\\\/\\\/www.salzburger-seenland.at\\\/#organization\"},\"potentialAction\":[{\"@type\":\"SearchAction\",\"target\":{\"@type\":\"EntryPoint\",\"urlTemplate\":\"https:\\\/\\\/www.salzburger-seenland.at\\\/?s={search_term_string}\"},\"query-input\":{\"@type\":\"PropertyValueSpecification\",\"valueRequired\":true,\"valueName\":\"search_term_string\"}}],\"inLanguage\":\"en-GB\"},{\"@type\":\"Organization\",\"@id\":\"https:\\\/\\\/www.salzburger-seenland.at\\\/#organization\",\"name\":\"Seenland Tourismus GmbH\",\"alternateName\":\"Salzburger Seenland\",\"url\":\"https:\\\/\\\/www.salzburger-seenland.at\\\/\",\"logo\":{\"@type\":\"ImageObject\",\"inLanguage\":\"en-GB\",\"@id\":\"https:\\\/\\\/www.salzburger-seenland.at\\\/#\\\/schema\\\/logo\\\/image\\\/\",\"url\":\"https:\\\/\\\/www.salzburger-seenland.at\\\/wp-content\\\/uploads\\\/2023\\\/05\\\/salzburger-seenland_logo_rund_696x696.png\",\"contentUrl\":\"https:\\\/\\\/www.salzburger-seenland.at\\\/wp-content\\\/uploads\\\/2023\\\/05\\\/salzburger-seenland_logo_rund_696x696.png\",\"width\":696,\"height\":696,\"caption\":\"Seenland Tourismus GmbH\"},\"image\":{\"@id\":\"https:\\\/\\\/www.salzburger-seenland.at\\\/#\\\/schema\\\/logo\\\/image\\\/\"},\"sameAs\":[\"https:\\\/\\\/www.facebook.com\\\/seenland\",\"https:\\\/\\\/www.instagram.com\\\/salzburgerseenland\\\/\",\"https:\\\/\\\/www.youtube.com\\\/channel\\\/UCVEHCdkLG4WY7KMq8fS1XnQ\"]}]}<\/script>\n<!-- \/ Yoast SEO plugin. -->","yoast_head_json":{"title":"Team - Salzburg Seenland","description":"The Seenland Tourism Team &amp; Tourism Association colleagues from the tourism resorts in Salzburg Seenland.","robots":{"index":"index","follow":"follow","max-snippet":"max-snippet:-1","max-image-preview":"max-image-preview:large","max-video-preview":"max-video-preview:-1"},"canonical":"https:\/\/www.salzburger-seenland.at\/en\/service\/team\/","og_locale":"en_GB","og_type":"article","og_title":"Team - Salzburger Seenland","og_description":"Das Seenland Tourismus Team & Tourismusverbands-Kolleginnen und -Kollegen aus den Tourismusorten im Salzburger Seenland.","og_url":"https:\/\/www.salzburger-seenland.at\/en\/service\/team\/","og_site_name":"Salzburger Seenland","article_publisher":"https:\/\/www.facebook.com\/seenland","article_modified_time":"2026-03-09T09:18:28+00:00","og_image":[{"width":600,"height":450,"url":"https:\/\/www.salzburger-seenland.at\/wp-content\/uploads\/2023\/04\/2022_seenland-team.jpg","type":"image\/jpeg"}],"twitter_card":"summary_large_image","twitter_misc":{"Estimated reading time":"3 minutes"},"schema":{"@context":"https:\/\/schema.org","@graph":[{"@type":"WebPage","@id":"https:\/\/www.salzburger-seenland.at\/service\/team","url":"https:\/\/www.salzburger-seenland.at\/service\/team","name":"Team - Salzburg Seenland","isPartOf":{"@id":"https:\/\/www.salzburger-seenland.at\/#website"},"primaryImageOfPage":{"@id":"https:\/\/www.salzburger-seenland.at\/service\/team#primaryimage"},"image":{"@id":"https:\/\/www.salzburger-seenland.at\/service\/team#primaryimage"},"thumbnailUrl":"https:\/\/www.salzburger-seenland.at\/wp-content\/uploads\/2023\/04\/2022_seenland-team.jpg","datePublished":"2023-05-16T15:48:58+00:00","dateModified":"2026-03-09T09:18:28+00:00","description":"The Seenland Tourism Team &amp; Tourism Association colleagues from the tourism resorts in Salzburg Seenland.","breadcrumb":{"@id":"https:\/\/www.salzburger-seenland.at\/service\/team#breadcrumb"},"inLanguage":"en-GB","potentialAction":[{"@type":"ReadAction","target":["https:\/\/www.salzburger-seenland.at\/service\/team"]}]},{"@type":"ImageObject","inLanguage":"en-GB","@id":"https:\/\/www.salzburger-seenland.at\/service\/team#primaryimage","url":"https:\/\/www.salzburger-seenland.at\/wp-content\/uploads\/2023\/04\/2022_seenland-team.jpg","contentUrl":"https:\/\/www.salzburger-seenland.at\/wp-content\/uploads\/2023\/04\/2022_seenland-team.jpg","width":600,"height":450,"caption":"Das Team des Salzburger Seenlands"},{"@type":"BreadcrumbList","@id":"https:\/\/www.salzburger-seenland.at\/service\/team#breadcrumb","itemListElement":[{"@type":"ListItem","position":1,"name":"Startseite","item":"https:\/\/www.salzburger-seenland.at\/"},{"@type":"ListItem","position":2,"name":"Service","item":"https:\/\/www.salzburger-seenland.at\/service"},{"@type":"ListItem","position":3,"name":"Team"}]},{"@type":"WebSite","@id":"https:\/\/www.salzburger-seenland.at\/#website","url":"https:\/\/www.salzburger-seenland.at\/","name":"Salzburg Seenland","description":"immerse experience enjoy","publisher":{"@id":"https:\/\/www.salzburger-seenland.at\/#organization"},"potentialAction":[{"@type":"SearchAction","target":{"@type":"EntryPoint","urlTemplate":"https:\/\/www.salzburger-seenland.at\/?s={search_term_string}"},"query-input":{"@type":"PropertyValueSpecification","valueRequired":true,"valueName":"search_term_string"}}],"inLanguage":"en-GB"},{"@type":"Organization","@id":"https:\/\/www.salzburger-seenland.at\/#organization","name":"Seenland Tourism Ltd.","alternateName":"Salzburger Seenland","url":"https:\/\/www.salzburger-seenland.at\/","logo":{"@type":"ImageObject","inLanguage":"en-GB","@id":"https:\/\/www.salzburger-seenland.at\/#\/schema\/logo\/image\/","url":"https:\/\/www.salzburger-seenland.at\/wp-content\/uploads\/2023\/05\/salzburger-seenland_logo_rund_696x696.png","contentUrl":"https:\/\/www.salzburger-seenland.at\/wp-content\/uploads\/2023\/05\/salzburger-seenland_logo_rund_696x696.png","width":696,"height":696,"caption":"Seenland Tourismus GmbH"},"image":{"@id":"https:\/\/www.salzburger-seenland.at\/#\/schema\/logo\/image\/"},"sameAs":["https:\/\/www.facebook.com\/seenland","https:\/\/www.instagram.com\/salzburgerseenland\/","https:\/\/www.youtube.com\/channel\/UCVEHCdkLG4WY7KMq8fS1XnQ"]}]}},"_links":{"self":[{"href":"https:\/\/www.salzburger-seenland.at\/en\/wp-json\/wp\/v2\/pages\/2108","targetHints":{"allow":["GET"]}}],"collection":[{"href":"https:\/\/www.salzburger-seenland.at\/en\/wp-json\/wp\/v2\/pages"}],"about":[{"href":"https:\/\/www.salzburger-seenland.at\/en\/wp-json\/wp\/v2\/types\/page"}],"author":[{"embeddable":true,"href":"https:\/\/www.salzburger-seenland.at\/en\/wp-json\/wp\/v2\/users\/1"}],"replies":[{"embeddable":true,"href":"https:\/\/www.salzburger-seenland.at\/en\/wp-json\/wp\/v2\/comments?post=2108"}],"version-history":[{"count":5,"href":"https:\/\/www.salzburger-seenland.at\/en\/wp-json\/wp\/v2\/pages\/2108\/revisions"}],"predecessor-version":[{"id":9525,"href":"https:\/\/www.salzburger-seenland.at\/en\/wp-json\/wp\/v2\/pages\/2108\/revisions\/9525"}],"up":[{"embeddable":true,"href":"https:\/\/www.salzburger-seenland.at\/en\/wp-json\/wp\/v2\/pages\/918"}],"wp:featuredmedia":[{"embeddable":true,"href":"https:\/\/www.salzburger-seenland.at\/en\/wp-json\/wp\/v2\/media\/34"}],"wp:attachment":[{"href":"https:\/\/www.salzburger-seenland.at\/en\/wp-json\/wp\/v2\/media?parent=2108"}],"curies":[{"name":"wp","href":"https:\/\/api.w.org\/{rel}","templated":true}]}}