{"id":2138,"date":"2023-05-16T18:31:31","date_gmt":"2023-05-16T16:31:31","guid":{"rendered":"https:\/\/www.salzburger-seenland.at\/?page_id=2138"},"modified":"2023-05-20T10:19:51","modified_gmt":"2023-05-20T08:19:51","slug":"presse","status":"publish","type":"page","link":"https:\/\/www.salzburger-seenland.at\/en\/service\/press","title":{"rendered":"Press"},"content":{"rendered":"<div class=\"lazyblock-zweifarbige-uberschrift-27bJsI wp-block-lazyblock-zweifarbige-uberschrift\"><div class=\"container\">\n  <h1 class=\"duo-heading alignleft\">\n  Presse \n  \n  <span class=\"after-color\">Kontakt<\/span>\n<\/h1>\n<div style=\"clear:both;\"><\/div>\n<\/div><\/div>\n\n\n<p>Logos, Pressebilder und Pressetexte erhalten Sie vom direkt vom Team des Salzburger Seenlands. <\/p>\n\n\n\n<p>Bei Anfragen wenden Sie sich bitte mit Ihrem Anliegen und Verwendungszweck an:&nbsp;<a href=\"mailto:marketing@salzburg.info?subject=Presse-Bilder\" target=\"_blank\" rel=\"noreferrer noopener\"><strong>info@salzburger-seenland.at<\/strong><\/a><\/p>\n\n\n\n<p>Bilder mit Urheberrecht &#8222;Salzburger Seenland&#8220; stehen f\u00fcr touristisches Marketing &#8211; f\u00fcr Online- oder Print-Zwecke grunds\u00e4tzlich kostenlos zur Verf\u00fcgung. F\u00fcr die kommerzielle Nutzung (Bewerbung von Produkten, Handelswaren und Dienstleistungen au\u00dferhalb der Tourismusbranche) stehen diese nicht zur Verf\u00fcgung. <\/p>\n\n\n\n<p>Unsere Bilder und Logos d\u00fcrfen an die notwendigen Gr\u00f6\u00dfenformate angepasst, jedoch inhaltlich und graphisch nicht ohne Einverst\u00e4ndnis ver\u00e4ndert werden. Die Bildquelle muss wie folgt angegeben werden: \u201eSalzburger Seenland GmbH\/Foto:[Urheber]\u201c bzw. auf Social Media bei Instagram \u201e@salzburgerseenland, [+ ggf. Fotograf]\u201c und Facebook \u201e@seenland, [+ ggf. Fotograf]\u201c.<\/p>\n\n\n\n<p>Sollten Sie Interesse an der Verwendung von Bildmaterial mit einem anderen Copyright haben, setzen Sie sich bitte direkt mit dem im Copyright-Hinweis angegebenen Inhaber in Verbindung.<\/p>\n","protected":false},"excerpt":{"rendered":"<p>Logos, Pressebilder und Pressetexte erhalten Sie vom direkt vom Team des Salzburger Seenlands. Bei Anfragen wenden Sie sich bitte mit Ihrem Anliegen und Verwendungszweck an:&nbsp;info@salzburger-seenland.at Bilder mit Urheberrecht &#8222;Salzburger Seenland&#8220; stehen f\u00fcr touristisches Marketing &#8211; f\u00fcr Online- oder Print-Zwecke grunds\u00e4tzlich kostenlos zur Verf\u00fcgung. F\u00fcr die kommerzielle Nutzung (Bewerbung von Produkten, Handelswaren und Dienstleistungen au\u00dferhalb der [&hellip;]<\/p>\n","protected":false},"author":1,"featured_media":30,"parent":918,"menu_order":0,"comment_status":"closed","ping_status":"closed","template":"page-no-hero.php","meta":{"footnotes":""},"class_list":["post-2138","page","type-page","status-publish","has-post-thumbnail","hentry"],"yoast_head":"<!-- This site is optimized with the Yoast SEO plugin v27.3 - https:\/\/yoast.com\/product\/yoast-seo-wordpress\/ -->\n<title>Presse - Salzburger Seenland<\/title>\n<meta name=\"description\" content=\"Logos, Pressebilder und Pressetexte erhalten Sie vom direkt vom Team des Salzburger Seenlands. Hier finden Sie alle Kontaktdaten, B2B &amp; Presse\" \/>\n<meta name=\"robots\" content=\"index, follow, max-snippet:-1, max-image-preview:large, max-video-preview:-1\" \/>\n<link rel=\"canonical\" href=\"https:\/\/www.salzburger-seenland.at\/en\/service\/press\/\" \/>\n<meta property=\"og:locale\" content=\"en_GB\" \/>\n<meta property=\"og:type\" content=\"article\" \/>\n<meta property=\"og:title\" content=\"Presse - Salzburger Seenland\" \/>\n<meta property=\"og:description\" content=\"Logos, Pressebilder und Pressetexte erhalten Sie vom direkt vom Team des Salzburger Seenlands. Hier finden Sie alle Kontaktdaten, B2B &amp; Presse\" \/>\n<meta property=\"og:url\" content=\"https:\/\/www.salzburger-seenland.at\/en\/service\/press\/\" \/>\n<meta property=\"og:site_name\" content=\"Salzburger Seenland\" \/>\n<meta property=\"article:publisher\" content=\"https:\/\/www.facebook.com\/seenland\" \/>\n<meta property=\"article:modified_time\" content=\"2023-05-20T08:19:51+00:00\" \/>\n<meta property=\"og:image\" content=\"https:\/\/www.salzburger-seenland.at\/wp-content\/uploads\/2023\/04\/STARTSEITE__MATTSEE_von_Ludwigshoehe-scaled.jpg\" \/>\n\t<meta property=\"og:image:width\" content=\"2560\" \/>\n\t<meta property=\"og:image:height\" content=\"1707\" \/>\n\t<meta property=\"og:image:type\" content=\"image\/jpeg\" \/>\n<meta name=\"twitter:card\" content=\"summary_large_image\" \/>\n<meta name=\"twitter:label1\" content=\"Estimated reading time\" \/>\n\t<meta name=\"twitter:data1\" content=\"1 minute\" \/>\n<script type=\"application\/ld+json\" class=\"yoast-schema-graph\">{\"@context\":\"https:\\\/\\\/schema.org\",\"@graph\":[{\"@type\":\"WebPage\",\"@id\":\"https:\\\/\\\/www.salzburger-seenland.at\\\/service\\\/presse\",\"url\":\"https:\\\/\\\/www.salzburger-seenland.at\\\/service\\\/presse\",\"name\":\"Presse - Salzburger Seenland\",\"isPartOf\":{\"@id\":\"https:\\\/\\\/www.salzburger-seenland.at\\\/#website\"},\"primaryImageOfPage\":{\"@id\":\"https:\\\/\\\/www.salzburger-seenland.at\\\/service\\\/presse#primaryimage\"},\"image\":{\"@id\":\"https:\\\/\\\/www.salzburger-seenland.at\\\/service\\\/presse#primaryimage\"},\"thumbnailUrl\":\"https:\\\/\\\/www.salzburger-seenland.at\\\/wp-content\\\/uploads\\\/2023\\\/04\\\/STARTSEITE__MATTSEE_von_Ludwigshoehe-scaled.jpg\",\"datePublished\":\"2023-05-16T16:31:31+00:00\",\"dateModified\":\"2023-05-20T08:19:51+00:00\",\"description\":\"Logos, Pressebilder und Pressetexte erhalten Sie vom direkt vom Team des Salzburger Seenlands. Hier finden Sie alle Kontaktdaten, B2B & Presse\",\"breadcrumb\":{\"@id\":\"https:\\\/\\\/www.salzburger-seenland.at\\\/service\\\/presse#breadcrumb\"},\"inLanguage\":\"en-GB\",\"potentialAction\":[{\"@type\":\"ReadAction\",\"target\":[\"https:\\\/\\\/www.salzburger-seenland.at\\\/service\\\/presse\"]}]},{\"@type\":\"ImageObject\",\"inLanguage\":\"en-GB\",\"@id\":\"https:\\\/\\\/www.salzburger-seenland.at\\\/service\\\/presse#primaryimage\",\"url\":\"https:\\\/\\\/www.salzburger-seenland.at\\\/wp-content\\\/uploads\\\/2023\\\/04\\\/STARTSEITE__MATTSEE_von_Ludwigshoehe-scaled.jpg\",\"contentUrl\":\"https:\\\/\\\/www.salzburger-seenland.at\\\/wp-content\\\/uploads\\\/2023\\\/04\\\/STARTSEITE__MATTSEE_von_Ludwigshoehe-scaled.jpg\",\"width\":2560,\"height\":1707,\"caption\":\"MATTSEE von Ludwigsh\u00f6he - Salzburger Seenland\"},{\"@type\":\"BreadcrumbList\",\"@id\":\"https:\\\/\\\/www.salzburger-seenland.at\\\/service\\\/presse#breadcrumb\",\"itemListElement\":[{\"@type\":\"ListItem\",\"position\":1,\"name\":\"Startseite\",\"item\":\"https:\\\/\\\/www.salzburger-seenland.at\\\/\"},{\"@type\":\"ListItem\",\"position\":2,\"name\":\"Service\",\"item\":\"https:\\\/\\\/www.salzburger-seenland.at\\\/service\"},{\"@type\":\"ListItem\",\"position\":3,\"name\":\"Presse\"}]},{\"@type\":\"WebSite\",\"@id\":\"https:\\\/\\\/www.salzburger-seenland.at\\\/#website\",\"url\":\"https:\\\/\\\/www.salzburger-seenland.at\\\/\",\"name\":\"Salzburger Seenland\",\"description\":\"eintauchen erleben genie\u00dfen\",\"publisher\":{\"@id\":\"https:\\\/\\\/www.salzburger-seenland.at\\\/#organization\"},\"potentialAction\":[{\"@type\":\"SearchAction\",\"target\":{\"@type\":\"EntryPoint\",\"urlTemplate\":\"https:\\\/\\\/www.salzburger-seenland.at\\\/?s={search_term_string}\"},\"query-input\":{\"@type\":\"PropertyValueSpecification\",\"valueRequired\":true,\"valueName\":\"search_term_string\"}}],\"inLanguage\":\"en-GB\"},{\"@type\":\"Organization\",\"@id\":\"https:\\\/\\\/www.salzburger-seenland.at\\\/#organization\",\"name\":\"Seenland Tourismus GmbH\",\"alternateName\":\"Salzburger Seenland\",\"url\":\"https:\\\/\\\/www.salzburger-seenland.at\\\/\",\"logo\":{\"@type\":\"ImageObject\",\"inLanguage\":\"en-GB\",\"@id\":\"https:\\\/\\\/www.salzburger-seenland.at\\\/#\\\/schema\\\/logo\\\/image\\\/\",\"url\":\"https:\\\/\\\/www.salzburger-seenland.at\\\/wp-content\\\/uploads\\\/2023\\\/05\\\/salzburger-seenland_logo_rund_696x696.png\",\"contentUrl\":\"https:\\\/\\\/www.salzburger-seenland.at\\\/wp-content\\\/uploads\\\/2023\\\/05\\\/salzburger-seenland_logo_rund_696x696.png\",\"width\":696,\"height\":696,\"caption\":\"Seenland Tourismus GmbH\"},\"image\":{\"@id\":\"https:\\\/\\\/www.salzburger-seenland.at\\\/#\\\/schema\\\/logo\\\/image\\\/\"},\"sameAs\":[\"https:\\\/\\\/www.facebook.com\\\/seenland\",\"https:\\\/\\\/www.instagram.com\\\/salzburgerseenland\\\/\",\"https:\\\/\\\/www.youtube.com\\\/channel\\\/UCVEHCdkLG4WY7KMq8fS1XnQ\"]}]}<\/script>\n<!-- \/ Yoast SEO plugin. -->","yoast_head_json":{"title":"Press - Salzburg Seenland","description":"Logos, press images and press releases are available directly from the Salzburg Seenland team. Here you will find all contact details, B2B &amp; Press","robots":{"index":"index","follow":"follow","max-snippet":"max-snippet:-1","max-image-preview":"max-image-preview:large","max-video-preview":"max-video-preview:-1"},"canonical":"https:\/\/www.salzburger-seenland.at\/en\/service\/press\/","og_locale":"en_GB","og_type":"article","og_title":"Presse - Salzburger Seenland","og_description":"Logos, Pressebilder und Pressetexte erhalten Sie vom direkt vom Team des Salzburger Seenlands. Hier finden Sie alle Kontaktdaten, B2B & Presse","og_url":"https:\/\/www.salzburger-seenland.at\/en\/service\/press\/","og_site_name":"Salzburger Seenland","article_publisher":"https:\/\/www.facebook.com\/seenland","article_modified_time":"2023-05-20T08:19:51+00:00","og_image":[{"width":2560,"height":1707,"url":"https:\/\/www.salzburger-seenland.at\/wp-content\/uploads\/2023\/04\/STARTSEITE__MATTSEE_von_Ludwigshoehe-scaled.jpg","type":"image\/jpeg"}],"twitter_card":"summary_large_image","twitter_misc":{"Estimated reading time":"1 minute"},"schema":{"@context":"https:\/\/schema.org","@graph":[{"@type":"WebPage","@id":"https:\/\/www.salzburger-seenland.at\/service\/presse","url":"https:\/\/www.salzburger-seenland.at\/service\/presse","name":"Press - Salzburg Seenland","isPartOf":{"@id":"https:\/\/www.salzburger-seenland.at\/#website"},"primaryImageOfPage":{"@id":"https:\/\/www.salzburger-seenland.at\/service\/presse#primaryimage"},"image":{"@id":"https:\/\/www.salzburger-seenland.at\/service\/presse#primaryimage"},"thumbnailUrl":"https:\/\/www.salzburger-seenland.at\/wp-content\/uploads\/2023\/04\/STARTSEITE__MATTSEE_von_Ludwigshoehe-scaled.jpg","datePublished":"2023-05-16T16:31:31+00:00","dateModified":"2023-05-20T08:19:51+00:00","description":"Logos, press images and press releases are available directly from the Salzburg Seenland team. Here you will find all contact details, B2B &amp; Press","breadcrumb":{"@id":"https:\/\/www.salzburger-seenland.at\/service\/presse#breadcrumb"},"inLanguage":"en-GB","potentialAction":[{"@type":"ReadAction","target":["https:\/\/www.salzburger-seenland.at\/service\/presse"]}]},{"@type":"ImageObject","inLanguage":"en-GB","@id":"https:\/\/www.salzburger-seenland.at\/service\/presse#primaryimage","url":"https:\/\/www.salzburger-seenland.at\/wp-content\/uploads\/2023\/04\/STARTSEITE__MATTSEE_von_Ludwigshoehe-scaled.jpg","contentUrl":"https:\/\/www.salzburger-seenland.at\/wp-content\/uploads\/2023\/04\/STARTSEITE__MATTSEE_von_Ludwigshoehe-scaled.jpg","width":2560,"height":1707,"caption":"MATTSEE von Ludwigsh\u00f6he - Salzburger Seenland"},{"@type":"BreadcrumbList","@id":"https:\/\/www.salzburger-seenland.at\/service\/presse#breadcrumb","itemListElement":[{"@type":"ListItem","position":1,"name":"Startseite","item":"https:\/\/www.salzburger-seenland.at\/"},{"@type":"ListItem","position":2,"name":"Service","item":"https:\/\/www.salzburger-seenland.at\/service"},{"@type":"ListItem","position":3,"name":"Presse"}]},{"@type":"WebSite","@id":"https:\/\/www.salzburger-seenland.at\/#website","url":"https:\/\/www.salzburger-seenland.at\/","name":"Salzburg Seenland","description":"immerse experience enjoy","publisher":{"@id":"https:\/\/www.salzburger-seenland.at\/#organization"},"potentialAction":[{"@type":"SearchAction","target":{"@type":"EntryPoint","urlTemplate":"https:\/\/www.salzburger-seenland.at\/?s={search_term_string}"},"query-input":{"@type":"PropertyValueSpecification","valueRequired":true,"valueName":"search_term_string"}}],"inLanguage":"en-GB"},{"@type":"Organization","@id":"https:\/\/www.salzburger-seenland.at\/#organization","name":"Seenland Tourism Ltd.","alternateName":"Salzburger Seenland","url":"https:\/\/www.salzburger-seenland.at\/","logo":{"@type":"ImageObject","inLanguage":"en-GB","@id":"https:\/\/www.salzburger-seenland.at\/#\/schema\/logo\/image\/","url":"https:\/\/www.salzburger-seenland.at\/wp-content\/uploads\/2023\/05\/salzburger-seenland_logo_rund_696x696.png","contentUrl":"https:\/\/www.salzburger-seenland.at\/wp-content\/uploads\/2023\/05\/salzburger-seenland_logo_rund_696x696.png","width":696,"height":696,"caption":"Seenland Tourismus GmbH"},"image":{"@id":"https:\/\/www.salzburger-seenland.at\/#\/schema\/logo\/image\/"},"sameAs":["https:\/\/www.facebook.com\/seenland","https:\/\/www.instagram.com\/salzburgerseenland\/","https:\/\/www.youtube.com\/channel\/UCVEHCdkLG4WY7KMq8fS1XnQ"]}]}},"_links":{"self":[{"href":"https:\/\/www.salzburger-seenland.at\/en\/wp-json\/wp\/v2\/pages\/2138","targetHints":{"allow":["GET"]}}],"collection":[{"href":"https:\/\/www.salzburger-seenland.at\/en\/wp-json\/wp\/v2\/pages"}],"about":[{"href":"https:\/\/www.salzburger-seenland.at\/en\/wp-json\/wp\/v2\/types\/page"}],"author":[{"embeddable":true,"href":"https:\/\/www.salzburger-seenland.at\/en\/wp-json\/wp\/v2\/users\/1"}],"replies":[{"embeddable":true,"href":"https:\/\/www.salzburger-seenland.at\/en\/wp-json\/wp\/v2\/comments?post=2138"}],"version-history":[{"count":4,"href":"https:\/\/www.salzburger-seenland.at\/en\/wp-json\/wp\/v2\/pages\/2138\/revisions"}],"predecessor-version":[{"id":2939,"href":"https:\/\/www.salzburger-seenland.at\/en\/wp-json\/wp\/v2\/pages\/2138\/revisions\/2939"}],"up":[{"embeddable":true,"href":"https:\/\/www.salzburger-seenland.at\/en\/wp-json\/wp\/v2\/pages\/918"}],"wp:featuredmedia":[{"embeddable":true,"href":"https:\/\/www.salzburger-seenland.at\/en\/wp-json\/wp\/v2\/media\/30"}],"wp:attachment":[{"href":"https:\/\/www.salzburger-seenland.at\/en\/wp-json\/wp\/v2\/media?parent=2138"}],"curies":[{"name":"wp","href":"https:\/\/api.w.org\/{rel}","templated":true}]}}