{"id":350,"date":"2023-04-25T08:08:42","date_gmt":"2023-04-25T06:08:42","guid":{"rendered":"https:\/\/www.salzburger-seenland.at\/?page_id=350"},"modified":"2024-07-15T13:35:31","modified_gmt":"2024-07-15T11:35:31","slug":"unsere-seen","status":"publish","type":"page","link":"https:\/\/www.salzburger-seenland.at\/en\/our-lakes","title":{"rendered":"Our lakes"},"content":{"rendered":"<div class=\"lazyblock-zweifarbige-uberschrift-11k85K wp-block-lazyblock-zweifarbige-uberschrift\"><div class=\"container\">\n  <h1 class=\"duo-heading alignleft\">\n  The 4 lakes in the \n  <br>\n  <span class=\"after-color\">Salzburg Seenland<\/span>\n<\/h1>\n<div style=\"clear:both;\"><\/div>\n<\/div><\/div>\n\n\n<p><strong>Mattsee, Grabensee<\/strong> and <strong>Obertrumer See:<\/strong> The \"Trumer Seen\" lakes together with the <strong>Wallersee <\/strong>the heart of Salzburg's Seenland north of the Mozart city of Salzburg.<\/p>\n\n\n\n<p>A large part of the idyllic riparian landscapes is covered by reeds and is under nature conservation - for example, the <strong>Wenger Moor<\/strong> at <strong>Wallersee<\/strong> has been listed as a Natura 2000 European nature reserve since 1996. This protected area of almost 300 hectares is a habitat for rare water birds such as grey herons, lapwings, curlews, ducks, great crested grebes or coots. Even the beavers have rediscovered the warm and fish-rich lakes as their habitat - the catfish, bream, pike, carp, eel and trout feel at home in the Wallersee.<\/p>\n\n\n\n<p><strong>Experience the lakes from a different angle<\/strong><\/p>\n\n\n\n<p>Looking across a lake and onto the shore from the water: Stand-up paddlers have the pleasure - as do recreation-seekers who let a lukewarm breeze blow around their noses on small boats or with the lake cruise on Mattsee and Obertrumer See. Fascination with water at any time of the day - with wonderful views, good air and all the splendour that nature offers us.<\/p>\n\n\n\n<p>Important information on motorboating and e-foils - see the instructions of the <a href=\"https:\/\/www.salzburg.gv.at\/themen\/verkehr\/schifffahrt\">Shipping<\/a><a href=\"https:\/\/www.salzburg.gv.at\/themen\/verkehr\/schifffahrt\" target=\"_blank\" rel=\"noreferrer noopener\">authority<\/a><\/p>\n\n\n<div class=\"lazyblock-sase-live-4-seen-Z2uy9rX wp-block-lazyblock-sase-live-4-seen\"><div id=\"livedata\" class=\"sase-block\">\r\n  <div class=\"container\">\r\n\t<div class=\"flex-grid live-data\">\r\n\t  <div class=\"flex-child live-head\"><img decoding=\"async\" class=\"b-lazy\" src=\"data:image\/gif;base64,R0lGODlhAQABAAAAACH5BAEKAAEALAAAAAABAAEAAAICTAEAOw==\" data-src=\"https:\/\/www.salzburger-seenland.at\/wp-content\/themes\/seenland-blocks\/assets\/img\/live-data.png\" width=\"28\" alt=\"LIVE DATA\" \/><\/div>\r\n\t  <div class=\"flex-child live-data-column-4 aligncenter\"><img decoding=\"async\" class=\"b-lazy\" src=\"data:image\/gif;base64,R0lGODlhAQABAAAAACH5BAEKAAEALAAAAAABAAEAAAICTAEAOw==\" data-src=\"https:\/\/www.salzburger-seenland.at\/wp-content\/themes\/seenland-blocks\/assets\/img\/laketemp-icon.png\" alt=\"Lake temperatures\" width=\"100\" \/><p><span class=\"live-value\">13.1 \u00b0C<\/span><br><span class=\"live-description\">Wallersee<\/span><\/p><\/div>\r\n\t  <div class=\"flex-child live-data-column-4 aligncenter\"><img decoding=\"async\" class=\"b-lazy\" src=\"data:image\/gif;base64,R0lGODlhAQABAAAAACH5BAEKAAEALAAAAAABAAEAAAICTAEAOw==\" data-src=\"https:\/\/www.salzburger-seenland.at\/wp-content\/themes\/seenland-blocks\/assets\/img\/laketemp-icon.png\" alt=\"Lake temperatures\" width=\"100\" \/><p><span class=\"live-value\">14.6 \u00b0C<\/span><br><span class=\"live-description\">Mattsee<\/span><\/p><\/div>\r\n\t  <div class=\"flex-child live-data-column-4 aligncenter\"><img decoding=\"async\" class=\"b-lazy\" src=\"data:image\/gif;base64,R0lGODlhAQABAAAAACH5BAEKAAEALAAAAAABAAEAAAICTAEAOw==\" data-src=\"https:\/\/www.salzburger-seenland.at\/wp-content\/themes\/seenland-blocks\/assets\/img\/laketemp-icon.png\" alt=\"Lake temperatures\" width=\"100\" \/><p><span class=\"live-value\">15 \u00b0C<\/span><br><span class=\"live-description\">Obertrumer See<\/span><\/p><\/div>\r\n\t  <div class=\"flex-child live-data-column-4 aligncenter\"><img decoding=\"async\" class=\"b-lazy\" src=\"data:image\/gif;base64,R0lGODlhAQABAAAAACH5BAEKAAEALAAAAAABAAEAAAICTAEAOw==\" data-src=\"https:\/\/www.salzburger-seenland.at\/wp-content\/themes\/seenland-blocks\/assets\/img\/laketemp-icon.png\" alt=\"Lake temperatures\" width=\"100\" \/><p><span class=\"live-value\">14.9 \u00b0C<\/span><br><span class=\"live-description\">Grabensee<\/span><\/p><\/div>\r\n\t<\/div>\r\n\t<p>&nbsp;<\/p>\r\n\t<\/div>\r\n<\/div><\/div>\n\n<div class=\"lazyblock-related-posts-1BJxpI wp-block-lazyblock-related-posts\"><div class=\"sase-block light-background\">\r\n  <p>&nbsp;<\/p>\r\n  <div class=\"container\">\r\n   <h2 class=\"duo-heading aligncenter\">\r\n\t\tThese are <br> <span class=\"after-color\">our 4 lakes<\/span>\r\n\t <\/h2> \r\n\t<p class=\"aligncenter\">&nbsp;<\/p>\r\n\t<div class=\"flex-grid\">\r\n\t<div class=\"flex-child col-lg-3\"><div class=\"box-with-text rounded\">\r\n\t\t\t        <a href=\"https:\/\/www.salzburger-seenland.at\/en\/our-lakes\/wallersee-2\">\r\n\t\t\t          <img decoding=\"async\" class=\"b-lazy img-responsive wp-image-353\" src=\"data:image\/gif;base64,R0lGODlhAQABAAAAACH5BAEKAAEALAAAAAABAAEAAAICTAEAOw==\" data-src=\"https:\/\/www.salzburger-seenland.at\/wp-content\/uploads\/2023\/04\/Wenger_Moor_01_StefanSchwab-kl_Wallersee-405x240.jpg\" alt=\"\" \/>\r\n\t\t\t        <\/a> \r\n\t\t\t        <div class=\"box-text-content\">\r\n\t\t\t          <h3><a href=\"https:\/\/www.salzburger-seenland.at\/en\/our-lakes\/wallersee-2\">Wallersee<\/a><\/h3>\r\n\t\t\t          <p><\/p>\r\n\t\t\t        <\/div>\r\n\t\t\t     <\/div><\/div><div class=\"flex-child col-lg-3\"><div class=\"box-with-text rounded\">\r\n\t\t\t        <a href=\"https:\/\/www.salzburger-seenland.at\/en\/our-lakes\/mattsee\">\r\n\t\t\t          <img decoding=\"async\" class=\"b-lazy img-responsive wp-image-354\" src=\"data:image\/gif;base64,R0lGODlhAQABAAAAACH5BAEKAAEALAAAAAABAAEAAAICTAEAOw==\" data-src=\"https:\/\/www.salzburger-seenland.at\/wp-content\/uploads\/2023\/04\/Schloss_Mattsee_Flug_3-405x240.jpg\" alt=\"\" \/>\r\n\t\t\t        <\/a> \r\n\t\t\t        <div class=\"box-text-content\">\r\n\t\t\t          <h3><a href=\"https:\/\/www.salzburger-seenland.at\/en\/our-lakes\/mattsee\">Mattsee<\/a><\/h3>\r\n\t\t\t          <p><\/p>\r\n\t\t\t        <\/div>\r\n\t\t\t     <\/div><\/div><div class=\"flex-child col-lg-3\"><div class=\"box-with-text rounded\">\r\n\t\t\t        <a href=\"https:\/\/www.salzburger-seenland.at\/en\/our-lakes\/grabensee\">\r\n\t\t\t          <img decoding=\"async\" class=\"b-lazy img-responsive wp-image-355\" src=\"data:image\/gif;base64,R0lGODlhAQABAAAAACH5BAEKAAEALAAAAAABAAEAAAICTAEAOw==\" data-src=\"https:\/\/www.salzburger-seenland.at\/wp-content\/uploads\/2023\/04\/SalzburgerSeenland_Grabensee_Perwang_29-405x240.jpg\" alt=\"\" \/>\r\n\t\t\t        <\/a> \r\n\t\t\t        <div class=\"box-text-content\">\r\n\t\t\t          <h3><a href=\"https:\/\/www.salzburger-seenland.at\/en\/our-lakes\/grabensee\">Grabensee<\/a><\/h3>\r\n\t\t\t          <p><\/p>\r\n\t\t\t        <\/div>\r\n\t\t\t     <\/div><\/div><div class=\"flex-child col-lg-3\"><div class=\"box-with-text rounded\">\r\n\t\t\t        <a href=\"https:\/\/www.salzburger-seenland.at\/en\/our-lakes\/obertrumer-lake\">\r\n\t\t\t          <img decoding=\"async\" class=\"b-lazy img-responsive wp-image-356\" src=\"data:image\/gif;base64,R0lGODlhAQABAAAAACH5BAEKAAEALAAAAAABAAEAAAICTAEAOw==\" data-src=\"https:\/\/www.salzburger-seenland.at\/wp-content\/uploads\/2023\/04\/Obertrumer-See-405x240.jpg\" alt=\"\" \/>\r\n\t\t\t        <\/a> \r\n\t\t\t        <div class=\"box-text-content\">\r\n\t\t\t          <h3><a href=\"https:\/\/www.salzburger-seenland.at\/en\/our-lakes\/obertrumer-lake\">Obertrumer See<\/a><\/h3>\r\n\t\t\t          <p><\/p>\r\n\t\t\t        <\/div>\r\n\t\t\t     <\/div><\/div> \r\n\t<\/div>\r\n  <p style=\"clear:both;\">&nbsp;<br \/><br \/><\/p>\r\n<\/div>\r\n<\/div><\/div>","protected":false},"excerpt":{"rendered":"<p>Mattsee, Grabensee und Obertrumer See: Die \u201eTrumer Seen\u201c bilden gemeinsam mit dem Wallersee das Herzst\u00fcck des Salzburger Seenlands n\u00f6rdlich der Mozartstadt Salzburg. Ein gro\u00dfer Teil der idyllischen Uferlandschaften ist von Schilf bedeckt und steht unter Naturschutz \u2013 beispielsweise wird das Wenger Moor am Wallersee bereits seit 1996 als Natura-2000-Europaschutzgebiet gef\u00fchrt. Dieser knapp 300 Hektar umfassende [&hellip;]<\/p>\n","protected":false},"author":1,"featured_media":0,"parent":0,"menu_order":0,"comment_status":"closed","ping_status":"closed","template":"","meta":{"footnotes":""},"class_list":["post-350","page","type-page","status-publish","hentry"],"yoast_head":"<!-- This site is optimized with the Yoast SEO plugin v27.5 - https:\/\/yoast.com\/product\/yoast-seo-wordpress\/ -->\n<title>Unsere Seen - Salzburger Seenland<\/title>\n<meta name=\"description\" content=\"Der Mattsee, Grabensee und Obertrumer See (Trumer Seen) bilden gemeinsam mit dem Wallersee das Herzst\u00fcck des Salzburger Seenlands, n\u00f6rdlich der Mozartstadt Salzburg.\" \/>\n<meta name=\"robots\" content=\"index, follow, max-snippet:-1, max-image-preview:large, max-video-preview:-1\" \/>\n<link rel=\"canonical\" href=\"https:\/\/www.salzburger-seenland.at\/en\/our-lakes\/\" \/>\n<meta property=\"og:locale\" content=\"en_GB\" \/>\n<meta property=\"og:type\" content=\"article\" \/>\n<meta property=\"og:title\" content=\"Unsere Seen - Salzburger Seenland\" \/>\n<meta property=\"og:description\" content=\"Der Mattsee, Grabensee und Obertrumer See (Trumer Seen) bilden gemeinsam mit dem Wallersee das Herzst\u00fcck des Salzburger Seenlands, n\u00f6rdlich der Mozartstadt Salzburg.\" \/>\n<meta property=\"og:url\" content=\"https:\/\/www.salzburger-seenland.at\/en\/our-lakes\/\" \/>\n<meta property=\"og:site_name\" content=\"Salzburger Seenland\" \/>\n<meta property=\"article:publisher\" content=\"https:\/\/www.facebook.com\/seenland\" \/>\n<meta property=\"article:modified_time\" content=\"2024-07-15T11:35:31+00:00\" \/>\n<meta property=\"og:image\" content=\"https:\/\/www.salzburger-seenland.at\/wp-content\/uploads\/2023\/05\/luftaufnahme_wallersee_richtung_seekirchen_druckaufloesung_5464x3640_300_dpi_kl-scaled.jpg\" \/>\n\t<meta property=\"og:image:width\" content=\"2560\" \/>\n\t<meta property=\"og:image:height\" content=\"1705\" \/>\n\t<meta property=\"og:image:type\" content=\"image\/jpeg\" \/>\n<meta name=\"twitter:card\" content=\"summary_large_image\" \/>\n<meta name=\"twitter:label1\" content=\"Estimated reading time\" \/>\n\t<meta name=\"twitter:data1\" content=\"3 minutes\" \/>\n<script type=\"application\/ld+json\" class=\"yoast-schema-graph\">{\"@context\":\"https:\\\/\\\/schema.org\",\"@graph\":[{\"@type\":\"WebPage\",\"@id\":\"https:\\\/\\\/www.salzburger-seenland.at\\\/unsere-seen\",\"url\":\"https:\\\/\\\/www.salzburger-seenland.at\\\/unsere-seen\",\"name\":\"Unsere Seen - Salzburger Seenland\",\"isPartOf\":{\"@id\":\"https:\\\/\\\/www.salzburger-seenland.at\\\/#website\"},\"datePublished\":\"2023-04-25T06:08:42+00:00\",\"dateModified\":\"2024-07-15T11:35:31+00:00\",\"description\":\"Der Mattsee, Grabensee und Obertrumer See (Trumer Seen) bilden gemeinsam mit dem Wallersee das Herzst\u00fcck des Salzburger Seenlands, n\u00f6rdlich der Mozartstadt Salzburg.\",\"breadcrumb\":{\"@id\":\"https:\\\/\\\/www.salzburger-seenland.at\\\/unsere-seen#breadcrumb\"},\"inLanguage\":\"en-GB\",\"potentialAction\":[{\"@type\":\"ReadAction\",\"target\":[\"https:\\\/\\\/www.salzburger-seenland.at\\\/unsere-seen\"]}]},{\"@type\":\"BreadcrumbList\",\"@id\":\"https:\\\/\\\/www.salzburger-seenland.at\\\/unsere-seen#breadcrumb\",\"itemListElement\":[{\"@type\":\"ListItem\",\"position\":1,\"name\":\"Startseite\",\"item\":\"https:\\\/\\\/www.salzburger-seenland.at\\\/\"},{\"@type\":\"ListItem\",\"position\":2,\"name\":\"Unsere Seen\"}]},{\"@type\":\"WebSite\",\"@id\":\"https:\\\/\\\/www.salzburger-seenland.at\\\/#website\",\"url\":\"https:\\\/\\\/www.salzburger-seenland.at\\\/\",\"name\":\"Salzburger Seenland\",\"description\":\"eintauchen erleben genie\u00dfen\",\"publisher\":{\"@id\":\"https:\\\/\\\/www.salzburger-seenland.at\\\/#organization\"},\"potentialAction\":[{\"@type\":\"SearchAction\",\"target\":{\"@type\":\"EntryPoint\",\"urlTemplate\":\"https:\\\/\\\/www.salzburger-seenland.at\\\/?s={search_term_string}\"},\"query-input\":{\"@type\":\"PropertyValueSpecification\",\"valueRequired\":true,\"valueName\":\"search_term_string\"}}],\"inLanguage\":\"en-GB\"},{\"@type\":\"Organization\",\"@id\":\"https:\\\/\\\/www.salzburger-seenland.at\\\/#organization\",\"name\":\"Seenland Tourismus GmbH\",\"alternateName\":\"Salzburger Seenland\",\"url\":\"https:\\\/\\\/www.salzburger-seenland.at\\\/\",\"logo\":{\"@type\":\"ImageObject\",\"inLanguage\":\"en-GB\",\"@id\":\"https:\\\/\\\/www.salzburger-seenland.at\\\/#\\\/schema\\\/logo\\\/image\\\/\",\"url\":\"https:\\\/\\\/www.salzburger-seenland.at\\\/wp-content\\\/uploads\\\/2023\\\/05\\\/salzburger-seenland_logo_rund_696x696.png\",\"contentUrl\":\"https:\\\/\\\/www.salzburger-seenland.at\\\/wp-content\\\/uploads\\\/2023\\\/05\\\/salzburger-seenland_logo_rund_696x696.png\",\"width\":696,\"height\":696,\"caption\":\"Seenland Tourismus GmbH\"},\"image\":{\"@id\":\"https:\\\/\\\/www.salzburger-seenland.at\\\/#\\\/schema\\\/logo\\\/image\\\/\"},\"sameAs\":[\"https:\\\/\\\/www.facebook.com\\\/seenland\",\"https:\\\/\\\/www.instagram.com\\\/salzburgerseenland\\\/\",\"https:\\\/\\\/www.youtube.com\\\/channel\\\/UCVEHCdkLG4WY7KMq8fS1XnQ\"]}]}<\/script>\n<!-- \/ Yoast SEO plugin. -->","yoast_head_json":{"title":"Our Lakes - Salzburg Seenland","description":"The Mattsee, Grabensee and Obertrumer See (Trumer Seen) together with the Wallersee form the heart of Salzburg's Seenland, north of the Mozart city of Salzburg.","robots":{"index":"index","follow":"follow","max-snippet":"max-snippet:-1","max-image-preview":"max-image-preview:large","max-video-preview":"max-video-preview:-1"},"canonical":"https:\/\/www.salzburger-seenland.at\/en\/our-lakes\/","og_locale":"en_GB","og_type":"article","og_title":"Unsere Seen - Salzburger Seenland","og_description":"Der Mattsee, Grabensee und Obertrumer See (Trumer Seen) bilden gemeinsam mit dem Wallersee das Herzst\u00fcck des Salzburger Seenlands, n\u00f6rdlich der Mozartstadt Salzburg.","og_url":"https:\/\/www.salzburger-seenland.at\/en\/our-lakes\/","og_site_name":"Salzburger Seenland","article_publisher":"https:\/\/www.facebook.com\/seenland","article_modified_time":"2024-07-15T11:35:31+00:00","og_image":[{"width":2560,"height":1705,"url":"https:\/\/www.salzburger-seenland.at\/wp-content\/uploads\/2023\/05\/luftaufnahme_wallersee_richtung_seekirchen_druckaufloesung_5464x3640_300_dpi_kl-scaled.jpg","type":"image\/jpeg"}],"twitter_card":"summary_large_image","twitter_misc":{"Estimated reading time":"3 minutes"},"schema":{"@context":"https:\/\/schema.org","@graph":[{"@type":"WebPage","@id":"https:\/\/www.salzburger-seenland.at\/unsere-seen","url":"https:\/\/www.salzburger-seenland.at\/unsere-seen","name":"Our Lakes - Salzburg Seenland","isPartOf":{"@id":"https:\/\/www.salzburger-seenland.at\/#website"},"datePublished":"2023-04-25T06:08:42+00:00","dateModified":"2024-07-15T11:35:31+00:00","description":"The Mattsee, Grabensee and Obertrumer See (Trumer Seen) together with the Wallersee form the heart of Salzburg's Seenland, north of the Mozart city of Salzburg.","breadcrumb":{"@id":"https:\/\/www.salzburger-seenland.at\/unsere-seen#breadcrumb"},"inLanguage":"en-GB","potentialAction":[{"@type":"ReadAction","target":["https:\/\/www.salzburger-seenland.at\/unsere-seen"]}]},{"@type":"BreadcrumbList","@id":"https:\/\/www.salzburger-seenland.at\/unsere-seen#breadcrumb","itemListElement":[{"@type":"ListItem","position":1,"name":"Startseite","item":"https:\/\/www.salzburger-seenland.at\/"},{"@type":"ListItem","position":2,"name":"Unsere Seen"}]},{"@type":"WebSite","@id":"https:\/\/www.salzburger-seenland.at\/#website","url":"https:\/\/www.salzburger-seenland.at\/","name":"Salzburg Seenland","description":"immerse experience enjoy","publisher":{"@id":"https:\/\/www.salzburger-seenland.at\/#organization"},"potentialAction":[{"@type":"SearchAction","target":{"@type":"EntryPoint","urlTemplate":"https:\/\/www.salzburger-seenland.at\/?s={search_term_string}"},"query-input":{"@type":"PropertyValueSpecification","valueRequired":true,"valueName":"search_term_string"}}],"inLanguage":"en-GB"},{"@type":"Organization","@id":"https:\/\/www.salzburger-seenland.at\/#organization","name":"Seenland Tourism Ltd.","alternateName":"Salzburger Seenland","url":"https:\/\/www.salzburger-seenland.at\/","logo":{"@type":"ImageObject","inLanguage":"en-GB","@id":"https:\/\/www.salzburger-seenland.at\/#\/schema\/logo\/image\/","url":"https:\/\/www.salzburger-seenland.at\/wp-content\/uploads\/2023\/05\/salzburger-seenland_logo_rund_696x696.png","contentUrl":"https:\/\/www.salzburger-seenland.at\/wp-content\/uploads\/2023\/05\/salzburger-seenland_logo_rund_696x696.png","width":696,"height":696,"caption":"Seenland Tourismus GmbH"},"image":{"@id":"https:\/\/www.salzburger-seenland.at\/#\/schema\/logo\/image\/"},"sameAs":["https:\/\/www.facebook.com\/seenland","https:\/\/www.instagram.com\/salzburgerseenland\/","https:\/\/www.youtube.com\/channel\/UCVEHCdkLG4WY7KMq8fS1XnQ"]}]}},"_links":{"self":[{"href":"https:\/\/www.salzburger-seenland.at\/en\/wp-json\/wp\/v2\/pages\/350","targetHints":{"allow":["GET"]}}],"collection":[{"href":"https:\/\/www.salzburger-seenland.at\/en\/wp-json\/wp\/v2\/pages"}],"about":[{"href":"https:\/\/www.salzburger-seenland.at\/en\/wp-json\/wp\/v2\/types\/page"}],"author":[{"embeddable":true,"href":"https:\/\/www.salzburger-seenland.at\/en\/wp-json\/wp\/v2\/users\/1"}],"replies":[{"embeddable":true,"href":"https:\/\/www.salzburger-seenland.at\/en\/wp-json\/wp\/v2\/comments?post=350"}],"version-history":[{"count":5,"href":"https:\/\/www.salzburger-seenland.at\/en\/wp-json\/wp\/v2\/pages\/350\/revisions"}],"predecessor-version":[{"id":6238,"href":"https:\/\/www.salzburger-seenland.at\/en\/wp-json\/wp\/v2\/pages\/350\/revisions\/6238"}],"wp:attachment":[{"href":"https:\/\/www.salzburger-seenland.at\/en\/wp-json\/wp\/v2\/media?parent=350"}],"curies":[{"name":"wp","href":"https:\/\/api.w.org\/{rel}","templated":true}]}}