{"id":353,"date":"2023-04-25T08:13:39","date_gmt":"2023-04-25T06:13:39","guid":{"rendered":"https:\/\/www.salzburger-seenland.at\/?page_id=353"},"modified":"2023-06-03T10:01:50","modified_gmt":"2023-06-03T08:01:50","slug":"wallersee","status":"publish","type":"page","link":"https:\/\/www.salzburger-seenland.at\/en\/our-lakes\/wallersee-2","title":{"rendered":"Wallersee"},"content":{"rendered":"<div class=\"lazyblock-seenland-booking-ZIPJko wp-block-lazyblock-seenland-booking\"><div id=\"bookingform\">\r\n  <h3 class=\"en_GB\">Hier beginnt ihr n\u00e4chster Urlaub..<\/h3>\r\n  <div class=\"container\">\r\n  <form  onsubmit=\"return onFormSubmit()\" method=\"get\">\r\n    <div class=\"book-column dates\">\r\n       <div class=\"form-group\">\r\n         <label for=\"selArrivaldate\">Anreise:<\/label>\r\n         <input type=\"date\" class=\"has-datepicker\" id=\"selArrivaldate\" name=\"selArrivaldate\" min=\"2026-04-16\" value=\"2026-04-16\">\r\n       <\/div> \r\n       <span class=\"booking-trenner\">&nbsp; &#8211; &nbsp;<\/span>\r\n       <div class=\"form-group\">\r\n         <label for=\"selDeparturedate\">Abreise:<\/label>\r\n         <input type=\"date\" class=\"has-datepicker\" id=\"selDeparturedate\" name=\"selDeparturedate\" value=\"2026-04-23\">\r\n       <\/div> \r\n     <\/div>\r\n      <div class=\"book-column persons\">\r\n     <div class=\"form-group border-left\">\r\n       <label for=\"selAdults\">Erwachsene:<\/label>\r\n       <select id=\"selAdults\" name=\"selAdults\">\r\n        <option value=\"1\">1<\/option>\r\n        <option value=\"2\" selected>2<\/option>\r\n        <option value=\"3\">3<\/option>\r\n        <option value=\"4\">4<\/option>\r\n        <option value=\"5\">5<\/option>\r\n        <option value=\"6\">6<\/option>\r\n        <option value=\"7\">7<\/option>\r\n        <option value=\"8\">8<\/option>\r\n        <option value=\"9\">9<\/option>\r\n        <option value=\"10\">10<\/option>\r\n       <\/select>\r\n     <\/div>\r\n     <div class=\"form-group\">\r\n      <label for=\"selKids\">Kinder:<\/label>\r\n       <select id=\"selKids\" name=\"selKids\">\r\n        <option value=\"0\" selected>0<\/option>\r\n        <option value=\"1\">1<\/option>\r\n        <option value=\"2\">2<\/option>\r\n        <option value=\"3\">3<\/option>\r\n        <option value=\"4\">4<\/option>\r\n        <option value=\"5\">5<\/option>\r\n        <option value=\"6\">6<\/option>\r\n        <option value=\"7\">7<\/option>\r\n        <option value=\"8\">8<\/option>\r\n        <option value=\"9\">9<\/option>\r\n        <option value=\"10\">10<\/option>\r\n       <\/select> \r\n     <\/div>\r\n    <\/div>\r\n     <div class=\"button-column buttons\">\r\n        <input type=\"hidden\" id=\"selLocation\" name=\"selLocation\" value=\"58c4b89d-25c7-49db-8d5e-8382bbdb57e4\"> \r\n  \t\t  <input type=\"hidden\" id=\"selCategories\" name=\"selCategories\" value=\"\">\r\n  \t\t   <input type=\"hidden\" id=\"rc\" name=\"rc\" value=\"1\">\r\n  \t\t   <input type=\"hidden\" name=\"selNights\" \/>\r\n  \t\t  <input type=\"hidden\" id=\"selNumberofUnits\" name=\"selNumberofUnits\" value=\"1\">\r\n  \t\t  <button class=\"acco-find rounded\" type=\"submit\">Unterkunft finden<\/button> &nbsp; \r\n  \t\t  <a class=\"req-button rounded\" href=\"https:\/\/www.salzburger-seenland.at\/en\/info#\/quickinquiry\" role=\"button\">Unverbindliche Anfrage<\/a> \r\n      <\/div>\r\n  <\/form>\r\n <\/div>\r\n<\/div>\r\n<script src=\"https:\/\/web5.deskline.net\/dwutility.js\" async><\/script>\r\n\r\n<script>\r\n    function onFormSubmit(){\r\n\t\r\n\tvar anreise = new Date(document.getElementsByName('selArrivaldate')[0].value); \/\/console.log(anreise);\r\n\tvar abreise = new Date(document.getElementsByName('selDeparturedate')[0].value); \/\/console.log(abreise);\r\n\tvar erwachsene = document.getElementsByName('selAdults')[0].value; \/\/console.log(erwachsene);\r\n\t\r\n        dw.accommodationQuickFind(\r\n            \/\/ LocalStorageID: \r\n            'seenlandelixhausen',\r\n\r\n            \/\/ Gastdaten\r\n            {\r\n                dateFrom: anreise,\r\n                dateTo: abreise,\r\n                occupancy1:{\r\n                    units:1,\r\n                    adults: erwachsene,\r\n                    children:[]\r\n                }\r\n            },\r\n            function() {\r\n                \/\/ Callback Funktion, Maybe redirecting\r\n                window.location.href = \"en\/info\";\r\n            });\r\n\r\n        return false;\r\n    }\r\n<\/script><\/div>\n\n<div class=\"lazyblock-zweifarbige-uberschrift-Z1nbA55 wp-block-lazyblock-zweifarbige-uberschrift\"><div class=\"container\">\n  <h1 class=\"duo-heading alignleft\">\n  Der \n  \n  <span class=\"after-color\">Wallersee<\/span>\n<\/h1>\n<div style=\"clear:both;\"><\/div>\n<\/div><\/div>\n\n\n<p>Mit seinen sechs Quadratkilometern ist er der gr\u00f6\u00dfte See des Salzburger Seenlandes.<\/p>\n\n\n\n<p>\u201eWallersee\u201c: Der Name r\u00fchrt nicht etwa von den durchaus vorkommenden Fischen, den Wallern oder Welsen her \u2013 sondern bezieht sich auf das mittelhochdeutsche Walchen, das \u201eFremde\u201c bedeutete. So waren alle romanischen V\u00f6lker s\u00fcdlich von Bayern \u2013 auch die zum Teil romanisierte Bev\u00f6lkerung der Alpen \u2013 f\u00fcr die Einheimischen \u2026 eben \u201eFremde\u201c.<\/p>\n\n\n\n<p>Das <strong>Wenger Moor<\/strong> am Wallersee \u2013 idyllische Uferlandschaft mit dichtem Schilfg\u00fcrtel wird als Natura-2000-Europaschutzgebiet gef\u00fchrt und ist Lebensraum f\u00fcr seltene Wasserv\u00f6gel, Fasane und Biber, die sich am warmen und fischreichen Wallersee \u201epudelwohl\u201c f\u00fchlen.<\/p>\n\n\n<div class=\"lazyblock-related-posts-2pobJX wp-block-lazyblock-related-posts\"><div class=\"sase-block light-background\">\r\n  <p>&nbsp;<\/p>\r\n  <div class=\"container\">\r\n   <h2 class=\"duo-heading aligncenter\">\r\n\t\tDie Orte am <br> <span class=\"after-color\">Wallersee<\/span>\r\n\t <\/h2> \r\n\t<p class=\"aligncenter\">&nbsp;<\/p>\r\n\t<div class=\"flex-grid\">\r\n\t<div class=\"flex-child col-lg-3\"><div class=\"box-with-text rounded\">\r\n\t\t\t        <a href=\"https:\/\/www.salzburger-seenland.at\/en\/our-places\/henndorf\">\r\n\t\t\t          <img decoding=\"async\" class=\"b-lazy img-responsive wp-image-80\" src=\"data:image\/gif;base64,R0lGODlhAQABAAAAACH5BAEKAAEALAAAAAABAAEAAAICTAEAOw==\" data-src=\"https:\/\/www.salzburger-seenland.at\/wp-content\/uploads\/2026\/03\/DJI_0317-Verbessert-RR-405x240.jpg\" alt=\"\" \/>\r\n\t\t\t        <\/a> \r\n\t\t\t        <div class=\"box-text-content\">\r\n\t\t\t          <h3><a href=\"https:\/\/www.salzburger-seenland.at\/en\/our-places\/henndorf\">Henndorf am Wallersee<\/a><\/h3>\r\n\t\t\t          <p><\/p>\r\n\t\t\t        <\/div>\r\n\t\t\t     <\/div><\/div><div class=\"flex-child col-lg-3\"><div class=\"box-with-text rounded\">\r\n\t\t\t        <a href=\"https:\/\/www.salzburger-seenland.at\/en\/our-places\/neumarkt-am-wallersee\">\r\n\t\t\t          <img decoding=\"async\" class=\"b-lazy img-responsive wp-image-299\" src=\"data:image\/gif;base64,R0lGODlhAQABAAAAACH5BAEKAAEALAAAAAABAAEAAAICTAEAOw==\" data-src=\"https:\/\/www.salzburger-seenland.at\/wp-content\/uploads\/2026\/03\/Salzburger-Seenland-Wandern_Ostbucht-e1772632872835-405x240.jpg\" alt=\"\" \/>\r\n\t\t\t        <\/a> \r\n\t\t\t        <div class=\"box-text-content\">\r\n\t\t\t          <h3><a href=\"https:\/\/www.salzburger-seenland.at\/en\/our-places\/neumarkt-am-wallersee\">Neumarkt am Wallersee<\/a><\/h3>\r\n\t\t\t          <p><\/p>\r\n\t\t\t        <\/div>\r\n\t\t\t     <\/div><\/div><div class=\"flex-child col-lg-3\"><div class=\"box-with-text rounded\">\r\n\t\t\t        <a href=\"https:\/\/www.salzburger-seenland.at\/en\/our-places\/seekirchen-am-wallersee\">\r\n\t\t\t          <img decoding=\"async\" class=\"b-lazy img-responsive wp-image-76\" src=\"data:image\/gif;base64,R0lGODlhAQABAAAAACH5BAEKAAEALAAAAAABAAEAAAICTAEAOw==\" data-src=\"https:\/\/www.salzburger-seenland.at\/wp-content\/uploads\/2026\/03\/DJI_0481-Verbessert-RR-405x240.jpg\" alt=\"\" \/>\r\n\t\t\t        <\/a> \r\n\t\t\t        <div class=\"box-text-content\">\r\n\t\t\t          <h3><a href=\"https:\/\/www.salzburger-seenland.at\/en\/our-places\/seekirchen-am-wallersee\">Seekirchen am Wallersee<\/a><\/h3>\r\n\t\t\t          <p><\/p>\r\n\t\t\t        <\/div>\r\n\t\t\t     <\/div><\/div><div class=\"flex-child col-lg-3\"><div class=\"box-with-text rounded\">\r\n\t\t\t        <a href=\"https:\/\/www.salzburger-seenland.at\/en\/our-places\/koestendorf-near-salzburg\">\r\n\t\t\t          <img decoding=\"async\" class=\"b-lazy img-responsive wp-image-293\" src=\"data:image\/gif;base64,R0lGODlhAQABAAAAACH5BAEKAAEALAAAAAABAAEAAAICTAEAOw==\" data-src=\"https:\/\/www.salzburger-seenland.at\/wp-content\/uploads\/2023\/04\/Koestendorf-04-llI-405x240.jpg\" alt=\"\" \/>\r\n\t\t\t        <\/a> \r\n\t\t\t        <div class=\"box-text-content\">\r\n\t\t\t          <h3><a href=\"https:\/\/www.salzburger-seenland.at\/en\/our-places\/koestendorf-near-salzburg\">K\u00f6stendorf bei Salzburg<\/a><\/h3>\r\n\t\t\t          <p><\/p>\r\n\t\t\t        <\/div>\r\n\t\t\t     <\/div><\/div> \r\n\t<\/div>\r\n  <p style=\"clear:both;\">&nbsp;<br \/><br \/><\/p>\r\n<\/div>\r\n<\/div><\/div>","protected":false},"excerpt":{"rendered":"<p>Mit seinen sechs Quadratkilometern ist er der gr\u00f6\u00dfte See des Salzburger Seenlandes. \u201eWallersee\u201c: Der Name r\u00fchrt nicht etwa von den durchaus vorkommenden Fischen, den Wallern oder Welsen her \u2013 sondern bezieht sich auf das mittelhochdeutsche Walchen, das \u201eFremde\u201c bedeutete. So waren alle romanischen V\u00f6lker s\u00fcdlich von Bayern \u2013 auch die zum Teil romanisierte Bev\u00f6lkerung der [&hellip;]<\/p>\n","protected":false},"author":1,"featured_media":357,"parent":350,"menu_order":0,"comment_status":"closed","ping_status":"closed","template":"","meta":{"footnotes":""},"class_list":["post-353","page","type-page","status-publish","has-post-thumbnail","hentry"],"yoast_head":"<!-- This site is optimized with the Yoast SEO plugin v27.4 - https:\/\/yoast.com\/product\/yoast-seo-wordpress\/ -->\n<title>Wallersee - Salzburger Seenland<\/title>\n<meta name=\"description\" content=\"Mit seiner sechs Quadratkilometer gro\u00dfen Wasserfl\u00e4che ist der Wallersee der gr\u00f6\u00dfte See des Salzburger Seenlandes. Gro\u00dfe Teile des K\u00f6stendorfer Anteils am See entfallen auf das Naturschutzgebiet\u00a0Wenger Moor. Auch die Schilfg\u00fcrtel entlang des Sees stehen unter Naturschutz.\" \/>\n<meta name=\"robots\" content=\"index, follow, max-snippet:-1, max-image-preview:large, max-video-preview:-1\" \/>\n<link rel=\"canonical\" href=\"https:\/\/www.salzburger-seenland.at\/en\/our-lakes\/wallersee-2\/\" \/>\n<meta property=\"og:locale\" content=\"en_GB\" \/>\n<meta property=\"og:type\" content=\"article\" \/>\n<meta property=\"og:title\" content=\"Wallersee - Salzburger Seenland\" \/>\n<meta property=\"og:description\" content=\"Mit seiner sechs Quadratkilometer gro\u00dfen Wasserfl\u00e4che ist der Wallersee der gr\u00f6\u00dfte See des Salzburger Seenlandes. Gro\u00dfe Teile des K\u00f6stendorfer Anteils am See entfallen auf das Naturschutzgebiet\u00a0Wenger Moor. Auch die Schilfg\u00fcrtel entlang des Sees stehen unter Naturschutz.\" \/>\n<meta property=\"og:url\" content=\"https:\/\/www.salzburger-seenland.at\/en\/our-lakes\/wallersee-2\/\" \/>\n<meta property=\"og:site_name\" content=\"Salzburger Seenland\" \/>\n<meta property=\"article:publisher\" content=\"https:\/\/www.facebook.com\/seenland\" \/>\n<meta property=\"article:modified_time\" content=\"2023-06-03T08:01:50+00:00\" \/>\n<meta property=\"og:image\" content=\"https:\/\/www.salzburger-seenland.at\/wp-content\/uploads\/2023\/04\/Wenger_Moor_01_StefanSchwab-kl_Wallersee-scaled.jpg\" \/>\n\t<meta property=\"og:image:width\" content=\"2560\" \/>\n\t<meta property=\"og:image:height\" content=\"1707\" \/>\n\t<meta property=\"og:image:type\" content=\"image\/jpeg\" \/>\n<meta name=\"twitter:card\" content=\"summary_large_image\" \/>\n<meta name=\"twitter:label1\" content=\"Estimated reading time\" \/>\n\t<meta name=\"twitter:data1\" content=\"1 minute\" \/>\n<script type=\"application\/ld+json\" class=\"yoast-schema-graph\">{\"@context\":\"https:\\\/\\\/schema.org\",\"@graph\":[{\"@type\":\"WebPage\",\"@id\":\"https:\\\/\\\/www.salzburger-seenland.at\\\/unsere-seen\\\/wallersee\",\"url\":\"https:\\\/\\\/www.salzburger-seenland.at\\\/unsere-seen\\\/wallersee\",\"name\":\"Wallersee - Salzburger Seenland\",\"isPartOf\":{\"@id\":\"https:\\\/\\\/www.salzburger-seenland.at\\\/#website\"},\"primaryImageOfPage\":{\"@id\":\"https:\\\/\\\/www.salzburger-seenland.at\\\/unsere-seen\\\/wallersee#primaryimage\"},\"image\":{\"@id\":\"https:\\\/\\\/www.salzburger-seenland.at\\\/unsere-seen\\\/wallersee#primaryimage\"},\"thumbnailUrl\":\"https:\\\/\\\/www.salzburger-seenland.at\\\/wp-content\\\/uploads\\\/2023\\\/04\\\/Wenger_Moor_01_StefanSchwab-kl_Wallersee-scaled.jpg\",\"datePublished\":\"2023-04-25T06:13:39+00:00\",\"dateModified\":\"2023-06-03T08:01:50+00:00\",\"description\":\"Mit seiner sechs Quadratkilometer gro\u00dfen Wasserfl\u00e4che ist der Wallersee der gr\u00f6\u00dfte See des Salzburger Seenlandes. Gro\u00dfe Teile des K\u00f6stendorfer Anteils am See entfallen auf das Naturschutzgebiet\u00a0Wenger Moor. Auch die Schilfg\u00fcrtel entlang des Sees stehen unter Naturschutz.\",\"breadcrumb\":{\"@id\":\"https:\\\/\\\/www.salzburger-seenland.at\\\/unsere-seen\\\/wallersee#breadcrumb\"},\"inLanguage\":\"en-GB\",\"potentialAction\":[{\"@type\":\"ReadAction\",\"target\":[\"https:\\\/\\\/www.salzburger-seenland.at\\\/unsere-seen\\\/wallersee\"]}]},{\"@type\":\"ImageObject\",\"inLanguage\":\"en-GB\",\"@id\":\"https:\\\/\\\/www.salzburger-seenland.at\\\/unsere-seen\\\/wallersee#primaryimage\",\"url\":\"https:\\\/\\\/www.salzburger-seenland.at\\\/wp-content\\\/uploads\\\/2023\\\/04\\\/Wenger_Moor_01_StefanSchwab-kl_Wallersee-scaled.jpg\",\"contentUrl\":\"https:\\\/\\\/www.salzburger-seenland.at\\\/wp-content\\\/uploads\\\/2023\\\/04\\\/Wenger_Moor_01_StefanSchwab-kl_Wallersee-scaled.jpg\",\"width\":2560,\"height\":1707,\"caption\":\"Naturschutzgebiet Wenger Moor Wallersee (c) Stefan Schwab\"},{\"@type\":\"BreadcrumbList\",\"@id\":\"https:\\\/\\\/www.salzburger-seenland.at\\\/unsere-seen\\\/wallersee#breadcrumb\",\"itemListElement\":[{\"@type\":\"ListItem\",\"position\":1,\"name\":\"Startseite\",\"item\":\"https:\\\/\\\/www.salzburger-seenland.at\\\/\"},{\"@type\":\"ListItem\",\"position\":2,\"name\":\"Unsere Seen\",\"item\":\"https:\\\/\\\/www.salzburger-seenland.at\\\/unsere-seen\"},{\"@type\":\"ListItem\",\"position\":3,\"name\":\"Wallersee\"}]},{\"@type\":\"WebSite\",\"@id\":\"https:\\\/\\\/www.salzburger-seenland.at\\\/#website\",\"url\":\"https:\\\/\\\/www.salzburger-seenland.at\\\/\",\"name\":\"Salzburger Seenland\",\"description\":\"eintauchen erleben genie\u00dfen\",\"publisher\":{\"@id\":\"https:\\\/\\\/www.salzburger-seenland.at\\\/#organization\"},\"potentialAction\":[{\"@type\":\"SearchAction\",\"target\":{\"@type\":\"EntryPoint\",\"urlTemplate\":\"https:\\\/\\\/www.salzburger-seenland.at\\\/?s={search_term_string}\"},\"query-input\":{\"@type\":\"PropertyValueSpecification\",\"valueRequired\":true,\"valueName\":\"search_term_string\"}}],\"inLanguage\":\"en-GB\"},{\"@type\":\"Organization\",\"@id\":\"https:\\\/\\\/www.salzburger-seenland.at\\\/#organization\",\"name\":\"Seenland Tourismus GmbH\",\"alternateName\":\"Salzburger Seenland\",\"url\":\"https:\\\/\\\/www.salzburger-seenland.at\\\/\",\"logo\":{\"@type\":\"ImageObject\",\"inLanguage\":\"en-GB\",\"@id\":\"https:\\\/\\\/www.salzburger-seenland.at\\\/#\\\/schema\\\/logo\\\/image\\\/\",\"url\":\"https:\\\/\\\/www.salzburger-seenland.at\\\/wp-content\\\/uploads\\\/2023\\\/05\\\/salzburger-seenland_logo_rund_696x696.png\",\"contentUrl\":\"https:\\\/\\\/www.salzburger-seenland.at\\\/wp-content\\\/uploads\\\/2023\\\/05\\\/salzburger-seenland_logo_rund_696x696.png\",\"width\":696,\"height\":696,\"caption\":\"Seenland Tourismus GmbH\"},\"image\":{\"@id\":\"https:\\\/\\\/www.salzburger-seenland.at\\\/#\\\/schema\\\/logo\\\/image\\\/\"},\"sameAs\":[\"https:\\\/\\\/www.facebook.com\\\/seenland\",\"https:\\\/\\\/www.instagram.com\\\/salzburgerseenland\\\/\",\"https:\\\/\\\/www.youtube.com\\\/channel\\\/UCVEHCdkLG4WY7KMq8fS1XnQ\"]}]}<\/script>\n<!-- \/ Yoast SEO plugin. -->","yoast_head_json":{"title":"Wallersee - Salzburg Seenland","description":"With its six square kilometre water surface, the Wallersee is the largest lake in Salzburg's Seenland. Large parts of the K\u00f6stendorf portion of the lake fall within the Wenger Moor nature reserve. The reed belts along the lake are also protected.","robots":{"index":"index","follow":"follow","max-snippet":"max-snippet:-1","max-image-preview":"max-image-preview:large","max-video-preview":"max-video-preview:-1"},"canonical":"https:\/\/www.salzburger-seenland.at\/en\/our-lakes\/wallersee-2\/","og_locale":"en_GB","og_type":"article","og_title":"Wallersee - Salzburger Seenland","og_description":"Mit seiner sechs Quadratkilometer gro\u00dfen Wasserfl\u00e4che ist der Wallersee der gr\u00f6\u00dfte See des Salzburger Seenlandes. Gro\u00dfe Teile des K\u00f6stendorfer Anteils am See entfallen auf das Naturschutzgebiet\u00a0Wenger Moor. Auch die Schilfg\u00fcrtel entlang des Sees stehen unter Naturschutz.","og_url":"https:\/\/www.salzburger-seenland.at\/en\/our-lakes\/wallersee-2\/","og_site_name":"Salzburger Seenland","article_publisher":"https:\/\/www.facebook.com\/seenland","article_modified_time":"2023-06-03T08:01:50+00:00","og_image":[{"width":2560,"height":1707,"url":"https:\/\/www.salzburger-seenland.at\/wp-content\/uploads\/2023\/04\/Wenger_Moor_01_StefanSchwab-kl_Wallersee-scaled.jpg","type":"image\/jpeg"}],"twitter_card":"summary_large_image","twitter_misc":{"Estimated reading time":"1 minute"},"schema":{"@context":"https:\/\/schema.org","@graph":[{"@type":"WebPage","@id":"https:\/\/www.salzburger-seenland.at\/unsere-seen\/wallersee","url":"https:\/\/www.salzburger-seenland.at\/unsere-seen\/wallersee","name":"Wallersee - Salzburg Seenland","isPartOf":{"@id":"https:\/\/www.salzburger-seenland.at\/#website"},"primaryImageOfPage":{"@id":"https:\/\/www.salzburger-seenland.at\/unsere-seen\/wallersee#primaryimage"},"image":{"@id":"https:\/\/www.salzburger-seenland.at\/unsere-seen\/wallersee#primaryimage"},"thumbnailUrl":"https:\/\/www.salzburger-seenland.at\/wp-content\/uploads\/2023\/04\/Wenger_Moor_01_StefanSchwab-kl_Wallersee-scaled.jpg","datePublished":"2023-04-25T06:13:39+00:00","dateModified":"2023-06-03T08:01:50+00:00","description":"With its six square kilometre water surface, the Wallersee is the largest lake in Salzburg's Seenland. Large parts of the K\u00f6stendorf portion of the lake fall within the Wenger Moor nature reserve. The reed belts along the lake are also protected.","breadcrumb":{"@id":"https:\/\/www.salzburger-seenland.at\/unsere-seen\/wallersee#breadcrumb"},"inLanguage":"en-GB","potentialAction":[{"@type":"ReadAction","target":["https:\/\/www.salzburger-seenland.at\/unsere-seen\/wallersee"]}]},{"@type":"ImageObject","inLanguage":"en-GB","@id":"https:\/\/www.salzburger-seenland.at\/unsere-seen\/wallersee#primaryimage","url":"https:\/\/www.salzburger-seenland.at\/wp-content\/uploads\/2023\/04\/Wenger_Moor_01_StefanSchwab-kl_Wallersee-scaled.jpg","contentUrl":"https:\/\/www.salzburger-seenland.at\/wp-content\/uploads\/2023\/04\/Wenger_Moor_01_StefanSchwab-kl_Wallersee-scaled.jpg","width":2560,"height":1707,"caption":"Naturschutzgebiet Wenger Moor Wallersee (c) Stefan Schwab"},{"@type":"BreadcrumbList","@id":"https:\/\/www.salzburger-seenland.at\/unsere-seen\/wallersee#breadcrumb","itemListElement":[{"@type":"ListItem","position":1,"name":"Startseite","item":"https:\/\/www.salzburger-seenland.at\/"},{"@type":"ListItem","position":2,"name":"Unsere Seen","item":"https:\/\/www.salzburger-seenland.at\/unsere-seen"},{"@type":"ListItem","position":3,"name":"Wallersee"}]},{"@type":"WebSite","@id":"https:\/\/www.salzburger-seenland.at\/#website","url":"https:\/\/www.salzburger-seenland.at\/","name":"Salzburg Seenland","description":"immerse experience enjoy","publisher":{"@id":"https:\/\/www.salzburger-seenland.at\/#organization"},"potentialAction":[{"@type":"SearchAction","target":{"@type":"EntryPoint","urlTemplate":"https:\/\/www.salzburger-seenland.at\/?s={search_term_string}"},"query-input":{"@type":"PropertyValueSpecification","valueRequired":true,"valueName":"search_term_string"}}],"inLanguage":"en-GB"},{"@type":"Organization","@id":"https:\/\/www.salzburger-seenland.at\/#organization","name":"Seenland Tourism Ltd.","alternateName":"Salzburger Seenland","url":"https:\/\/www.salzburger-seenland.at\/","logo":{"@type":"ImageObject","inLanguage":"en-GB","@id":"https:\/\/www.salzburger-seenland.at\/#\/schema\/logo\/image\/","url":"https:\/\/www.salzburger-seenland.at\/wp-content\/uploads\/2023\/05\/salzburger-seenland_logo_rund_696x696.png","contentUrl":"https:\/\/www.salzburger-seenland.at\/wp-content\/uploads\/2023\/05\/salzburger-seenland_logo_rund_696x696.png","width":696,"height":696,"caption":"Seenland Tourismus GmbH"},"image":{"@id":"https:\/\/www.salzburger-seenland.at\/#\/schema\/logo\/image\/"},"sameAs":["https:\/\/www.facebook.com\/seenland","https:\/\/www.instagram.com\/salzburgerseenland\/","https:\/\/www.youtube.com\/channel\/UCVEHCdkLG4WY7KMq8fS1XnQ"]}]}},"_links":{"self":[{"href":"https:\/\/www.salzburger-seenland.at\/en\/wp-json\/wp\/v2\/pages\/353","targetHints":{"allow":["GET"]}}],"collection":[{"href":"https:\/\/www.salzburger-seenland.at\/en\/wp-json\/wp\/v2\/pages"}],"about":[{"href":"https:\/\/www.salzburger-seenland.at\/en\/wp-json\/wp\/v2\/types\/page"}],"author":[{"embeddable":true,"href":"https:\/\/www.salzburger-seenland.at\/en\/wp-json\/wp\/v2\/users\/1"}],"replies":[{"embeddable":true,"href":"https:\/\/www.salzburger-seenland.at\/en\/wp-json\/wp\/v2\/comments?post=353"}],"version-history":[{"count":5,"href":"https:\/\/www.salzburger-seenland.at\/en\/wp-json\/wp\/v2\/pages\/353\/revisions"}],"predecessor-version":[{"id":3644,"href":"https:\/\/www.salzburger-seenland.at\/en\/wp-json\/wp\/v2\/pages\/353\/revisions\/3644"}],"up":[{"embeddable":true,"href":"https:\/\/www.salzburger-seenland.at\/en\/wp-json\/wp\/v2\/pages\/350"}],"wp:featuredmedia":[{"embeddable":true,"href":"https:\/\/www.salzburger-seenland.at\/en\/wp-json\/wp\/v2\/media\/357"}],"wp:attachment":[{"href":"https:\/\/www.salzburger-seenland.at\/en\/wp-json\/wp\/v2\/media?parent=353"}],"curies":[{"name":"wp","href":"https:\/\/api.w.org\/{rel}","templated":true}]}}