{"id":355,"date":"2023-04-25T08:16:06","date_gmt":"2023-04-25T06:16:06","guid":{"rendered":"https:\/\/www.salzburger-seenland.at\/?page_id=355"},"modified":"2023-06-03T10:05:44","modified_gmt":"2023-06-03T08:05:44","slug":"grabensee","status":"publish","type":"page","link":"https:\/\/www.salzburger-seenland.at\/en\/our-lakes\/grabensee","title":{"rendered":"Grabensee"},"content":{"rendered":"<div class=\"lazyblock-seenland-booking-1vBCM8 wp-block-lazyblock-seenland-booking\"><div id=\"bookingform\">\r\n  <h3 class=\"en_GB\">Hier beginnt ihr n\u00e4chster Urlaub..<\/h3>\r\n  <div class=\"container\">\r\n  <form  onsubmit=\"return onFormSubmit()\" method=\"get\">\r\n    <div class=\"book-column dates\">\r\n       <div class=\"form-group\">\r\n         <label for=\"selArrivaldate\">Anreise:<\/label>\r\n         <input type=\"date\" class=\"has-datepicker\" id=\"selArrivaldate\" name=\"selArrivaldate\" min=\"2026-05-12\" value=\"2026-05-12\">\r\n       <\/div> \r\n       <span class=\"booking-trenner\">&nbsp; &#8211; &nbsp;<\/span>\r\n       <div class=\"form-group\">\r\n         <label for=\"selDeparturedate\">Abreise:<\/label>\r\n         <input type=\"date\" class=\"has-datepicker\" id=\"selDeparturedate\" name=\"selDeparturedate\" value=\"2026-05-19\">\r\n       <\/div> \r\n     <\/div>\r\n      <div class=\"book-column persons\">\r\n     <div class=\"form-group border-left\">\r\n       <label for=\"selAdults\">Erwachsene:<\/label>\r\n       <select id=\"selAdults\" name=\"selAdults\">\r\n        <option value=\"1\">1<\/option>\r\n        <option value=\"2\" selected>2<\/option>\r\n        <option value=\"3\">3<\/option>\r\n        <option value=\"4\">4<\/option>\r\n        <option value=\"5\">5<\/option>\r\n        <option value=\"6\">6<\/option>\r\n        <option value=\"7\">7<\/option>\r\n        <option value=\"8\">8<\/option>\r\n        <option value=\"9\">9<\/option>\r\n        <option value=\"10\">10<\/option>\r\n       <\/select>\r\n     <\/div>\r\n     <div class=\"form-group\">\r\n      <label for=\"selKids\">Kinder:<\/label>\r\n       <select id=\"selKids\" name=\"selKids\">\r\n        <option value=\"0\" selected>0<\/option>\r\n        <option value=\"1\">1<\/option>\r\n        <option value=\"2\">2<\/option>\r\n        <option value=\"3\">3<\/option>\r\n        <option value=\"4\">4<\/option>\r\n        <option value=\"5\">5<\/option>\r\n        <option value=\"6\">6<\/option>\r\n        <option value=\"7\">7<\/option>\r\n        <option value=\"8\">8<\/option>\r\n        <option value=\"9\">9<\/option>\r\n        <option value=\"10\">10<\/option>\r\n       <\/select> \r\n     <\/div>\r\n    <\/div>\r\n     <div class=\"button-column buttons\">\r\n        <input type=\"hidden\" id=\"selLocation\" name=\"selLocation\" value=\"58c4b89d-25c7-49db-8d5e-8382bbdb57e4\"> \r\n  \t\t  <input type=\"hidden\" id=\"selCategories\" name=\"selCategories\" value=\"\">\r\n  \t\t   <input type=\"hidden\" id=\"rc\" name=\"rc\" value=\"1\">\r\n  \t\t   <input type=\"hidden\" name=\"selNights\" \/>\r\n  \t\t  <input type=\"hidden\" id=\"selNumberofUnits\" name=\"selNumberofUnits\" value=\"1\">\r\n  \t\t  <button class=\"acco-find rounded\" type=\"submit\">Unterkunft finden<\/button> &nbsp; \r\n  \t\t  <a class=\"req-button rounded\" href=\"https:\/\/www.salzburger-seenland.at\/en\/info#\/quickinquiry\" role=\"button\">Unverbindliche Anfrage<\/a> \r\n      <\/div>\r\n  <\/form>\r\n <\/div>\r\n<\/div>\r\n<script src=\"https:\/\/web5.deskline.net\/dwutility.js\" async><\/script>\r\n\r\n<script>\r\n    function onFormSubmit(){\r\n\t\r\n\tvar anreise = new Date(document.getElementsByName('selArrivaldate')[0].value); \/\/console.log(anreise);\r\n\tvar abreise = new Date(document.getElementsByName('selDeparturedate')[0].value); \/\/console.log(abreise);\r\n\tvar erwachsene = document.getElementsByName('selAdults')[0].value; \/\/console.log(erwachsene);\r\n\t\r\n        dw.accommodationQuickFind(\r\n            \/\/ LocalStorageID: \r\n            'seenlandelixhausen',\r\n\r\n            \/\/ Gastdaten\r\n            {\r\n                dateFrom: anreise,\r\n                dateTo: abreise,\r\n                occupancy1:{\r\n                    units:1,\r\n                    adults: erwachsene,\r\n                    children:[]\r\n                }\r\n            },\r\n            function() {\r\n                \/\/ Callback Funktion, Maybe redirecting\r\n                window.location.href = \"en\/info\";\r\n            });\r\n\r\n        return false;\r\n    }\r\n<\/script><\/div>\n\n<div class=\"lazyblock-zweifarbige-uberschrift-1eo6hC wp-block-lazyblock-zweifarbige-uberschrift\"><div class=\"container\">\n  <h1 class=\"duo-heading alignleft\">\n  Der \n  \n  <span class=\"after-color\">Grabensee<\/span>\n<\/h1>\n<div style=\"clear:both;\"><\/div>\n<\/div><\/div>\n\n\n<p>Der Grabensee: Moorsee und kleinster der drei &#8222;<strong>Trumer Seen<\/strong>&#8222;.<br>Der See und sein Umland sind beliebt bei Menschen, die Ruhe und Erholung in weitgehend unber\u00fchrter Natur suchen. Wie auch die gr\u00f6\u00dferen Trumer Seen zeichnet sich der Grabensee durch beste Wasserqualit\u00e4t aus.<\/p>\n\n\n\n<p>&nbsp;\u201eSanfte\u201c touristische Nutzung: Laut <strong>Naturschutzgebietsverordnung<\/strong> sind Boote und Wassersportger\u00e4te am Grabensee nicht zul\u00e4ssig. Luftmatratzen und die Schwimmtiere Ihrer Kinder in \u201enormaler Gr\u00f6\u00dfe\u201c \u2013 kein Problem in den ausgewiesenen Badebereichen.<\/p>\n\n\n\n<p>Der idyllische Campingplatz liegt am Nordwestufer des Sees.<\/p>\n\n\n<div class=\"lazyblock-related-posts-Z1yYQmw wp-block-lazyblock-related-posts\"><div class=\"sase-block light-background\">\r\n  <p>&nbsp;<\/p>\r\n  <div class=\"container\">\r\n   <h2 class=\"duo-heading aligncenter\">\r\n\t\tDie Orte am <br> <span class=\"after-color\">Grabensee<\/span>\r\n\t <\/h2> \r\n\t<p class=\"aligncenter\">&nbsp;<\/p>\r\n\t<div class=\"flex-grid\">\r\n\t<div class=\"flex-child col-lg-3\"><div class=\"box-with-text rounded\">\r\n\t\t\t        <a href=\"https:\/\/www.salzburger-seenland.at\/en\/our-places\/berndorf-near-salzburg\">\r\n\t\t\t          <img decoding=\"async\" class=\"b-lazy img-responsive wp-image-288\" src=\"data:image\/gif;base64,R0lGODlhAQABAAAAACH5BAEKAAEALAAAAAABAAEAAAICTAEAOw==\" data-src=\"https:\/\/www.salzburger-seenland.at\/wp-content\/uploads\/2023\/04\/Berndorf_Geiersberg-1-405x240.jpg\" alt=\"\" \/>\r\n\t\t\t        <\/a> \r\n\t\t\t        <div class=\"box-text-content\">\r\n\t\t\t          <h3><a href=\"https:\/\/www.salzburger-seenland.at\/en\/our-places\/berndorf-near-salzburg\">Berndorf bei Salzburg<\/a><\/h3>\r\n\t\t\t          <p><\/p>\r\n\t\t\t        <\/div>\r\n\t\t\t     <\/div><\/div><div class=\"flex-child col-lg-3\"><div class=\"box-with-text rounded\">\r\n\t\t\t        <a href=\"https:\/\/www.salzburger-seenland.at\/en\/our-places\/perwang-am-grabensee\">\r\n\t\t\t          <img decoding=\"async\" class=\"b-lazy img-responsive wp-image-307\" src=\"data:image\/gif;base64,R0lGODlhAQABAAAAACH5BAEKAAEALAAAAAABAAEAAAICTAEAOw==\" data-src=\"https:\/\/www.salzburger-seenland.at\/wp-content\/uploads\/2024\/04\/Perwang_Zollhaeusl-4-405x240.jpg\" alt=\"\" \/>\r\n\t\t\t        <\/a> \r\n\t\t\t        <div class=\"box-text-content\">\r\n\t\t\t          <h3><a href=\"https:\/\/www.salzburger-seenland.at\/en\/our-places\/perwang-am-grabensee\">Perwang am Grabensee<\/a><\/h3>\r\n\t\t\t          <p><\/p>\r\n\t\t\t        <\/div>\r\n\t\t\t     <\/div><\/div> \r\n\t<\/div>\r\n  <p style=\"clear:both;\">&nbsp;<br \/><br \/><\/p>\r\n<\/div>\r\n<\/div><\/div>","protected":false},"excerpt":{"rendered":"<p>Der Grabensee: Moorsee und kleinster der drei &#8222;Trumer Seen&#8222;.Der See und sein Umland sind beliebt bei Menschen, die Ruhe und Erholung in weitgehend unber\u00fchrter Natur suchen. Wie auch die gr\u00f6\u00dferen Trumer Seen zeichnet sich der Grabensee durch beste Wasserqualit\u00e4t aus. &nbsp;\u201eSanfte\u201c touristische Nutzung: Laut Naturschutzgebietsverordnung sind Boote und Wassersportger\u00e4te am Grabensee nicht zul\u00e4ssig. Luftmatratzen und [&hellip;]<\/p>\n","protected":false},"author":1,"featured_media":339,"parent":350,"menu_order":0,"comment_status":"closed","ping_status":"closed","template":"","meta":{"footnotes":""},"class_list":["post-355","page","type-page","status-publish","has-post-thumbnail","hentry"],"yoast_head":"<!-- This site is optimized with the Yoast SEO plugin v27.6 - https:\/\/yoast.com\/product\/yoast-seo-wordpress\/ -->\n<title>Grabensee - Salzburger Seenland<\/title>\n<meta name=\"description\" content=\"Der Grabensee ist ein Moorsee. Er ist der kleinste der drei Trumer Seen. Es gibt hier nur eine sanfte touristische Nutzung. Daher ist der See perfekt f\u00fcr einen ruhigen und erholsamen Urlaub geeignet.\" \/>\n<meta name=\"robots\" content=\"index, follow, max-snippet:-1, max-image-preview:large, max-video-preview:-1\" \/>\n<link rel=\"canonical\" href=\"https:\/\/www.salzburger-seenland.at\/en\/our-lakes\/grabensee\/\" \/>\n<meta property=\"og:locale\" content=\"en_GB\" \/>\n<meta property=\"og:type\" content=\"article\" \/>\n<meta property=\"og:title\" content=\"Grabensee - Salzburger Seenland\" \/>\n<meta property=\"og:description\" content=\"Der Grabensee ist ein Moorsee. Er ist der kleinste der drei Trumer Seen. Es gibt hier nur eine sanfte touristische Nutzung. Daher ist der See perfekt f\u00fcr einen ruhigen und erholsamen Urlaub geeignet.\" \/>\n<meta property=\"og:url\" content=\"https:\/\/www.salzburger-seenland.at\/en\/our-lakes\/grabensee\/\" \/>\n<meta property=\"og:site_name\" content=\"Salzburger Seenland\" \/>\n<meta property=\"article:publisher\" content=\"https:\/\/www.facebook.com\/seenland\" \/>\n<meta property=\"article:modified_time\" content=\"2023-06-03T08:05:44+00:00\" \/>\n<meta property=\"og:image\" content=\"https:\/\/www.salzburger-seenland.at\/wp-content\/uploads\/2023\/04\/SalzburgerSeenland_Grabensee_Perwang_29-1024x768.jpg\" \/>\n\t<meta property=\"og:image:width\" content=\"1024\" \/>\n\t<meta property=\"og:image:height\" content=\"768\" \/>\n\t<meta property=\"og:image:type\" content=\"image\/jpeg\" \/>\n<meta name=\"twitter:card\" content=\"summary_large_image\" \/>\n<meta name=\"twitter:label1\" content=\"Estimated reading time\" \/>\n\t<meta name=\"twitter:data1\" content=\"1 minute\" \/>\n<script type=\"application\/ld+json\" class=\"yoast-schema-graph\">{\"@context\":\"https:\\\/\\\/schema.org\",\"@graph\":[{\"@type\":\"WebPage\",\"@id\":\"https:\\\/\\\/www.salzburger-seenland.at\\\/unsere-seen\\\/grabensee\",\"url\":\"https:\\\/\\\/www.salzburger-seenland.at\\\/unsere-seen\\\/grabensee\",\"name\":\"Grabensee - Salzburger Seenland\",\"isPartOf\":{\"@id\":\"https:\\\/\\\/www.salzburger-seenland.at\\\/#website\"},\"primaryImageOfPage\":{\"@id\":\"https:\\\/\\\/www.salzburger-seenland.at\\\/unsere-seen\\\/grabensee#primaryimage\"},\"image\":{\"@id\":\"https:\\\/\\\/www.salzburger-seenland.at\\\/unsere-seen\\\/grabensee#primaryimage\"},\"thumbnailUrl\":\"https:\\\/\\\/www.salzburger-seenland.at\\\/wp-content\\\/uploads\\\/2023\\\/04\\\/SalzburgerSeenland_Grabensee_Perwang_29.jpg\",\"datePublished\":\"2023-04-25T06:16:06+00:00\",\"dateModified\":\"2023-06-03T08:05:44+00:00\",\"description\":\"Der Grabensee ist ein Moorsee. Er ist der kleinste der drei Trumer Seen. Es gibt hier nur eine sanfte touristische Nutzung. Daher ist der See perfekt f\u00fcr einen ruhigen und erholsamen Urlaub geeignet.\",\"breadcrumb\":{\"@id\":\"https:\\\/\\\/www.salzburger-seenland.at\\\/unsere-seen\\\/grabensee#breadcrumb\"},\"inLanguage\":\"en-GB\",\"potentialAction\":[{\"@type\":\"ReadAction\",\"target\":[\"https:\\\/\\\/www.salzburger-seenland.at\\\/unsere-seen\\\/grabensee\"]}]},{\"@type\":\"ImageObject\",\"inLanguage\":\"en-GB\",\"@id\":\"https:\\\/\\\/www.salzburger-seenland.at\\\/unsere-seen\\\/grabensee#primaryimage\",\"url\":\"https:\\\/\\\/www.salzburger-seenland.at\\\/wp-content\\\/uploads\\\/2023\\\/04\\\/SalzburgerSeenland_Grabensee_Perwang_29.jpg\",\"contentUrl\":\"https:\\\/\\\/www.salzburger-seenland.at\\\/wp-content\\\/uploads\\\/2023\\\/04\\\/SalzburgerSeenland_Grabensee_Perwang_29.jpg\",\"width\":2560,\"height\":1920,\"caption\":\"Perwang am Grabensee\"},{\"@type\":\"BreadcrumbList\",\"@id\":\"https:\\\/\\\/www.salzburger-seenland.at\\\/unsere-seen\\\/grabensee#breadcrumb\",\"itemListElement\":[{\"@type\":\"ListItem\",\"position\":1,\"name\":\"Startseite\",\"item\":\"https:\\\/\\\/www.salzburger-seenland.at\\\/\"},{\"@type\":\"ListItem\",\"position\":2,\"name\":\"Unsere Seen\",\"item\":\"https:\\\/\\\/www.salzburger-seenland.at\\\/unsere-seen\"},{\"@type\":\"ListItem\",\"position\":3,\"name\":\"Grabensee\"}]},{\"@type\":\"WebSite\",\"@id\":\"https:\\\/\\\/www.salzburger-seenland.at\\\/#website\",\"url\":\"https:\\\/\\\/www.salzburger-seenland.at\\\/\",\"name\":\"Salzburger Seenland\",\"description\":\"eintauchen erleben genie\u00dfen\",\"publisher\":{\"@id\":\"https:\\\/\\\/www.salzburger-seenland.at\\\/#organization\"},\"potentialAction\":[{\"@type\":\"SearchAction\",\"target\":{\"@type\":\"EntryPoint\",\"urlTemplate\":\"https:\\\/\\\/www.salzburger-seenland.at\\\/?s={search_term_string}\"},\"query-input\":{\"@type\":\"PropertyValueSpecification\",\"valueRequired\":true,\"valueName\":\"search_term_string\"}}],\"inLanguage\":\"en-GB\"},{\"@type\":\"Organization\",\"@id\":\"https:\\\/\\\/www.salzburger-seenland.at\\\/#organization\",\"name\":\"Seenland Tourismus GmbH\",\"alternateName\":\"Salzburger Seenland\",\"url\":\"https:\\\/\\\/www.salzburger-seenland.at\\\/\",\"logo\":{\"@type\":\"ImageObject\",\"inLanguage\":\"en-GB\",\"@id\":\"https:\\\/\\\/www.salzburger-seenland.at\\\/#\\\/schema\\\/logo\\\/image\\\/\",\"url\":\"https:\\\/\\\/www.salzburger-seenland.at\\\/wp-content\\\/uploads\\\/2023\\\/05\\\/salzburger-seenland_logo_rund_696x696.png\",\"contentUrl\":\"https:\\\/\\\/www.salzburger-seenland.at\\\/wp-content\\\/uploads\\\/2023\\\/05\\\/salzburger-seenland_logo_rund_696x696.png\",\"width\":696,\"height\":696,\"caption\":\"Seenland Tourismus GmbH\"},\"image\":{\"@id\":\"https:\\\/\\\/www.salzburger-seenland.at\\\/#\\\/schema\\\/logo\\\/image\\\/\"},\"sameAs\":[\"https:\\\/\\\/www.facebook.com\\\/seenland\",\"https:\\\/\\\/www.instagram.com\\\/salzburgerseenland\\\/\",\"https:\\\/\\\/www.youtube.com\\\/channel\\\/UCVEHCdkLG4WY7KMq8fS1XnQ\"]}]}<\/script>\n<!-- \/ Yoast SEO plugin. -->","yoast_head_json":{"title":"Grabensee - Salzburg Seenland","description":"The Grabensee is a moor lake. It is the smallest of the three Trumer lakes. There is only gentle tourist use here. Therefore, the lake is perfect for a quiet and relaxing holiday.","robots":{"index":"index","follow":"follow","max-snippet":"max-snippet:-1","max-image-preview":"max-image-preview:large","max-video-preview":"max-video-preview:-1"},"canonical":"https:\/\/www.salzburger-seenland.at\/en\/our-lakes\/grabensee\/","og_locale":"en_GB","og_type":"article","og_title":"Grabensee - Salzburger Seenland","og_description":"Der Grabensee ist ein Moorsee. Er ist der kleinste der drei Trumer Seen. Es gibt hier nur eine sanfte touristische Nutzung. Daher ist der See perfekt f\u00fcr einen ruhigen und erholsamen Urlaub geeignet.","og_url":"https:\/\/www.salzburger-seenland.at\/en\/our-lakes\/grabensee\/","og_site_name":"Salzburger Seenland","article_publisher":"https:\/\/www.facebook.com\/seenland","article_modified_time":"2023-06-03T08:05:44+00:00","og_image":[{"width":1024,"height":768,"url":"https:\/\/www.salzburger-seenland.at\/wp-content\/uploads\/2023\/04\/SalzburgerSeenland_Grabensee_Perwang_29-1024x768.jpg","type":"image\/jpeg"}],"twitter_card":"summary_large_image","twitter_misc":{"Estimated reading time":"1 minute"},"schema":{"@context":"https:\/\/schema.org","@graph":[{"@type":"WebPage","@id":"https:\/\/www.salzburger-seenland.at\/unsere-seen\/grabensee","url":"https:\/\/www.salzburger-seenland.at\/unsere-seen\/grabensee","name":"Grabensee - Salzburg Seenland","isPartOf":{"@id":"https:\/\/www.salzburger-seenland.at\/#website"},"primaryImageOfPage":{"@id":"https:\/\/www.salzburger-seenland.at\/unsere-seen\/grabensee#primaryimage"},"image":{"@id":"https:\/\/www.salzburger-seenland.at\/unsere-seen\/grabensee#primaryimage"},"thumbnailUrl":"https:\/\/www.salzburger-seenland.at\/wp-content\/uploads\/2023\/04\/SalzburgerSeenland_Grabensee_Perwang_29.jpg","datePublished":"2023-04-25T06:16:06+00:00","dateModified":"2023-06-03T08:05:44+00:00","description":"The Grabensee is a moor lake. It is the smallest of the three Trumer lakes. There is only gentle tourist use here. Therefore, the lake is perfect for a quiet and relaxing holiday.","breadcrumb":{"@id":"https:\/\/www.salzburger-seenland.at\/unsere-seen\/grabensee#breadcrumb"},"inLanguage":"en-GB","potentialAction":[{"@type":"ReadAction","target":["https:\/\/www.salzburger-seenland.at\/unsere-seen\/grabensee"]}]},{"@type":"ImageObject","inLanguage":"en-GB","@id":"https:\/\/www.salzburger-seenland.at\/unsere-seen\/grabensee#primaryimage","url":"https:\/\/www.salzburger-seenland.at\/wp-content\/uploads\/2023\/04\/SalzburgerSeenland_Grabensee_Perwang_29.jpg","contentUrl":"https:\/\/www.salzburger-seenland.at\/wp-content\/uploads\/2023\/04\/SalzburgerSeenland_Grabensee_Perwang_29.jpg","width":2560,"height":1920,"caption":"Perwang am Grabensee"},{"@type":"BreadcrumbList","@id":"https:\/\/www.salzburger-seenland.at\/unsere-seen\/grabensee#breadcrumb","itemListElement":[{"@type":"ListItem","position":1,"name":"Startseite","item":"https:\/\/www.salzburger-seenland.at\/"},{"@type":"ListItem","position":2,"name":"Unsere Seen","item":"https:\/\/www.salzburger-seenland.at\/unsere-seen"},{"@type":"ListItem","position":3,"name":"Grabensee"}]},{"@type":"WebSite","@id":"https:\/\/www.salzburger-seenland.at\/#website","url":"https:\/\/www.salzburger-seenland.at\/","name":"Salzburg Seenland","description":"immerse experience enjoy","publisher":{"@id":"https:\/\/www.salzburger-seenland.at\/#organization"},"potentialAction":[{"@type":"SearchAction","target":{"@type":"EntryPoint","urlTemplate":"https:\/\/www.salzburger-seenland.at\/?s={search_term_string}"},"query-input":{"@type":"PropertyValueSpecification","valueRequired":true,"valueName":"search_term_string"}}],"inLanguage":"en-GB"},{"@type":"Organization","@id":"https:\/\/www.salzburger-seenland.at\/#organization","name":"Seenland Tourism Ltd.","alternateName":"Salzburger Seenland","url":"https:\/\/www.salzburger-seenland.at\/","logo":{"@type":"ImageObject","inLanguage":"en-GB","@id":"https:\/\/www.salzburger-seenland.at\/#\/schema\/logo\/image\/","url":"https:\/\/www.salzburger-seenland.at\/wp-content\/uploads\/2023\/05\/salzburger-seenland_logo_rund_696x696.png","contentUrl":"https:\/\/www.salzburger-seenland.at\/wp-content\/uploads\/2023\/05\/salzburger-seenland_logo_rund_696x696.png","width":696,"height":696,"caption":"Seenland Tourismus GmbH"},"image":{"@id":"https:\/\/www.salzburger-seenland.at\/#\/schema\/logo\/image\/"},"sameAs":["https:\/\/www.facebook.com\/seenland","https:\/\/www.instagram.com\/salzburgerseenland\/","https:\/\/www.youtube.com\/channel\/UCVEHCdkLG4WY7KMq8fS1XnQ"]}]}},"_links":{"self":[{"href":"https:\/\/www.salzburger-seenland.at\/en\/wp-json\/wp\/v2\/pages\/355","targetHints":{"allow":["GET"]}}],"collection":[{"href":"https:\/\/www.salzburger-seenland.at\/en\/wp-json\/wp\/v2\/pages"}],"about":[{"href":"https:\/\/www.salzburger-seenland.at\/en\/wp-json\/wp\/v2\/types\/page"}],"author":[{"embeddable":true,"href":"https:\/\/www.salzburger-seenland.at\/en\/wp-json\/wp\/v2\/users\/1"}],"replies":[{"embeddable":true,"href":"https:\/\/www.salzburger-seenland.at\/en\/wp-json\/wp\/v2\/comments?post=355"}],"version-history":[{"count":5,"href":"https:\/\/www.salzburger-seenland.at\/en\/wp-json\/wp\/v2\/pages\/355\/revisions"}],"predecessor-version":[{"id":3646,"href":"https:\/\/www.salzburger-seenland.at\/en\/wp-json\/wp\/v2\/pages\/355\/revisions\/3646"}],"up":[{"embeddable":true,"href":"https:\/\/www.salzburger-seenland.at\/en\/wp-json\/wp\/v2\/pages\/350"}],"wp:featuredmedia":[{"embeddable":true,"href":"https:\/\/www.salzburger-seenland.at\/en\/wp-json\/wp\/v2\/media\/339"}],"wp:attachment":[{"href":"https:\/\/www.salzburger-seenland.at\/en\/wp-json\/wp\/v2\/media?parent=355"}],"curies":[{"name":"wp","href":"https:\/\/api.w.org\/{rel}","templated":true}]}}