{"id":404,"date":"2023-04-25T08:47:35","date_gmt":"2023-04-25T06:47:35","guid":{"rendered":"https:\/\/www.salzburger-seenland.at\/?page_id=404"},"modified":"2024-02-19T13:02:04","modified_gmt":"2024-02-19T12:02:04","slug":"erlebnis-freizeit","status":"publish","type":"page","link":"https:\/\/www.salzburger-seenland.at\/en\/recreational-experience","title":{"rendered":"Experience &amp; Leisure"},"content":{"rendered":"<div class=\"lazyblock-zweifarbige-uberschrift-1odXF8 wp-block-lazyblock-zweifarbige-uberschrift\"><div class=\"container\">\n  <h1 class=\"duo-heading alignleft\">\n  Experience &amp; discover the \n  <br>\n  <span class=\"after-color\">Salzburg Seenland<\/span>\n<\/h1>\n<div style=\"clear:both;\"><\/div>\n<\/div><\/div>\n\n\n<p>Immerse yourself in the world of culture, sport and adventure in Salzburg's Seenland. In the \"Fantasiana Erlebnispark\", over 50 attractions delight young and old. In the Ferdinand Porsche world of experience \"fahr(T)raum\" in Mattsee, the polished milestones of mobility are not only to be marvelled at, they are also ready for a drive. The festival city of Salzburg is also only 20 minutes away by car.<\/p>\n\n\n\n<p>Our Seenland highlights guarantee holidays that are as unique as they are eventful and unforgettable.<\/p>\n\n\n<div class=\"lazyblock-loadhighlights-Z2fyS6h wp-block-lazyblock-loadhighlights\"><div class=\"sase-block\">\r\n  <div class=\"container\">\r\n\t<h2 class=\"duo-heading aligncenter\"><a name=\"urlaubsthemen\"><\/a>\r\n\t\t <br> <span class=\"after-color\"><\/span>\r\n\t<\/h2> \r\n\t<p class=\"aligncenter\"><\/p>\r\n\t<div class=\"flex-grid\">\r\n\t<div class=\"flex-child col-lg-3\"><a href=\"https:\/\/www.salzburger-seenland.at\/en\/recreational-experience\/cycling\"><div class=\"box\"><img decoding=\"async\" class=\"b-lazy img-responsive wp-image-406 rounded\" src=\"data:image\/gif;base64,R0lGODlhAQABAAAAACH5BAEKAAEALAAAAAABAAEAAAICTAEAOw==\" data-src=\"https:\/\/www.salzburger-seenland.at\/wp-content\/uploads\/2023\/05\/SalzburgerSeenland_Buchberg_Radler1_kl-405x240.jpg\" alt=\"\" \/><div class=\"resp-text-overlay\"><h3>Cycling &amp; E-biking<\/h3><\/div><\/div><\/a><\/div><div class=\"flex-child col-lg-3\"><a href=\"https:\/\/www.salzburger-seenland.at\/en\/recreational-experience\/water-fun\"><div class=\"box\"><img decoding=\"async\" class=\"b-lazy img-responsive wp-image-895 rounded\" src=\"data:image\/gif;base64,R0lGODlhAQABAAAAACH5BAEKAAEALAAAAAABAAEAAAICTAEAOw==\" data-src=\"https:\/\/www.salzburger-seenland.at\/wp-content\/uploads\/2023\/05\/SalzburgerSeenland_Springer-scaled-405x240.jpg\" alt=\"\" \/><div class=\"resp-text-overlay\"><h3>Water fun &amp; lidos<\/h3><\/div><\/div><\/a><\/div><div class=\"flex-child col-lg-3\"><a href=\"https:\/\/www.salzburger-seenland.at\/en\/recreational-experience\/themed-hiking-trails\"><div class=\"box\"><img decoding=\"async\" class=\"b-lazy img-responsive wp-image-432 rounded\" src=\"data:image\/gif;base64,R0lGODlhAQABAAAAACH5BAEKAAEALAAAAAABAAEAAAICTAEAOw==\" data-src=\"https:\/\/www.salzburger-seenland.at\/wp-content\/uploads\/2023\/05\/Salzburger_Seenland_Obertrumer_Naturweg_pm-026-405x240.jpg\" alt=\"\" \/><div class=\"resp-text-overlay\"><h3>Hiking &amp; Theme Trails<\/h3><\/div><\/div><\/a><\/div><div class=\"flex-child col-lg-3\"><a href=\"https:\/\/www.salzburger-seenland.at\/en\/recreational-experience\/holiday-with-family\"><div class=\"box\"><img decoding=\"async\" class=\"b-lazy img-responsive wp-image-898 rounded\" src=\"data:image\/gif;base64,R0lGODlhAQABAAAAACH5BAEKAAEALAAAAAABAAEAAAICTAEAOw==\" data-src=\"https:\/\/www.salzburger-seenland.at\/wp-content\/uploads\/2023\/05\/SalzburgerSeenland_family_CHeikoMandl-1-405x240.jpg\" alt=\"\" \/><div class=\"resp-text-overlay\"><h3>Holiday with family<\/h3><\/div><\/div><\/a><\/div><div class=\"flex-child col-lg-3\"><a href=\"https:\/\/www.salzburger-seenland.at\/en\/recreational-experience\/excursion-destinations\"><div class=\"box\"><img decoding=\"async\" class=\"b-lazy img-responsive wp-image-1368 rounded\" src=\"data:image\/gif;base64,R0lGODlhAQABAAAAACH5BAEKAAEALAAAAAABAAEAAAICTAEAOw==\" data-src=\"https:\/\/www.salzburger-seenland.at\/wp-content\/uploads\/2023\/05\/SalzburgerSeenland_fahrtraumMattsee_Prinz-Heinrich-C-Christian-Maislinger-405x240.jpg\" alt=\"\" \/><div class=\"resp-text-overlay\"><h3>Excursion destinations<\/h3><\/div><\/div><\/a><\/div><div class=\"flex-child col-lg-3\"><a href=\"https:\/\/www.salzburger-seenland.at\/en\/recreational-experience\/lakeland-pilgrimage-trail\"><div class=\"box\"><img decoding=\"async\" class=\"b-lazy img-responsive wp-image-443 rounded\" src=\"data:image\/gif;base64,R0lGODlhAQABAAAAACH5BAEKAAEALAAAAAABAAEAAAICTAEAOw==\" data-src=\"https:\/\/www.salzburger-seenland.at\/wp-content\/uploads\/2023\/04\/hm_Via_Nova_051-405x240.jpg\" alt=\"\" \/><div class=\"resp-text-overlay\"><h3>Seenland Pilgrimage Route<\/h3><\/div><\/div><\/a><\/div><div class=\"flex-child col-lg-3\"><a href=\"https:\/\/www.salzburger-seenland.at\/en\/recreational-experience\/marry-in-the-lakeland\"><div class=\"box\"><img decoding=\"async\" class=\"b-lazy img-responsive wp-image-901 rounded\" src=\"data:image\/gif;base64,R0lGODlhAQABAAAAACH5BAEKAAEALAAAAAABAAEAAAICTAEAOw==\" data-src=\"https:\/\/www.salzburger-seenland.at\/wp-content\/uploads\/2023\/05\/heiraten-seenland-405x240.jpg\" alt=\"\" \/><div class=\"resp-text-overlay\"><h3>Marriage in Seenland<\/h3><\/div><\/div><\/a><\/div><div class=\"flex-child col-lg-3\"><a href=\"https:\/\/www.salzburger-seenland.at\/en\/recreational-experience\/holiday-with-dog\"><div class=\"box\"><img decoding=\"async\" class=\"b-lazy img-responsive wp-image-1804 rounded\" src=\"data:image\/gif;base64,R0lGODlhAQABAAAAACH5BAEKAAEALAAAAAABAAEAAAICTAEAOw==\" data-src=\"https:\/\/www.salzburger-seenland.at\/wp-content\/uploads\/2023\/05\/urlaub-mit-hund_salzburger-seenland-405x240.jpg\" alt=\"\" \/><div class=\"resp-text-overlay\"><h3>Holiday with dog<\/h3><\/div><\/div><\/a><\/div><div class=\"flex-child col-lg-3\"><a href=\"https:\/\/www.salzburger-seenland.at\/en\/recreational-experience\/group-offers\"><div class=\"box\"><img decoding=\"async\" class=\"b-lazy img-responsive wp-image-905 rounded\" src=\"data:image\/gif;base64,R0lGODlhAQABAAAAACH5BAEKAAEALAAAAAABAAEAAAICTAEAOw==\" data-src=\"https:\/\/www.salzburger-seenland.at\/wp-content\/uploads\/2023\/05\/seebuehne-seeham_grossaufnahme-405x240.jpg\" alt=\"\" \/><div class=\"resp-text-overlay\"><h3>Group offer<\/h3><\/div><\/div><\/a><\/div> \r\n\t<\/div>\r\n  <p class=\"desktop\" style=\"clear:both;\">&nbsp;<br \/><\/p>\r\n<\/div>\r\n<\/div><\/div>","protected":false},"excerpt":{"rendered":"<p>Tauchen Sie ein in die Kultur-, Sport- und Erlebniswelt des Salzburger Seenlands. Im &#8222;Fantasiana Erlebnispark&#8220; begeistern \u00fcber 50 Attraktionen Jung und Alt. In der Ferdinand Porsche Erlebniswelt \u201efahr(T)raum\u201c in Mattsee sind die auf Hochglanz polierten Meilensteine der Mobilit\u00e4t nicht nur zu bestaunen, sie stehen auch f\u00fcr eine Ausfahrt bereit. Auch die Festspielstadt Salzburg ist nur [&hellip;]<\/p>\n","protected":false},"author":1,"featured_media":0,"parent":0,"menu_order":0,"comment_status":"closed","ping_status":"closed","template":"","meta":{"footnotes":""},"class_list":["post-404","page","type-page","status-publish","hentry"],"yoast_head":"<!-- This site is optimized with the Yoast SEO plugin v27.3 - https:\/\/yoast.com\/product\/yoast-seo-wordpress\/ -->\n<title>Erlebnis &amp; Freizeit - Salzburger Seenland<\/title>\n<meta name=\"description\" content=\"Entdecke grenzenlose M\u00f6glichkeiten f\u00fcr unvergessliche Erlebnisse und Freizeitaktivit\u00e4ten im Salzburger Seenland! Tauche ein in eine Vielfalt an Ausflugszielen, Urlaubsthemen und Aktivit\u00e4ten f\u00fcr jeden Geschmack. Finde dein perfektes Abenteuer und erlebe unvergessliche Momente. Klicke hier, um deine Freizeit im Salzburger Seenland zu planen!\" \/>\n<meta name=\"robots\" content=\"index, follow, max-snippet:-1, max-image-preview:large, max-video-preview:-1\" \/>\n<link rel=\"canonical\" href=\"https:\/\/www.salzburger-seenland.at\/en\/recreational-experience\/\" \/>\n<meta property=\"og:locale\" content=\"en_GB\" \/>\n<meta property=\"og:type\" content=\"article\" \/>\n<meta property=\"og:title\" content=\"Erlebnis &amp; Freizeit - Salzburger Seenland\" \/>\n<meta property=\"og:description\" content=\"Entdecke grenzenlose M\u00f6glichkeiten f\u00fcr unvergessliche Erlebnisse und Freizeitaktivit\u00e4ten im Salzburger Seenland! Tauche ein in eine Vielfalt an Ausflugszielen, Urlaubsthemen und Aktivit\u00e4ten f\u00fcr jeden Geschmack. Finde dein perfektes Abenteuer und erlebe unvergessliche Momente. Klicke hier, um deine Freizeit im Salzburger Seenland zu planen!\" \/>\n<meta property=\"og:url\" content=\"https:\/\/www.salzburger-seenland.at\/en\/recreational-experience\/\" \/>\n<meta property=\"og:site_name\" content=\"Salzburger Seenland\" \/>\n<meta property=\"article:publisher\" content=\"https:\/\/www.facebook.com\/seenland\" \/>\n<meta property=\"article:modified_time\" content=\"2024-02-19T12:02:04+00:00\" \/>\n<meta property=\"og:image\" content=\"https:\/\/www.salzburger-seenland.at\/wp-content\/uploads\/2023\/05\/luftaufnahme_wallersee_richtung_seekirchen_druckaufloesung_5464x3640_300_dpi_kl-scaled.jpg\" \/>\n\t<meta property=\"og:image:width\" content=\"2560\" \/>\n\t<meta property=\"og:image:height\" content=\"1705\" \/>\n\t<meta property=\"og:image:type\" content=\"image\/jpeg\" \/>\n<meta name=\"twitter:card\" content=\"summary_large_image\" \/>\n<meta name=\"twitter:label1\" content=\"Estimated reading time\" \/>\n\t<meta name=\"twitter:data1\" content=\"3 minutes\" \/>\n<script type=\"application\/ld+json\" class=\"yoast-schema-graph\">{\"@context\":\"https:\\\/\\\/schema.org\",\"@graph\":[{\"@type\":\"WebPage\",\"@id\":\"https:\\\/\\\/www.salzburger-seenland.at\\\/erlebnis-freizeit\",\"url\":\"https:\\\/\\\/www.salzburger-seenland.at\\\/erlebnis-freizeit\",\"name\":\"Erlebnis & Freizeit - Salzburger Seenland\",\"isPartOf\":{\"@id\":\"https:\\\/\\\/www.salzburger-seenland.at\\\/#website\"},\"datePublished\":\"2023-04-25T06:47:35+00:00\",\"dateModified\":\"2024-02-19T12:02:04+00:00\",\"description\":\"Entdecke grenzenlose M\u00f6glichkeiten f\u00fcr unvergessliche Erlebnisse und Freizeitaktivit\u00e4ten im Salzburger Seenland! Tauche ein in eine Vielfalt an Ausflugszielen, Urlaubsthemen und Aktivit\u00e4ten f\u00fcr jeden Geschmack. Finde dein perfektes Abenteuer und erlebe unvergessliche Momente. Klicke hier, um deine Freizeit im Salzburger Seenland zu planen!\",\"breadcrumb\":{\"@id\":\"https:\\\/\\\/www.salzburger-seenland.at\\\/erlebnis-freizeit#breadcrumb\"},\"inLanguage\":\"en-GB\",\"potentialAction\":[{\"@type\":\"ReadAction\",\"target\":[\"https:\\\/\\\/www.salzburger-seenland.at\\\/erlebnis-freizeit\"]}]},{\"@type\":\"BreadcrumbList\",\"@id\":\"https:\\\/\\\/www.salzburger-seenland.at\\\/erlebnis-freizeit#breadcrumb\",\"itemListElement\":[{\"@type\":\"ListItem\",\"position\":1,\"name\":\"Startseite\",\"item\":\"https:\\\/\\\/www.salzburger-seenland.at\\\/\"},{\"@type\":\"ListItem\",\"position\":2,\"name\":\"Erlebnis &#038; Freizeit\"}]},{\"@type\":\"WebSite\",\"@id\":\"https:\\\/\\\/www.salzburger-seenland.at\\\/#website\",\"url\":\"https:\\\/\\\/www.salzburger-seenland.at\\\/\",\"name\":\"Salzburger Seenland\",\"description\":\"eintauchen erleben genie\u00dfen\",\"publisher\":{\"@id\":\"https:\\\/\\\/www.salzburger-seenland.at\\\/#organization\"},\"potentialAction\":[{\"@type\":\"SearchAction\",\"target\":{\"@type\":\"EntryPoint\",\"urlTemplate\":\"https:\\\/\\\/www.salzburger-seenland.at\\\/?s={search_term_string}\"},\"query-input\":{\"@type\":\"PropertyValueSpecification\",\"valueRequired\":true,\"valueName\":\"search_term_string\"}}],\"inLanguage\":\"en-GB\"},{\"@type\":\"Organization\",\"@id\":\"https:\\\/\\\/www.salzburger-seenland.at\\\/#organization\",\"name\":\"Seenland Tourismus GmbH\",\"alternateName\":\"Salzburger Seenland\",\"url\":\"https:\\\/\\\/www.salzburger-seenland.at\\\/\",\"logo\":{\"@type\":\"ImageObject\",\"inLanguage\":\"en-GB\",\"@id\":\"https:\\\/\\\/www.salzburger-seenland.at\\\/#\\\/schema\\\/logo\\\/image\\\/\",\"url\":\"https:\\\/\\\/www.salzburger-seenland.at\\\/wp-content\\\/uploads\\\/2023\\\/05\\\/salzburger-seenland_logo_rund_696x696.png\",\"contentUrl\":\"https:\\\/\\\/www.salzburger-seenland.at\\\/wp-content\\\/uploads\\\/2023\\\/05\\\/salzburger-seenland_logo_rund_696x696.png\",\"width\":696,\"height\":696,\"caption\":\"Seenland Tourismus GmbH\"},\"image\":{\"@id\":\"https:\\\/\\\/www.salzburger-seenland.at\\\/#\\\/schema\\\/logo\\\/image\\\/\"},\"sameAs\":[\"https:\\\/\\\/www.facebook.com\\\/seenland\",\"https:\\\/\\\/www.instagram.com\\\/salzburgerseenland\\\/\",\"https:\\\/\\\/www.youtube.com\\\/channel\\\/UCVEHCdkLG4WY7KMq8fS1XnQ\"]}]}<\/script>\n<!-- \/ Yoast SEO plugin. -->","yoast_head_json":{"title":"Adventure &amp; Leisure - Salzburg Seenland","description":"Discover limitless possibilities for unforgettable experiences and leisure activities in Salzburg Seenland! Immerse yourself in a variety of destinations, holiday themes and activities for every taste. Find your perfect adventure and experience unforgettable moments. Click here to plan your leisure time in Salzburg Seenland!","robots":{"index":"index","follow":"follow","max-snippet":"max-snippet:-1","max-image-preview":"max-image-preview:large","max-video-preview":"max-video-preview:-1"},"canonical":"https:\/\/www.salzburger-seenland.at\/en\/recreational-experience\/","og_locale":"en_GB","og_type":"article","og_title":"Erlebnis & Freizeit - Salzburger Seenland","og_description":"Entdecke grenzenlose M\u00f6glichkeiten f\u00fcr unvergessliche Erlebnisse und Freizeitaktivit\u00e4ten im Salzburger Seenland! Tauche ein in eine Vielfalt an Ausflugszielen, Urlaubsthemen und Aktivit\u00e4ten f\u00fcr jeden Geschmack. Finde dein perfektes Abenteuer und erlebe unvergessliche Momente. Klicke hier, um deine Freizeit im Salzburger Seenland zu planen!","og_url":"https:\/\/www.salzburger-seenland.at\/en\/recreational-experience\/","og_site_name":"Salzburger Seenland","article_publisher":"https:\/\/www.facebook.com\/seenland","article_modified_time":"2024-02-19T12:02:04+00:00","og_image":[{"width":2560,"height":1705,"url":"https:\/\/www.salzburger-seenland.at\/wp-content\/uploads\/2023\/05\/luftaufnahme_wallersee_richtung_seekirchen_druckaufloesung_5464x3640_300_dpi_kl-scaled.jpg","type":"image\/jpeg"}],"twitter_card":"summary_large_image","twitter_misc":{"Estimated reading time":"3 minutes"},"schema":{"@context":"https:\/\/schema.org","@graph":[{"@type":"WebPage","@id":"https:\/\/www.salzburger-seenland.at\/erlebnis-freizeit","url":"https:\/\/www.salzburger-seenland.at\/erlebnis-freizeit","name":"Adventure &amp; Leisure - Salzburg Seenland","isPartOf":{"@id":"https:\/\/www.salzburger-seenland.at\/#website"},"datePublished":"2023-04-25T06:47:35+00:00","dateModified":"2024-02-19T12:02:04+00:00","description":"Discover limitless possibilities for unforgettable experiences and leisure activities in Salzburg Seenland! Immerse yourself in a variety of destinations, holiday themes and activities for every taste. Find your perfect adventure and experience unforgettable moments. Click here to plan your leisure time in Salzburg Seenland!","breadcrumb":{"@id":"https:\/\/www.salzburger-seenland.at\/erlebnis-freizeit#breadcrumb"},"inLanguage":"en-GB","potentialAction":[{"@type":"ReadAction","target":["https:\/\/www.salzburger-seenland.at\/erlebnis-freizeit"]}]},{"@type":"BreadcrumbList","@id":"https:\/\/www.salzburger-seenland.at\/erlebnis-freizeit#breadcrumb","itemListElement":[{"@type":"ListItem","position":1,"name":"Startseite","item":"https:\/\/www.salzburger-seenland.at\/"},{"@type":"ListItem","position":2,"name":"Erlebnis &#038; Freizeit"}]},{"@type":"WebSite","@id":"https:\/\/www.salzburger-seenland.at\/#website","url":"https:\/\/www.salzburger-seenland.at\/","name":"Salzburg Seenland","description":"immerse experience enjoy","publisher":{"@id":"https:\/\/www.salzburger-seenland.at\/#organization"},"potentialAction":[{"@type":"SearchAction","target":{"@type":"EntryPoint","urlTemplate":"https:\/\/www.salzburger-seenland.at\/?s={search_term_string}"},"query-input":{"@type":"PropertyValueSpecification","valueRequired":true,"valueName":"search_term_string"}}],"inLanguage":"en-GB"},{"@type":"Organization","@id":"https:\/\/www.salzburger-seenland.at\/#organization","name":"Seenland Tourism Ltd.","alternateName":"Salzburger Seenland","url":"https:\/\/www.salzburger-seenland.at\/","logo":{"@type":"ImageObject","inLanguage":"en-GB","@id":"https:\/\/www.salzburger-seenland.at\/#\/schema\/logo\/image\/","url":"https:\/\/www.salzburger-seenland.at\/wp-content\/uploads\/2023\/05\/salzburger-seenland_logo_rund_696x696.png","contentUrl":"https:\/\/www.salzburger-seenland.at\/wp-content\/uploads\/2023\/05\/salzburger-seenland_logo_rund_696x696.png","width":696,"height":696,"caption":"Seenland Tourismus GmbH"},"image":{"@id":"https:\/\/www.salzburger-seenland.at\/#\/schema\/logo\/image\/"},"sameAs":["https:\/\/www.facebook.com\/seenland","https:\/\/www.instagram.com\/salzburgerseenland\/","https:\/\/www.youtube.com\/channel\/UCVEHCdkLG4WY7KMq8fS1XnQ"]}]}},"_links":{"self":[{"href":"https:\/\/www.salzburger-seenland.at\/en\/wp-json\/wp\/v2\/pages\/404","targetHints":{"allow":["GET"]}}],"collection":[{"href":"https:\/\/www.salzburger-seenland.at\/en\/wp-json\/wp\/v2\/pages"}],"about":[{"href":"https:\/\/www.salzburger-seenland.at\/en\/wp-json\/wp\/v2\/types\/page"}],"author":[{"embeddable":true,"href":"https:\/\/www.salzburger-seenland.at\/en\/wp-json\/wp\/v2\/users\/1"}],"replies":[{"embeddable":true,"href":"https:\/\/www.salzburger-seenland.at\/en\/wp-json\/wp\/v2\/comments?post=404"}],"version-history":[{"count":3,"href":"https:\/\/www.salzburger-seenland.at\/en\/wp-json\/wp\/v2\/pages\/404\/revisions"}],"predecessor-version":[{"id":5409,"href":"https:\/\/www.salzburger-seenland.at\/en\/wp-json\/wp\/v2\/pages\/404\/revisions\/5409"}],"wp:attachment":[{"href":"https:\/\/www.salzburger-seenland.at\/en\/wp-json\/wp\/v2\/media?parent=404"}],"curies":[{"name":"wp","href":"https:\/\/api.w.org\/{rel}","templated":true}]}}