{"id":7876,"date":"2025-05-13T10:48:00","date_gmt":"2025-05-13T08:48:00","guid":{"rendered":"https:\/\/www.salzburger-seenland.at\/?page_id=7876"},"modified":"2025-05-13T10:48:53","modified_gmt":"2025-05-13T08:48:53","slug":"barrierefrei","status":"publish","type":"page","link":"https:\/\/www.salzburger-seenland.at\/en\/barrier-free","title":{"rendered":"Declaration of accessibility"},"content":{"rendered":"<h1 class=\"wp-block-heading\">Declaration of accessibility<\/h1>\n\n\n\n<div style=\"height:30px\" aria-hidden=\"true\" class=\"wp-block-spacer\"><\/div>\n\n\n\n<p>The <strong>Salzburg Seenland Tourismus GmbH<\/strong> is endeavouring to make its website <strong>www.salzburger-seenland.at<\/strong> in accordance with the Federal Act on Barrier-free Access to Websites and Mobile Applications of the Federal Government (Web Accessibility Act - WZG) Federal Law Gazette I No. 59\/2019 as amended.<\/p>\n\n\n\n<p>This accessibility statement applies to the domain: <strong><a class=\"\" href=\"https:\/\/www.salzburger-seenland.at\/en\/\">www.salzburger-seenland.at<\/a><\/strong><\/p>\n\n\n\n<div style=\"height:30px\" aria-hidden=\"true\" class=\"wp-block-spacer\"><\/div>\n\n\n\n<h2 class=\"wp-block-heading\">Status of compatibility with the requirements<\/h2>\n\n\n\n<p>This website is protected because of the following <strong>Incompatibilities<\/strong> and <strong>Exceptions<\/strong> <strong>partly<\/strong> complies with conformance level AA of the \"Web Content Accessibility Guidelines - WCAG 2.1\" or with the applicable European Standard EN 301 549 V3.2.1 (2021-03) in accordance with Directive (EU) 2016\/2102 of the European Parliament and of the Council.<\/p>\n\n\n\n<h3 class=\"wp-block-heading\">Non-accessible content<\/h3>\n\n\n\n<h4 class=\"wp-block-heading\">a. Incompatibility with accessibility regulations<\/h4>\n\n\n\n<ul class=\"wp-block-list\">\n<li><strong>Keyboard navigation &amp; focus marking<\/strong>: <br>Some interactive elements cannot yet be fully operated with the keyboard or have insufficient focus marking.<\/li>\n\n\n\n<li><strong>Missing alternative texts for images<\/strong>: <br>Some decorative images or background images do not contain alternative text.<\/li>\n\n\n\n<li><strong>Low colour contrast<\/strong>: <br>Due to our corporate design, some text elements have insufficient colour contrast, which can impair legibility for people with visual impairments.<\/li>\n\n\n\n<li><strong>Complex language<\/strong>: <br>Parts of the website use technical terms or complex sentence structures that may be difficult for people with cognitive impairments to understand.<\/li>\n<\/ul>\n\n\n\n<h4 class=\"wp-block-heading\">b. Disproportionate burden<\/h4>\n\n\n\n<ul class=\"wp-block-list\">\n<li><strong>Accessible PDFs<\/strong>: <br>Many PDF documents such as catalogues, maps or flyers were created before the accessibility requirements came into force and cannot be made completely accessible at a later date.<\/li>\n\n\n\n<li><strong>Audio descriptions for videos<\/strong>: <br>Not all embedded videos currently have audio descriptions.<\/li>\n\n\n\n<li><strong>Insufficient keyboard operability<\/strong>: <br>Not all interactive elements can be fully operated using the keyboard or have visible focus markers.<\/li>\n<\/ul>\n\n\n\n<h4 class=\"wp-block-heading\">c. Content outside the scope of the applicable legislation<\/h4>\n\n\n\n<ul class=\"wp-block-list\">\n<li><strong>Archived documents and content<\/strong>, <br>published before 28 June 2025, e.g. older PDFs and multimedia content.<\/li>\n\n\n\n<li><strong>External content and embedded services from third-party providers<\/strong> <br>z.e.g. social media feeds, map material or plug-ins that are outside the sphere of influence of Salzburger Seenland Tourismus GmbH.<\/li>\n<\/ul>\n\n\n\n<div style=\"height:30px\" aria-hidden=\"true\" class=\"wp-block-spacer\"><\/div>\n\n\n\n<h2 class=\"wp-block-heading\">Preparation of the accessibility declaration<\/h2>\n\n\n\n<p>This declaration was issued on <strong>12.05.2025<\/strong> prepared. The declaration was prepared on the basis of a <strong>Third parties<\/strong> the valuation performed. This declaration was last updated on <strong>13.05.2025<\/strong> checked.<\/p>\n\n\n\n<h3 class=\"wp-block-heading\">Feedback and contact details<\/h3>\n\n\n\n<p>If you notice any deficiencies with regard to compliance with accessibility requirements or require information on non-accessible content, please contact us:<\/p>\n\n\n\n<p><strong>Salzburg Seenland Tourismus GmbH<\/strong><br>Seeweg 1, 5164 Seeham<br>Phone: +43 6217 20220<br>e-mail:<a>info@salzburger-seenland.at<\/a><\/p>\n\n\n\n<h3 class=\"wp-block-heading\">Enforcement proceedings<\/h3>\n\n\n\n<p>In the event of unsatisfactory responses from the above-mentioned contact option, you can lodge a complaint with the <strong>Complaints office of the Austrian Research Promotion Agency with limited liability (FFG)<\/strong> contact. The FFG accepts applications via the <a href=\"https:\/\/www.digitalbarrierefrei.at\/de\/beschwerdestelle\/kontaktformular-beschwerdestelle\" target=\"_blank\" rel=\"noreferrer noopener nofollow\">Contact form of the complaints office<\/a> complaints electronically.<\/p>\n\n\n\n<p>The complaints are examined by the FFG to determine whether they relate to violations of the provisions of the Web Accessibility Act, in particular deficiencies in compliance with the accessibility requirements, by the federal government or an organisation attributable to it. If the complaint is justified, the FFG must issue recommendations for action to the federal government or the legal entities concerned and propose measures to remedy the deficiencies in question.<\/p>\n\n\n\n<p><a href=\"https:\/\/www.digitalbarrierefrei.at\/de\/beschwerde-einreichen\/informationen-zum-beschwerdeprozess\" target=\"_blank\" rel=\"noreferrer noopener nofollow\"><strong>Further information on the complaints procedure<\/strong><\/a><\/p>\n\n\n\n<p><\/p>","protected":false},"excerpt":{"rendered":"<p>Barrierefreiheitserkl\u00e4rung Die Salzburger Seenland Tourismus GmbH ist bem\u00fcht, ihre Website www.salzburger-seenland.at im Einklang mit dem Bundesgesetz \u00fcber den barrierefreien Zugang zu Websites und mobilen Anwendungen des Bundes (Web-Zug\u00e4nglichkeits-Gesetz \u2013 WZG) BGBl. I Nr. 59\/2019 idgF, barrierefrei zug\u00e4nglich zu machen. Diese Erkl\u00e4rung zur Barrierefreiheit gilt f\u00fcr die Domain: www.salzburger-seenland.at Stand der Vereinbarkeit mit den Anforderungen Diese [&hellip;]<\/p>\n","protected":false},"author":1,"featured_media":0,"parent":0,"menu_order":0,"comment_status":"closed","ping_status":"closed","template":"","meta":{"footnotes":""},"class_list":["post-7876","page","type-page","status-publish","hentry"],"yoast_head":"<!-- This site is optimized with the Yoast SEO plugin v27.4 - https:\/\/yoast.com\/product\/yoast-seo-wordpress\/ -->\n<title>Barrierefreiheitserkl\u00e4rung - Salzburger Seenland<\/title>\n<meta name=\"description\" content=\"Die Salzburger Seenland Tourismus GmbH ist bem\u00fcht, ihre Website im Einklang mit dem Bundesgesetz \u00fcber den barrierefreien Zugang zu Websites und mobilen Anwendungen des Bundes (Web-Zug\u00e4nglichkeits-Gesetz \u2013 WZG) BGBl. I Nr. 59\/2019 idgF, barrierefrei zug\u00e4nglich zu machen.\" \/>\n<meta name=\"robots\" content=\"noindex, follow\" \/>\n<meta property=\"og:locale\" content=\"en_GB\" \/>\n<meta property=\"og:type\" content=\"article\" \/>\n<meta property=\"og:title\" content=\"Barrierefreiheitserkl\u00e4rung - Salzburger Seenland\" \/>\n<meta property=\"og:description\" content=\"Die Salzburger Seenland Tourismus GmbH ist bem\u00fcht, ihre Website im Einklang mit dem Bundesgesetz \u00fcber den barrierefreien Zugang zu Websites und mobilen Anwendungen des Bundes (Web-Zug\u00e4nglichkeits-Gesetz \u2013 WZG) BGBl. I Nr. 59\/2019 idgF, barrierefrei zug\u00e4nglich zu machen.\" \/>\n<meta property=\"og:url\" content=\"https:\/\/www.salzburger-seenland.at\/en\/barrier-free\/\" \/>\n<meta property=\"og:site_name\" content=\"Salzburger Seenland\" \/>\n<meta property=\"article:publisher\" content=\"https:\/\/www.facebook.com\/seenland\" \/>\n<meta property=\"article:modified_time\" content=\"2025-05-13T08:48:53+00:00\" \/>\n<meta property=\"og:image\" content=\"https:\/\/www.salzburger-seenland.at\/wp-content\/uploads\/2023\/05\/luftaufnahme_wallersee_richtung_seekirchen_druckaufloesung_5464x3640_300_dpi_kl-scaled.jpg\" \/>\n\t<meta property=\"og:image:width\" content=\"2560\" \/>\n\t<meta property=\"og:image:height\" content=\"1705\" \/>\n\t<meta property=\"og:image:type\" content=\"image\/jpeg\" \/>\n<meta name=\"twitter:card\" content=\"summary_large_image\" \/>\n<meta name=\"twitter:label1\" content=\"Estimated reading time\" \/>\n\t<meta name=\"twitter:data1\" content=\"3 minutes\" \/>\n<script type=\"application\/ld+json\" class=\"yoast-schema-graph\">{\"@context\":\"https:\\\/\\\/schema.org\",\"@graph\":[{\"@type\":\"WebPage\",\"@id\":\"https:\\\/\\\/www.salzburger-seenland.at\\\/barrierefrei\",\"url\":\"https:\\\/\\\/www.salzburger-seenland.at\\\/barrierefrei\",\"name\":\"Barrierefreiheitserkl\u00e4rung - Salzburger Seenland\",\"isPartOf\":{\"@id\":\"https:\\\/\\\/www.salzburger-seenland.at\\\/#website\"},\"datePublished\":\"2025-05-13T08:48:00+00:00\",\"dateModified\":\"2025-05-13T08:48:53+00:00\",\"description\":\"Die Salzburger Seenland Tourismus GmbH ist bem\u00fcht, ihre Website im Einklang mit dem Bundesgesetz \u00fcber den barrierefreien Zugang zu Websites und mobilen Anwendungen des Bundes (Web-Zug\u00e4nglichkeits-Gesetz \u2013 WZG) BGBl. I Nr. 59\\\/2019 idgF, barrierefrei zug\u00e4nglich zu machen.\",\"breadcrumb\":{\"@id\":\"https:\\\/\\\/www.salzburger-seenland.at\\\/barrierefrei#breadcrumb\"},\"inLanguage\":\"en-GB\",\"potentialAction\":[{\"@type\":\"ReadAction\",\"target\":[\"https:\\\/\\\/www.salzburger-seenland.at\\\/barrierefrei\"]}]},{\"@type\":\"BreadcrumbList\",\"@id\":\"https:\\\/\\\/www.salzburger-seenland.at\\\/barrierefrei#breadcrumb\",\"itemListElement\":[{\"@type\":\"ListItem\",\"position\":1,\"name\":\"Startseite\",\"item\":\"https:\\\/\\\/www.salzburger-seenland.at\\\/\"},{\"@type\":\"ListItem\",\"position\":2,\"name\":\"Barrierefreiheitserkl\u00e4rung\"}]},{\"@type\":\"WebSite\",\"@id\":\"https:\\\/\\\/www.salzburger-seenland.at\\\/#website\",\"url\":\"https:\\\/\\\/www.salzburger-seenland.at\\\/\",\"name\":\"Salzburger Seenland\",\"description\":\"eintauchen erleben genie\u00dfen\",\"publisher\":{\"@id\":\"https:\\\/\\\/www.salzburger-seenland.at\\\/#organization\"},\"potentialAction\":[{\"@type\":\"SearchAction\",\"target\":{\"@type\":\"EntryPoint\",\"urlTemplate\":\"https:\\\/\\\/www.salzburger-seenland.at\\\/?s={search_term_string}\"},\"query-input\":{\"@type\":\"PropertyValueSpecification\",\"valueRequired\":true,\"valueName\":\"search_term_string\"}}],\"inLanguage\":\"en-GB\"},{\"@type\":\"Organization\",\"@id\":\"https:\\\/\\\/www.salzburger-seenland.at\\\/#organization\",\"name\":\"Seenland Tourismus GmbH\",\"alternateName\":\"Salzburger Seenland\",\"url\":\"https:\\\/\\\/www.salzburger-seenland.at\\\/\",\"logo\":{\"@type\":\"ImageObject\",\"inLanguage\":\"en-GB\",\"@id\":\"https:\\\/\\\/www.salzburger-seenland.at\\\/#\\\/schema\\\/logo\\\/image\\\/\",\"url\":\"https:\\\/\\\/www.salzburger-seenland.at\\\/wp-content\\\/uploads\\\/2023\\\/05\\\/salzburger-seenland_logo_rund_696x696.png\",\"contentUrl\":\"https:\\\/\\\/www.salzburger-seenland.at\\\/wp-content\\\/uploads\\\/2023\\\/05\\\/salzburger-seenland_logo_rund_696x696.png\",\"width\":696,\"height\":696,\"caption\":\"Seenland Tourismus GmbH\"},\"image\":{\"@id\":\"https:\\\/\\\/www.salzburger-seenland.at\\\/#\\\/schema\\\/logo\\\/image\\\/\"},\"sameAs\":[\"https:\\\/\\\/www.facebook.com\\\/seenland\",\"https:\\\/\\\/www.instagram.com\\\/salzburgerseenland\\\/\",\"https:\\\/\\\/www.youtube.com\\\/channel\\\/UCVEHCdkLG4WY7KMq8fS1XnQ\"]}]}<\/script>\n<!-- \/ Yoast SEO plugin. -->","yoast_head_json":{"title":"Declaration of accessibility - Salzburg Seenland","description":"Salzburger Seenland Tourismus GmbH endeavours to make its website accessible in accordance with the Federal Act on Barrier-free Access to Websites and Mobile Applications of the Federal Government (Web Accessibility Act - WZG) Federal Law Gazette I No. 59\/2019 as amended.","robots":{"index":"noindex","follow":"follow"},"og_locale":"en_GB","og_type":"article","og_title":"Barrierefreiheitserkl\u00e4rung - Salzburger Seenland","og_description":"Die Salzburger Seenland Tourismus GmbH ist bem\u00fcht, ihre Website im Einklang mit dem Bundesgesetz \u00fcber den barrierefreien Zugang zu Websites und mobilen Anwendungen des Bundes (Web-Zug\u00e4nglichkeits-Gesetz \u2013 WZG) BGBl. I Nr. 59\/2019 idgF, barrierefrei zug\u00e4nglich zu machen.","og_url":"https:\/\/www.salzburger-seenland.at\/en\/barrier-free\/","og_site_name":"Salzburger Seenland","article_publisher":"https:\/\/www.facebook.com\/seenland","article_modified_time":"2025-05-13T08:48:53+00:00","og_image":[{"width":2560,"height":1705,"url":"https:\/\/www.salzburger-seenland.at\/wp-content\/uploads\/2023\/05\/luftaufnahme_wallersee_richtung_seekirchen_druckaufloesung_5464x3640_300_dpi_kl-scaled.jpg","type":"image\/jpeg"}],"twitter_card":"summary_large_image","twitter_misc":{"Estimated reading time":"3 minutes"},"schema":{"@context":"https:\/\/schema.org","@graph":[{"@type":"WebPage","@id":"https:\/\/www.salzburger-seenland.at\/barrierefrei","url":"https:\/\/www.salzburger-seenland.at\/barrierefrei","name":"Declaration of accessibility - Salzburg Seenland","isPartOf":{"@id":"https:\/\/www.salzburger-seenland.at\/#website"},"datePublished":"2025-05-13T08:48:00+00:00","dateModified":"2025-05-13T08:48:53+00:00","description":"Salzburger Seenland Tourismus GmbH endeavours to make its website accessible in accordance with the Federal Act on Barrier-free Access to Websites and Mobile Applications of the Federal Government (Web Accessibility Act - WZG) Federal Law Gazette I No. 59\/2019 as amended.","breadcrumb":{"@id":"https:\/\/www.salzburger-seenland.at\/barrierefrei#breadcrumb"},"inLanguage":"en-GB","potentialAction":[{"@type":"ReadAction","target":["https:\/\/www.salzburger-seenland.at\/barrierefrei"]}]},{"@type":"BreadcrumbList","@id":"https:\/\/www.salzburger-seenland.at\/barrierefrei#breadcrumb","itemListElement":[{"@type":"ListItem","position":1,"name":"Startseite","item":"https:\/\/www.salzburger-seenland.at\/"},{"@type":"ListItem","position":2,"name":"Barrierefreiheitserkl\u00e4rung"}]},{"@type":"WebSite","@id":"https:\/\/www.salzburger-seenland.at\/#website","url":"https:\/\/www.salzburger-seenland.at\/","name":"Salzburg Seenland","description":"immerse experience enjoy","publisher":{"@id":"https:\/\/www.salzburger-seenland.at\/#organization"},"potentialAction":[{"@type":"SearchAction","target":{"@type":"EntryPoint","urlTemplate":"https:\/\/www.salzburger-seenland.at\/?s={search_term_string}"},"query-input":{"@type":"PropertyValueSpecification","valueRequired":true,"valueName":"search_term_string"}}],"inLanguage":"en-GB"},{"@type":"Organization","@id":"https:\/\/www.salzburger-seenland.at\/#organization","name":"Seenland Tourism Ltd.","alternateName":"Salzburger Seenland","url":"https:\/\/www.salzburger-seenland.at\/","logo":{"@type":"ImageObject","inLanguage":"en-GB","@id":"https:\/\/www.salzburger-seenland.at\/#\/schema\/logo\/image\/","url":"https:\/\/www.salzburger-seenland.at\/wp-content\/uploads\/2023\/05\/salzburger-seenland_logo_rund_696x696.png","contentUrl":"https:\/\/www.salzburger-seenland.at\/wp-content\/uploads\/2023\/05\/salzburger-seenland_logo_rund_696x696.png","width":696,"height":696,"caption":"Seenland Tourismus GmbH"},"image":{"@id":"https:\/\/www.salzburger-seenland.at\/#\/schema\/logo\/image\/"},"sameAs":["https:\/\/www.facebook.com\/seenland","https:\/\/www.instagram.com\/salzburgerseenland\/","https:\/\/www.youtube.com\/channel\/UCVEHCdkLG4WY7KMq8fS1XnQ"]}]}},"_links":{"self":[{"href":"https:\/\/www.salzburger-seenland.at\/en\/wp-json\/wp\/v2\/pages\/7876","targetHints":{"allow":["GET"]}}],"collection":[{"href":"https:\/\/www.salzburger-seenland.at\/en\/wp-json\/wp\/v2\/pages"}],"about":[{"href":"https:\/\/www.salzburger-seenland.at\/en\/wp-json\/wp\/v2\/types\/page"}],"author":[{"embeddable":true,"href":"https:\/\/www.salzburger-seenland.at\/en\/wp-json\/wp\/v2\/users\/1"}],"replies":[{"embeddable":true,"href":"https:\/\/www.salzburger-seenland.at\/en\/wp-json\/wp\/v2\/comments?post=7876"}],"version-history":[{"count":5,"href":"https:\/\/www.salzburger-seenland.at\/en\/wp-json\/wp\/v2\/pages\/7876\/revisions"}],"predecessor-version":[{"id":7882,"href":"https:\/\/www.salzburger-seenland.at\/en\/wp-json\/wp\/v2\/pages\/7876\/revisions\/7882"}],"wp:attachment":[{"href":"https:\/\/www.salzburger-seenland.at\/en\/wp-json\/wp\/v2\/media?parent=7876"}],"curies":[{"name":"wp","href":"https:\/\/api.w.org\/{rel}","templated":true}]}}