{"id":8638,"date":"2025-09-29T14:56:43","date_gmt":"2025-09-29T12:56:43","guid":{"rendered":"https:\/\/www.salzburger-seenland.at\/?page_id=8638"},"modified":"2026-04-17T15:49:58","modified_gmt":"2026-04-17T13:49:58","slug":"ortsmarketing-mattsee","status":"publish","type":"page","link":"https:\/\/www.salzburger-seenland.at\/en\/local-marketing-mattsee","title":{"rendered":"Local marketing Mattsee"},"content":{"rendered":"<div class=\"lazyblock-zweifarbige-uberschrift-Z1VmSaR wp-block-lazyblock-zweifarbige-uberschrift\"><div class=\"container\">\n  <h1 class=\"duo-heading alignleft\">\n  Local marketing \n  \n  <span class=\"after-color\">Mattsee <\/span>\n<\/h1>\n<div style=\"clear:both;\"><\/div>\n<\/div><\/div>\n\n\n<p><strong>Why local marketing?<\/strong><\/p>\n\n\n\n<p>Municipalities in rural areas face the challenge of keeping purchasing power and customers in the town and counteracting vacancies in the town centre. The Mattsee local marketing working group was founded to revitalise and strengthen Mattsee in the long term.<\/p>\n\n\n\n<p><strong>What tasks have we set ourselves?<\/strong><\/p>\n\n\n\n<ul class=\"wp-block-list\">\n<li>St\u00e4rkung und Belebung des Ortskern<\/li>\n\n\n\n<li>Improve communication and cooperation between businesses, tourism association and municipality<\/li>\n\n\n\n<li>Vacancy management: attracting and supporting new businesses and thus creating jobs<\/li>\n\n\n\n<li>Unterst\u00fctzung von Veranstaltungen zur Belebung des Ortes<\/li>\n\n\n\n<li>Retaining purchasing power in the town and promoting customer loyalty<\/li>\n\n\n\n<li>Introduction of the local currency \"Mattsee Zehner\" (Further information&nbsp;<a href=\"https:\/\/www.salzburger-seenland.at\/en\/local-marketing\/local-currency-mattsee\/\" id=\"8644\"><strong>here<\/strong><\/a>)<\/li>\n<\/ul>\n\n\n\n<p><strong>Our goal:&nbsp;<\/strong>We want to position Mattsee in an unmistakable way and further strengthen the attractiveness of the location economically through a clear focus.<\/p>\n\n\n\n<p class=\"has-blue-color has-text-color has-link-color wp-elements-1060c8d512a0e025d36effd19f677ac2\"><strong>Liebe Gewerbetreibende und Interessierte, wir unterst\u00fctzen Euch gerne Eure Ideen gemeinsam umzusetzen.<\/strong><\/p>\n\n\n\n<p><strong>Local marketing working group<\/strong><br>E: <a href=\"mailto:info@mattsee.co.at\" target=\"_blank\" rel=\"noreferrer noopener\"><\/a><a href=\"mailto:info@mattsee.co.at\">info@mattsee.co.at<\/a><br>T: <a href=\"tel:+4362176080\" target=\"_blank\" rel=\"noreferrer noopener\">+43 6217 6080<\/a><\/p>\n\n\n<div class=\"lazyblock-related-posts-Z26lTGX wp-block-lazyblock-related-posts\"><div class=\"sase-block light-background\">\r\n  <p>&nbsp;<\/p>\r\n  <div class=\"container\">\r\n   <h2 class=\"duo-heading aligncenter\">\r\n\t\tOur <br> <span class=\"after-color\">Activities<\/span>\r\n\t <\/h2> \r\n\t<p class=\"aligncenter\">&nbsp;<\/p>\r\n\t<div class=\"flex-grid\">\r\n\t<div class=\"flex-child col-lg-3\"><div class=\"box-with-text rounded\">\r\n\t\t\t        <a href=\"https:\/\/www.salzburger-seenland.at\/en\/local-marketing\/local-currency-mattsee\">\r\n\t\t\t          <img decoding=\"async\" class=\"b-lazy img-responsive wp-image-8644\" src=\"data:image\/gif;base64,R0lGODlhAQABAAAAACH5BAEKAAEALAAAAAABAAEAAAICTAEAOw==\" data-src=\"https:\/\/www.salzburger-seenland.at\/wp-content\/uploads\/2025\/09\/Mattsee-10er-und-20er-405x240.jpg\" alt=\"\" \/>\r\n\t\t\t        <\/a> \r\n\t\t\t        <div class=\"box-text-content\">\r\n\t\t\t          <h3><a href=\"https:\/\/www.salzburger-seenland.at\/en\/local-marketing\/local-currency-mattsee\">Local currency<\/a><\/h3>\r\n\t\t\t          <p>The new MATTSEE-ZEHNER! - Our local currency.<\/p>\r\n\t\t\t        <\/div>\r\n\t\t\t     <\/div><\/div><div class=\"flex-child col-lg-3\"><div class=\"box-with-text rounded\">\r\n\t\t\t        <a href=\"https:\/\/www.salzburger-seenland.at\/en\/local-marketing\/get-married-at-mattsee-campaign\">\r\n\t\t\t          <img decoding=\"async\" class=\"b-lazy img-responsive wp-image-8656\" src=\"data:image\/gif;base64,R0lGODlhAQABAAAAACH5BAEKAAEALAAAAAABAAEAAAICTAEAOw==\" data-src=\"https:\/\/www.salzburger-seenland.at\/wp-content\/uploads\/2025\/09\/IMG_7917-405x240.jpg\" alt=\"\" \/>\r\n\t\t\t        <\/a> \r\n\t\t\t        <div class=\"box-text-content\">\r\n\t\t\t          <h3><a href=\"https:\/\/www.salzburger-seenland.at\/en\/local-marketing\/get-married-at-mattsee-campaign\">Marriage on Mattsee<\/a><\/h3>\r\n\t\t\t          <p>The Mattsee venue has become one of the most popular wedding locations in the Salzburg...<\/p>\r\n\t\t\t        <\/div>\r\n\t\t\t     <\/div><\/div><div class=\"flex-child col-lg-3\"><div class=\"box-with-text rounded\">\r\n\t\t\t        <a href=\"https:\/\/www.salzburger-seenland.at\/en\/local-marketing\/current\">\r\n\t\t\t          <img decoding=\"async\" class=\"b-lazy img-responsive wp-image-9251\" src=\"data:image\/gif;base64,R0lGODlhAQABAAAAACH5BAEKAAEALAAAAAABAAEAAAICTAEAOw==\" data-src=\"https:\/\/www.salzburger-seenland.at\/wp-content\/uploads\/2026\/02\/20220429_Mi20503-HDR-405x240.jpg\" alt=\"\" \/>\r\n\t\t\t        <\/a> \r\n\t\t\t        <div class=\"box-text-content\">\r\n\t\t\t          <h3><a href=\"https:\/\/www.salzburger-seenland.at\/en\/local-marketing\/current\">Latest news<\/a><\/h3>\r\n\t\t\t          <p><\/p>\r\n\t\t\t        <\/div>\r\n\t\t\t     <\/div><\/div> \r\n\t<\/div>\r\n  <p style=\"clear:both;\">&nbsp;<br \/><br \/><\/p>\r\n<\/div>\r\n<\/div><\/div>\n\n\n<p><\/p>","protected":false},"excerpt":{"rendered":"<p>Warum Ortsmarketing? Die Gemeinden im l\u00e4ndlichen Raum stehen vor der Herausforderung, Kaufkraft und Kunden im Ort zu halten und dem Leerstand im Ortskern entgegenzuwirken. Um Mattsee nachhaltig zu beleben und zu st\u00e4rken, wurde die Arbeitsgruppe Ortsmarketing Mattsee gegr\u00fcndet. Welche Aufgaben haben wir uns gesetzt? Unser Ziel:&nbsp;Wir m\u00f6chten Mattsee unverkennbar positionieren und durch eine klare Ausrichtung [&hellip;]<\/p>\n","protected":false},"author":8,"featured_media":0,"parent":0,"menu_order":0,"comment_status":"closed","ping_status":"closed","template":"","meta":{"footnotes":""},"class_list":["post-8638","page","type-page","status-publish","hentry"],"yoast_head":"<!-- This site is optimized with the Yoast SEO plugin v27.5 - https:\/\/yoast.com\/product\/yoast-seo-wordpress\/ -->\n<title>Ortsmarketing Mattsee - Salzburger Seenland<\/title>\n<meta name=\"robots\" content=\"noindex, follow\" \/>\n<meta property=\"og:locale\" content=\"en_GB\" \/>\n<meta property=\"og:type\" content=\"article\" \/>\n<meta property=\"og:title\" content=\"Ortsmarketing Mattsee - Salzburger Seenland\" \/>\n<meta property=\"og:description\" content=\"Warum Ortsmarketing? Die Gemeinden im l\u00e4ndlichen Raum stehen vor der Herausforderung, Kaufkraft und Kunden im Ort zu halten und dem Leerstand im Ortskern entgegenzuwirken. Um Mattsee nachhaltig zu beleben und zu st\u00e4rken, wurde die Arbeitsgruppe Ortsmarketing Mattsee gegr\u00fcndet. Welche Aufgaben haben wir uns gesetzt? Unser Ziel:&nbsp;Wir m\u00f6chten Mattsee unverkennbar positionieren und durch eine klare Ausrichtung [&hellip;]\" \/>\n<meta property=\"og:url\" content=\"https:\/\/www.salzburger-seenland.at\/en\/local-marketing-mattsee\/\" \/>\n<meta property=\"og:site_name\" content=\"Salzburger Seenland\" \/>\n<meta property=\"article:publisher\" content=\"https:\/\/www.facebook.com\/seenland\" \/>\n<meta property=\"article:modified_time\" content=\"2026-04-17T13:49:58+00:00\" \/>\n<meta property=\"og:image\" content=\"https:\/\/www.salzburger-seenland.at\/wp-content\/uploads\/2023\/05\/luftaufnahme_wallersee_richtung_seekirchen_druckaufloesung_5464x3640_300_dpi_kl-scaled.jpg\" \/>\n\t<meta property=\"og:image:width\" content=\"2560\" \/>\n\t<meta property=\"og:image:height\" content=\"1705\" \/>\n\t<meta property=\"og:image:type\" content=\"image\/jpeg\" \/>\n<meta name=\"twitter:card\" content=\"summary_large_image\" \/>\n<meta name=\"twitter:label1\" content=\"Estimated reading time\" \/>\n\t<meta name=\"twitter:data1\" content=\"1 minute\" \/>\n<script type=\"application\/ld+json\" class=\"yoast-schema-graph\">{\"@context\":\"https:\\\/\\\/schema.org\",\"@graph\":[{\"@type\":\"WebPage\",\"@id\":\"https:\\\/\\\/www.salzburger-seenland.at\\\/ortsmarketing-mattsee\",\"url\":\"https:\\\/\\\/www.salzburger-seenland.at\\\/ortsmarketing-mattsee\",\"name\":\"Ortsmarketing Mattsee - Salzburger Seenland\",\"isPartOf\":{\"@id\":\"https:\\\/\\\/www.salzburger-seenland.at\\\/#website\"},\"datePublished\":\"2025-09-29T12:56:43+00:00\",\"dateModified\":\"2026-04-17T13:49:58+00:00\",\"breadcrumb\":{\"@id\":\"https:\\\/\\\/www.salzburger-seenland.at\\\/ortsmarketing-mattsee#breadcrumb\"},\"inLanguage\":\"en-GB\",\"potentialAction\":[{\"@type\":\"ReadAction\",\"target\":[\"https:\\\/\\\/www.salzburger-seenland.at\\\/ortsmarketing-mattsee\"]}]},{\"@type\":\"BreadcrumbList\",\"@id\":\"https:\\\/\\\/www.salzburger-seenland.at\\\/ortsmarketing-mattsee#breadcrumb\",\"itemListElement\":[{\"@type\":\"ListItem\",\"position\":1,\"name\":\"Startseite\",\"item\":\"https:\\\/\\\/www.salzburger-seenland.at\\\/\"},{\"@type\":\"ListItem\",\"position\":2,\"name\":\"Ortsmarketing Mattsee\"}]},{\"@type\":\"WebSite\",\"@id\":\"https:\\\/\\\/www.salzburger-seenland.at\\\/#website\",\"url\":\"https:\\\/\\\/www.salzburger-seenland.at\\\/\",\"name\":\"Salzburger Seenland\",\"description\":\"eintauchen erleben genie\u00dfen\",\"publisher\":{\"@id\":\"https:\\\/\\\/www.salzburger-seenland.at\\\/#organization\"},\"potentialAction\":[{\"@type\":\"SearchAction\",\"target\":{\"@type\":\"EntryPoint\",\"urlTemplate\":\"https:\\\/\\\/www.salzburger-seenland.at\\\/?s={search_term_string}\"},\"query-input\":{\"@type\":\"PropertyValueSpecification\",\"valueRequired\":true,\"valueName\":\"search_term_string\"}}],\"inLanguage\":\"en-GB\"},{\"@type\":\"Organization\",\"@id\":\"https:\\\/\\\/www.salzburger-seenland.at\\\/#organization\",\"name\":\"Seenland Tourismus GmbH\",\"alternateName\":\"Salzburger Seenland\",\"url\":\"https:\\\/\\\/www.salzburger-seenland.at\\\/\",\"logo\":{\"@type\":\"ImageObject\",\"inLanguage\":\"en-GB\",\"@id\":\"https:\\\/\\\/www.salzburger-seenland.at\\\/#\\\/schema\\\/logo\\\/image\\\/\",\"url\":\"https:\\\/\\\/www.salzburger-seenland.at\\\/wp-content\\\/uploads\\\/2023\\\/05\\\/salzburger-seenland_logo_rund_696x696.png\",\"contentUrl\":\"https:\\\/\\\/www.salzburger-seenland.at\\\/wp-content\\\/uploads\\\/2023\\\/05\\\/salzburger-seenland_logo_rund_696x696.png\",\"width\":696,\"height\":696,\"caption\":\"Seenland Tourismus GmbH\"},\"image\":{\"@id\":\"https:\\\/\\\/www.salzburger-seenland.at\\\/#\\\/schema\\\/logo\\\/image\\\/\"},\"sameAs\":[\"https:\\\/\\\/www.facebook.com\\\/seenland\",\"https:\\\/\\\/www.instagram.com\\\/salzburgerseenland\\\/\",\"https:\\\/\\\/www.youtube.com\\\/channel\\\/UCVEHCdkLG4WY7KMq8fS1XnQ\"]}]}<\/script>\n<!-- \/ Yoast SEO plugin. -->","yoast_head_json":{"title":"Local marketing Mattsee - Salzburger Seenland","robots":{"index":"noindex","follow":"follow"},"og_locale":"en_GB","og_type":"article","og_title":"Ortsmarketing Mattsee - Salzburger Seenland","og_description":"Warum Ortsmarketing? Die Gemeinden im l\u00e4ndlichen Raum stehen vor der Herausforderung, Kaufkraft und Kunden im Ort zu halten und dem Leerstand im Ortskern entgegenzuwirken. Um Mattsee nachhaltig zu beleben und zu st\u00e4rken, wurde die Arbeitsgruppe Ortsmarketing Mattsee gegr\u00fcndet. Welche Aufgaben haben wir uns gesetzt? Unser Ziel:&nbsp;Wir m\u00f6chten Mattsee unverkennbar positionieren und durch eine klare Ausrichtung [&hellip;]","og_url":"https:\/\/www.salzburger-seenland.at\/en\/local-marketing-mattsee\/","og_site_name":"Salzburger Seenland","article_publisher":"https:\/\/www.facebook.com\/seenland","article_modified_time":"2026-04-17T13:49:58+00:00","og_image":[{"width":2560,"height":1705,"url":"https:\/\/www.salzburger-seenland.at\/wp-content\/uploads\/2023\/05\/luftaufnahme_wallersee_richtung_seekirchen_druckaufloesung_5464x3640_300_dpi_kl-scaled.jpg","type":"image\/jpeg"}],"twitter_card":"summary_large_image","twitter_misc":{"Estimated reading time":"1 minute"},"schema":{"@context":"https:\/\/schema.org","@graph":[{"@type":"WebPage","@id":"https:\/\/www.salzburger-seenland.at\/ortsmarketing-mattsee","url":"https:\/\/www.salzburger-seenland.at\/ortsmarketing-mattsee","name":"Local marketing Mattsee - Salzburger Seenland","isPartOf":{"@id":"https:\/\/www.salzburger-seenland.at\/#website"},"datePublished":"2025-09-29T12:56:43+00:00","dateModified":"2026-04-17T13:49:58+00:00","breadcrumb":{"@id":"https:\/\/www.salzburger-seenland.at\/ortsmarketing-mattsee#breadcrumb"},"inLanguage":"en-GB","potentialAction":[{"@type":"ReadAction","target":["https:\/\/www.salzburger-seenland.at\/ortsmarketing-mattsee"]}]},{"@type":"BreadcrumbList","@id":"https:\/\/www.salzburger-seenland.at\/ortsmarketing-mattsee#breadcrumb","itemListElement":[{"@type":"ListItem","position":1,"name":"Startseite","item":"https:\/\/www.salzburger-seenland.at\/"},{"@type":"ListItem","position":2,"name":"Ortsmarketing Mattsee"}]},{"@type":"WebSite","@id":"https:\/\/www.salzburger-seenland.at\/#website","url":"https:\/\/www.salzburger-seenland.at\/","name":"Salzburg Seenland","description":"immerse experience enjoy","publisher":{"@id":"https:\/\/www.salzburger-seenland.at\/#organization"},"potentialAction":[{"@type":"SearchAction","target":{"@type":"EntryPoint","urlTemplate":"https:\/\/www.salzburger-seenland.at\/?s={search_term_string}"},"query-input":{"@type":"PropertyValueSpecification","valueRequired":true,"valueName":"search_term_string"}}],"inLanguage":"en-GB"},{"@type":"Organization","@id":"https:\/\/www.salzburger-seenland.at\/#organization","name":"Seenland Tourism Ltd.","alternateName":"Salzburger Seenland","url":"https:\/\/www.salzburger-seenland.at\/","logo":{"@type":"ImageObject","inLanguage":"en-GB","@id":"https:\/\/www.salzburger-seenland.at\/#\/schema\/logo\/image\/","url":"https:\/\/www.salzburger-seenland.at\/wp-content\/uploads\/2023\/05\/salzburger-seenland_logo_rund_696x696.png","contentUrl":"https:\/\/www.salzburger-seenland.at\/wp-content\/uploads\/2023\/05\/salzburger-seenland_logo_rund_696x696.png","width":696,"height":696,"caption":"Seenland Tourismus GmbH"},"image":{"@id":"https:\/\/www.salzburger-seenland.at\/#\/schema\/logo\/image\/"},"sameAs":["https:\/\/www.facebook.com\/seenland","https:\/\/www.instagram.com\/salzburgerseenland\/","https:\/\/www.youtube.com\/channel\/UCVEHCdkLG4WY7KMq8fS1XnQ"]}]}},"_links":{"self":[{"href":"https:\/\/www.salzburger-seenland.at\/en\/wp-json\/wp\/v2\/pages\/8638","targetHints":{"allow":["GET"]}}],"collection":[{"href":"https:\/\/www.salzburger-seenland.at\/en\/wp-json\/wp\/v2\/pages"}],"about":[{"href":"https:\/\/www.salzburger-seenland.at\/en\/wp-json\/wp\/v2\/types\/page"}],"author":[{"embeddable":true,"href":"https:\/\/www.salzburger-seenland.at\/en\/wp-json\/wp\/v2\/users\/8"}],"replies":[{"embeddable":true,"href":"https:\/\/www.salzburger-seenland.at\/en\/wp-json\/wp\/v2\/comments?post=8638"}],"version-history":[{"count":5,"href":"https:\/\/www.salzburger-seenland.at\/en\/wp-json\/wp\/v2\/pages\/8638\/revisions"}],"predecessor-version":[{"id":9749,"href":"https:\/\/www.salzburger-seenland.at\/en\/wp-json\/wp\/v2\/pages\/8638\/revisions\/9749"}],"wp:attachment":[{"href":"https:\/\/www.salzburger-seenland.at\/en\/wp-json\/wp\/v2\/media?parent=8638"}],"curies":[{"name":"wp","href":"https:\/\/api.w.org\/{rel}","templated":true}]}}