{"id":901,"date":"2023-05-03T10:14:31","date_gmt":"2023-05-03T08:14:31","guid":{"rendered":"https:\/\/www.salzburger-seenland.at\/?page_id=901"},"modified":"2024-02-08T11:10:21","modified_gmt":"2024-02-08T10:10:21","slug":"heiraten-im-seenland","status":"publish","type":"page","link":"https:\/\/www.salzburger-seenland.at\/en\/recreational-experience\/marry-in-the-lakeland","title":{"rendered":"Marriage in Seenland"},"content":{"rendered":"<div class=\"lazyblock-seenland-booking-Z1UtJe3 wp-block-lazyblock-seenland-booking\"><div id=\"bookingform\">\r\n  <h3 class=\"en_GB\">Hier beginnt ihr n\u00e4chster Urlaub..<\/h3>\r\n  <div class=\"container\">\r\n  <form  onsubmit=\"return onFormSubmit()\" method=\"get\">\r\n    <div class=\"book-column dates\">\r\n       <div class=\"form-group\">\r\n         <label for=\"selArrivaldate\">Anreise:<\/label>\r\n         <input type=\"date\" class=\"has-datepicker\" id=\"selArrivaldate\" name=\"selArrivaldate\" min=\"2026-04-27\" value=\"2026-04-27\">\r\n       <\/div> \r\n       <span class=\"booking-trenner\">&nbsp; &#8211; &nbsp;<\/span>\r\n       <div class=\"form-group\">\r\n         <label for=\"selDeparturedate\">Abreise:<\/label>\r\n         <input type=\"date\" class=\"has-datepicker\" id=\"selDeparturedate\" name=\"selDeparturedate\" value=\"2026-05-04\">\r\n       <\/div> \r\n     <\/div>\r\n      <div class=\"book-column persons\">\r\n     <div class=\"form-group border-left\">\r\n       <label for=\"selAdults\">Erwachsene:<\/label>\r\n       <select id=\"selAdults\" name=\"selAdults\">\r\n        <option value=\"1\">1<\/option>\r\n        <option value=\"2\" selected>2<\/option>\r\n        <option value=\"3\">3<\/option>\r\n        <option value=\"4\">4<\/option>\r\n        <option value=\"5\">5<\/option>\r\n        <option value=\"6\">6<\/option>\r\n        <option value=\"7\">7<\/option>\r\n        <option value=\"8\">8<\/option>\r\n        <option value=\"9\">9<\/option>\r\n        <option value=\"10\">10<\/option>\r\n       <\/select>\r\n     <\/div>\r\n     <div class=\"form-group\">\r\n      <label for=\"selKids\">Kinder:<\/label>\r\n       <select id=\"selKids\" name=\"selKids\">\r\n        <option value=\"0\" selected>0<\/option>\r\n        <option value=\"1\">1<\/option>\r\n        <option value=\"2\">2<\/option>\r\n        <option value=\"3\">3<\/option>\r\n        <option value=\"4\">4<\/option>\r\n        <option value=\"5\">5<\/option>\r\n        <option value=\"6\">6<\/option>\r\n        <option value=\"7\">7<\/option>\r\n        <option value=\"8\">8<\/option>\r\n        <option value=\"9\">9<\/option>\r\n        <option value=\"10\">10<\/option>\r\n       <\/select> \r\n     <\/div>\r\n    <\/div>\r\n     <div class=\"button-column buttons\">\r\n        <input type=\"hidden\" id=\"selLocation\" name=\"selLocation\" value=\"58c4b89d-25c7-49db-8d5e-8382bbdb57e4\"> \r\n  \t\t  <input type=\"hidden\" id=\"selCategories\" name=\"selCategories\" value=\"\">\r\n  \t\t   <input type=\"hidden\" id=\"rc\" name=\"rc\" value=\"1\">\r\n  \t\t   <input type=\"hidden\" name=\"selNights\" \/>\r\n  \t\t  <input type=\"hidden\" id=\"selNumberofUnits\" name=\"selNumberofUnits\" value=\"1\">\r\n  \t\t  <button class=\"acco-find rounded\" type=\"submit\">Unterkunft finden<\/button> &nbsp; \r\n  \t\t  <a class=\"req-button rounded\" href=\"https:\/\/www.salzburger-seenland.at\/en\/info#\/quickinquiry\" role=\"button\">Unverbindliche Anfrage<\/a> \r\n      <\/div>\r\n  <\/form>\r\n <\/div>\r\n<\/div>\r\n<script src=\"https:\/\/web5.deskline.net\/dwutility.js\" async><\/script>\r\n\r\n<script>\r\n    function onFormSubmit(){\r\n\t\r\n\tvar anreise = new Date(document.getElementsByName('selArrivaldate')[0].value); \/\/console.log(anreise);\r\n\tvar abreise = new Date(document.getElementsByName('selDeparturedate')[0].value); \/\/console.log(abreise);\r\n\tvar erwachsene = document.getElementsByName('selAdults')[0].value; \/\/console.log(erwachsene);\r\n\t\r\n        dw.accommodationQuickFind(\r\n            \/\/ LocalStorageID: \r\n            'seenlandelixhausen',\r\n\r\n            \/\/ Gastdaten\r\n            {\r\n                dateFrom: anreise,\r\n                dateTo: abreise,\r\n                occupancy1:{\r\n                    units:1,\r\n                    adults: erwachsene,\r\n                    children:[]\r\n                }\r\n            },\r\n            function() {\r\n                \/\/ Callback Funktion, Maybe redirecting\r\n                window.location.href = \"en\/info\";\r\n            });\r\n\r\n        return false;\r\n    }\r\n<\/script><\/div>\n\n<div class=\"lazyblock-zweifarbige-uberschrift-2aE2Gz wp-block-lazyblock-zweifarbige-uberschrift\"><div class=\"container\">\n  <h1 class=\"duo-heading alignleft\">\n  Heiraten im  \n  <br>\n  <span class=\"after-color\">Salzburger Seenland<\/span>\n<\/h1>\n<div style=\"clear:both;\"><\/div>\n<\/div><\/div>\n\n\n<div class=\"wp-block-columns is-layout-flex wp-container-core-columns-is-layout-28f84493 wp-block-columns-is-layout-flex\">\n<div class=\"wp-block-column is-layout-flow wp-block-column-is-layout-flow\">\n<p>Und soll der Bund der Ehe geschlossen werden, sind Heiratsfreudige hier genau richtig. Das traumhafte Ambiente der Orte im Salzburger Seenland bilden ein unvergessliches Ambiente und lassen ihre Tr\u00e4ume zu einem Hochzeitsparadies werden. Wunderbare Locations zur Eheschlie\u00dfung erwarten Sie f\u00fcr Ihren besonderen Tag. <\/p>\n\n\n\n<p>Eine gemeinsame Fahrt mit dem Schiff werden Sie und ihre Hochzeitsg\u00e4ste wohl nie mehr vergessen. Herrliche Fotomotive bieten sich bei einer unvergesslichen Oldtimerausfahrt an. In barocken Kirchen, in herrlich gelegenen Kapellen, auf der \u201eSeenland\u201c oder in den Schloss-R\u00e4umlichkeiten bieten Ihrer Trauung einen festlichen Rahmen. <\/p>\n\n\n\n<p>F\u00fcr die anschlie\u00dfende Hochzeitsfeier stellen unsere Gastronomen f\u00fcr kleine wie gro\u00dfe Gesellschaften gerne ein individuelles Angebot.<\/p>\n<\/div>\n\n\n\n<div class=\"wp-block-column is-layout-flow wp-block-column-is-layout-flow\">\n<figure class=\"wp-block-image size-large rounded\"><img loading=\"lazy\" decoding=\"async\" width=\"1024\" height=\"683\" src=\"https:\/\/www.salzburger-seenland.at\/wp-content\/uploads\/2023\/05\/Schloss_TA_Saal_Standesamt-1024x683.jpg\" alt=\"Schloss TA Saal Standesamt\" class=\"wp-image-2254\" srcset=\"https:\/\/www.salzburger-seenland.at\/wp-content\/uploads\/2023\/05\/Schloss_TA_Saal_Standesamt-1024x683.jpg 1024w, https:\/\/www.salzburger-seenland.at\/wp-content\/uploads\/2023\/05\/Schloss_TA_Saal_Standesamt-300x200.jpg 300w, https:\/\/www.salzburger-seenland.at\/wp-content\/uploads\/2023\/05\/Schloss_TA_Saal_Standesamt-768x512.jpg 768w, https:\/\/www.salzburger-seenland.at\/wp-content\/uploads\/2023\/05\/Schloss_TA_Saal_Standesamt-1536x1024.jpg 1536w, https:\/\/www.salzburger-seenland.at\/wp-content\/uploads\/2023\/05\/Schloss_TA_Saal_Standesamt-2048x1365.jpg 2048w, https:\/\/www.salzburger-seenland.at\/wp-content\/uploads\/2023\/05\/Schloss_TA_Saal_Standesamt-600x400.jpg 600w, https:\/\/www.salzburger-seenland.at\/wp-content\/uploads\/2023\/05\/Schloss_TA_Saal_Standesamt-350x233.jpg 350w\" sizes=\"auto, (max-width: 1024px) 100vw, 1024px\" \/><\/figure>\n<\/div>\n<\/div>\n\n\n<div class=\"lazyblock-loadhighlights-Z23if1j wp-block-lazyblock-loadhighlights\"><div class=\"sase-block\">\r\n  <div class=\"container\">\r\n\t<h2 class=\"duo-heading aligncenter\"><a name=\"urlaubsthemen\"><\/a>\r\n\t\tUnsere Empfehlung <br> <span class=\"after-color\">f\u00fcr Brautleute<\/span>\r\n\t<\/h2> \r\n\t<p class=\"aligncenter\"><\/p>\r\n\t<div class=\"flex-grid\">\r\n\t<div class=\"flex-child col-lg-3\"><a href=\"https:\/\/www.salzburger-seenland.at\/en\/marriage-info\/marry-in-mattsee\"><div class=\"box\"><img decoding=\"async\" class=\"b-lazy img-responsive wp-image-1918 rounded\" src=\"data:image\/gif;base64,R0lGODlhAQABAAAAACH5BAEKAAEALAAAAAABAAEAAAICTAEAOw==\" data-src=\"https:\/\/www.salzburger-seenland.at\/wp-content\/uploads\/2023\/05\/SchlossMattsee_Hochzeit_C-ebihara-photography-031-405x240.jpg\" alt=\"\" \/><div class=\"resp-text-overlay\"><h3>Heiraten in Mattsee<\/h3><\/div><\/div><\/a><\/div><div class=\"flex-child col-lg-3\"><a href=\"https:\/\/www.salzburger-seenland.at\/en\/lake-district-highlights\/lakeland-shipping\"><div class=\"box\"><img decoding=\"async\" class=\"b-lazy img-responsive wp-image-1671 rounded\" src=\"data:image\/gif;base64,R0lGODlhAQABAAAAACH5BAEKAAEALAAAAAABAAEAAAICTAEAOw==\" data-src=\"https:\/\/www.salzburger-seenland.at\/wp-content\/uploads\/2023\/05\/DSC_0013-405x240.jpg\" alt=\"\" \/><div class=\"resp-text-overlay\"><h3>Seenland Schifffahrt<\/h3><\/div><\/div><\/a><\/div><div class=\"flex-child col-lg-3\"><a href=\"https:\/\/www.salzburger-seenland.at\/en\/marriage-info\/say-yes-in-seekirchen\"><div class=\"box\"><img decoding=\"async\" class=\"b-lazy img-responsive wp-image-4514 rounded\" src=\"data:image\/gif;base64,R0lGODlhAQABAAAAACH5BAEKAAEALAAAAAABAAEAAAICTAEAOw==\" data-src=\"https:\/\/www.salzburger-seenland.at\/wp-content\/uploads\/2023\/08\/ULLI9629-405x240.jpg\" alt=\"\" \/><div class=\"resp-text-overlay\"><h3>Ja Sagen in Seekirchen<\/h3><\/div><\/div><\/a><\/div><div class=\"flex-child col-lg-3\"><a href=\"https:\/\/www.salzburger-seenland.at\/en\/marriage-info\/getting-married-at-gut-aiderbichl\"><div class=\"box\"><img decoding=\"async\" class=\"b-lazy img-responsive wp-image-5356 rounded\" src=\"data:image\/gif;base64,R0lGODlhAQABAAAAACH5BAEKAAEALAAAAAABAAEAAAICTAEAOw==\" data-src=\"https:\/\/www.salzburger-seenland.at\/wp-content\/uploads\/2024\/02\/GAH_Hochzeit_Sarah-Herbst_AM-333_1-1-405x240.jpg\" alt=\"\" \/><div class=\"resp-text-overlay\"><h3>Heiraten auf Gut Aiderbichl<\/h3><\/div><\/div><\/a><\/div><div class=\"flex-child col-lg-3\"><a href=\"https:\/\/www.salzburger-seenland.at\/en\/marriage-info\/marry-in-oberndorf\"><div class=\"box\"><img decoding=\"async\" class=\"b-lazy img-responsive wp-image-1753 rounded\" src=\"data:image\/gif;base64,R0lGODlhAQABAAAAACH5BAEKAAEALAAAAAABAAEAAAICTAEAOw==\" data-src=\"https:\/\/www.salzburger-seenland.at\/wp-content\/uploads\/2023\/05\/Oberndorf_StilleNachtKapelle_Hochzeit1-405x240.jpg\" alt=\"\" \/><div class=\"resp-text-overlay\"><h3>Heiraten in Oberndorf<\/h3><\/div><\/div><\/a><\/div><div class=\"flex-child col-lg-3\"><a href=\"https:\/\/www.salzburger-seenland.at\/en\/insider-tips\/outdoor-wedding-site-lochen-am-see\"><div class=\"box\"><img decoding=\"async\" class=\"b-lazy img-responsive wp-image-1277 rounded\" src=\"data:image\/gif;base64,R0lGODlhAQABAAAAACH5BAEKAAEALAAAAAABAAEAAAICTAEAOw==\" data-src=\"https:\/\/www.salzburger-seenland.at\/wp-content\/uploads\/2023\/05\/Lochen_Aussentrauung_kl-405x240.jpg\" alt=\"\" \/><div class=\"resp-text-overlay\"><h3>Au\u00dfentrauungsplatz<\/h3><\/div><\/div><\/a><\/div><div class=\"flex-child col-lg-3\"><a href=\"https:\/\/www.salzburger-seenland.at\/en\/lake-district-highlights\/wimmer-tailors\"><div class=\"box\"><img decoding=\"async\" class=\"b-lazy img-responsive wp-image-110 rounded\" src=\"data:image\/gif;base64,R0lGODlhAQABAAAAACH5BAEKAAEALAAAAAABAAEAAAICTAEAOw==\" data-src=\"https:\/\/www.salzburger-seenland.at\/wp-content\/uploads\/2023\/04\/Salzburger_Seenland_Wimmer_Tracht4-1-405x240.jpg\" alt=\"\" \/><div class=\"resp-text-overlay\"><h3>Wimmer schneidert<\/h3><\/div><\/div><\/a><\/div><div class=\"flex-child col-lg-3\"><a href=\"https:\/\/www.salzburger-seenland.at\/en\/lake-district-highlights\/driving-space\"><div class=\"box\"><img decoding=\"async\" class=\"b-lazy img-responsive wp-image-1691 rounded\" src=\"data:image\/gif;base64,R0lGODlhAQABAAAAACH5BAEKAAEALAAAAAABAAEAAAICTAEAOw==\" data-src=\"https:\/\/www.salzburger-seenland.at\/wp-content\/uploads\/2023\/05\/SalzburgerSeenland_fahrtraumMattsee_Prinz-Heinrich-C-Christian-Maislinger-405x240.jpg\" alt=\"\" \/><div class=\"resp-text-overlay\"><h3>fahr(t)raum<\/h3><\/div><\/div><\/a><\/div> \r\n\t<\/div>\r\n  <p class=\"desktop\" style=\"clear:both;\">&nbsp;<br \/><\/p>\r\n<\/div>\r\n<\/div><\/div>","protected":false},"excerpt":{"rendered":"<p>Und soll der Bund der Ehe geschlossen werden, sind Heiratsfreudige hier genau richtig. Das traumhafte Ambiente der Orte im Salzburger Seenland bilden ein unvergessliches Ambiente und lassen ihre Tr\u00e4ume zu einem Hochzeitsparadies werden. Wunderbare Locations zur Eheschlie\u00dfung erwarten Sie f\u00fcr Ihren besonderen Tag. Eine gemeinsame Fahrt mit dem Schiff werden Sie und ihre Hochzeitsg\u00e4ste wohl [&hellip;]<\/p>\n","protected":false},"author":1,"featured_media":902,"parent":404,"menu_order":0,"comment_status":"closed","ping_status":"closed","template":"","meta":{"footnotes":""},"class_list":["post-901","page","type-page","status-publish","has-post-thumbnail","hentry"],"yoast_head":"<!-- This site is optimized with the Yoast SEO plugin v27.4 - https:\/\/yoast.com\/product\/yoast-seo-wordpress\/ -->\n<title>Heiraten im Seenland - Salzburger Seenland<\/title>\n<meta name=\"description\" content=\"Und soll der Bund der Ehe geschlossen werden, sind Heiratsfreudige hier genau richtig. Das traumhafte Ambiente der Orte im Salzburger Seenland bilden ein unvergessliches Ambiente und lassen ihre Tr\u00e4ume zu einem Hochzeitsparadies werden. Wunderbare Locations zur Eheschlie\u00dfung erwarten Sie f\u00fcr Ihren besonderen Tag.\" \/>\n<meta name=\"robots\" content=\"index, follow, max-snippet:-1, max-image-preview:large, max-video-preview:-1\" \/>\n<link rel=\"canonical\" href=\"https:\/\/www.salzburger-seenland.at\/en\/recreational-experience\/marry-in-the-lakeland\/\" \/>\n<meta property=\"og:locale\" content=\"en_GB\" \/>\n<meta property=\"og:type\" content=\"article\" \/>\n<meta property=\"og:title\" content=\"Heiraten im Seenland - Salzburger Seenland\" \/>\n<meta property=\"og:description\" content=\"Und soll der Bund der Ehe geschlossen werden, sind Heiratsfreudige hier genau richtig. Das traumhafte Ambiente der Orte im Salzburger Seenland bilden ein unvergessliches Ambiente und lassen ihre Tr\u00e4ume zu einem Hochzeitsparadies werden. Wunderbare Locations zur Eheschlie\u00dfung erwarten Sie f\u00fcr Ihren besonderen Tag.\" \/>\n<meta property=\"og:url\" content=\"https:\/\/www.salzburger-seenland.at\/en\/recreational-experience\/marry-in-the-lakeland\/\" \/>\n<meta property=\"og:site_name\" content=\"Salzburger Seenland\" \/>\n<meta property=\"article:publisher\" content=\"https:\/\/www.facebook.com\/seenland\" \/>\n<meta property=\"article:modified_time\" content=\"2024-02-08T10:10:21+00:00\" \/>\n<meta property=\"og:image\" content=\"https:\/\/www.salzburger-seenland.at\/wp-content\/uploads\/2023\/05\/heiraten-seenland-scaled.jpg\" \/>\n\t<meta property=\"og:image:width\" content=\"2560\" \/>\n\t<meta property=\"og:image:height\" content=\"1710\" \/>\n\t<meta property=\"og:image:type\" content=\"image\/jpeg\" \/>\n<meta name=\"twitter:card\" content=\"summary_large_image\" \/>\n<meta name=\"twitter:label1\" content=\"Estimated reading time\" \/>\n\t<meta name=\"twitter:data1\" content=\"3 minutes\" \/>\n<script type=\"application\/ld+json\" class=\"yoast-schema-graph\">{\"@context\":\"https:\\\/\\\/schema.org\",\"@graph\":[{\"@type\":\"WebPage\",\"@id\":\"https:\\\/\\\/www.salzburger-seenland.at\\\/erlebnis-freizeit\\\/heiraten-im-seenland\",\"url\":\"https:\\\/\\\/www.salzburger-seenland.at\\\/erlebnis-freizeit\\\/heiraten-im-seenland\",\"name\":\"Heiraten im Seenland - Salzburger Seenland\",\"isPartOf\":{\"@id\":\"https:\\\/\\\/www.salzburger-seenland.at\\\/#website\"},\"primaryImageOfPage\":{\"@id\":\"https:\\\/\\\/www.salzburger-seenland.at\\\/erlebnis-freizeit\\\/heiraten-im-seenland#primaryimage\"},\"image\":{\"@id\":\"https:\\\/\\\/www.salzburger-seenland.at\\\/erlebnis-freizeit\\\/heiraten-im-seenland#primaryimage\"},\"thumbnailUrl\":\"https:\\\/\\\/www.salzburger-seenland.at\\\/wp-content\\\/uploads\\\/2023\\\/05\\\/heiraten-seenland-scaled.jpg\",\"datePublished\":\"2023-05-03T08:14:31+00:00\",\"dateModified\":\"2024-02-08T10:10:21+00:00\",\"description\":\"Und soll der Bund der Ehe geschlossen werden, sind Heiratsfreudige hier genau richtig. Das traumhafte Ambiente der Orte im Salzburger Seenland bilden ein unvergessliches Ambiente und lassen ihre Tr\u00e4ume zu einem Hochzeitsparadies werden. Wunderbare Locations zur Eheschlie\u00dfung erwarten Sie f\u00fcr Ihren besonderen Tag.\",\"breadcrumb\":{\"@id\":\"https:\\\/\\\/www.salzburger-seenland.at\\\/erlebnis-freizeit\\\/heiraten-im-seenland#breadcrumb\"},\"inLanguage\":\"en-GB\",\"potentialAction\":[{\"@type\":\"ReadAction\",\"target\":[\"https:\\\/\\\/www.salzburger-seenland.at\\\/erlebnis-freizeit\\\/heiraten-im-seenland\"]}]},{\"@type\":\"ImageObject\",\"inLanguage\":\"en-GB\",\"@id\":\"https:\\\/\\\/www.salzburger-seenland.at\\\/erlebnis-freizeit\\\/heiraten-im-seenland#primaryimage\",\"url\":\"https:\\\/\\\/www.salzburger-seenland.at\\\/wp-content\\\/uploads\\\/2023\\\/05\\\/heiraten-seenland-scaled.jpg\",\"contentUrl\":\"https:\\\/\\\/www.salzburger-seenland.at\\\/wp-content\\\/uploads\\\/2023\\\/05\\\/heiraten-seenland-scaled.jpg\",\"width\":2560,\"height\":1710,\"caption\":\"Hochzeits-Location Salzburger Seenland\"},{\"@type\":\"BreadcrumbList\",\"@id\":\"https:\\\/\\\/www.salzburger-seenland.at\\\/erlebnis-freizeit\\\/heiraten-im-seenland#breadcrumb\",\"itemListElement\":[{\"@type\":\"ListItem\",\"position\":1,\"name\":\"Startseite\",\"item\":\"https:\\\/\\\/www.salzburger-seenland.at\\\/\"},{\"@type\":\"ListItem\",\"position\":2,\"name\":\"Erlebnis &#038; Freizeit\",\"item\":\"https:\\\/\\\/www.salzburger-seenland.at\\\/erlebnis-freizeit\"},{\"@type\":\"ListItem\",\"position\":3,\"name\":\"Heiraten im Seenland\"}]},{\"@type\":\"WebSite\",\"@id\":\"https:\\\/\\\/www.salzburger-seenland.at\\\/#website\",\"url\":\"https:\\\/\\\/www.salzburger-seenland.at\\\/\",\"name\":\"Salzburger Seenland\",\"description\":\"eintauchen erleben genie\u00dfen\",\"publisher\":{\"@id\":\"https:\\\/\\\/www.salzburger-seenland.at\\\/#organization\"},\"potentialAction\":[{\"@type\":\"SearchAction\",\"target\":{\"@type\":\"EntryPoint\",\"urlTemplate\":\"https:\\\/\\\/www.salzburger-seenland.at\\\/?s={search_term_string}\"},\"query-input\":{\"@type\":\"PropertyValueSpecification\",\"valueRequired\":true,\"valueName\":\"search_term_string\"}}],\"inLanguage\":\"en-GB\"},{\"@type\":\"Organization\",\"@id\":\"https:\\\/\\\/www.salzburger-seenland.at\\\/#organization\",\"name\":\"Seenland Tourismus GmbH\",\"alternateName\":\"Salzburger Seenland\",\"url\":\"https:\\\/\\\/www.salzburger-seenland.at\\\/\",\"logo\":{\"@type\":\"ImageObject\",\"inLanguage\":\"en-GB\",\"@id\":\"https:\\\/\\\/www.salzburger-seenland.at\\\/#\\\/schema\\\/logo\\\/image\\\/\",\"url\":\"https:\\\/\\\/www.salzburger-seenland.at\\\/wp-content\\\/uploads\\\/2023\\\/05\\\/salzburger-seenland_logo_rund_696x696.png\",\"contentUrl\":\"https:\\\/\\\/www.salzburger-seenland.at\\\/wp-content\\\/uploads\\\/2023\\\/05\\\/salzburger-seenland_logo_rund_696x696.png\",\"width\":696,\"height\":696,\"caption\":\"Seenland Tourismus GmbH\"},\"image\":{\"@id\":\"https:\\\/\\\/www.salzburger-seenland.at\\\/#\\\/schema\\\/logo\\\/image\\\/\"},\"sameAs\":[\"https:\\\/\\\/www.facebook.com\\\/seenland\",\"https:\\\/\\\/www.instagram.com\\\/salzburgerseenland\\\/\",\"https:\\\/\\\/www.youtube.com\\\/channel\\\/UCVEHCdkLG4WY7KMq8fS1XnQ\"]}]}<\/script>\n<!-- \/ Yoast SEO plugin. -->","yoast_head_json":{"title":"Marriage at Seenland - Salzburg Seenland","description":"And if you want to tie the knot, this is exactly the right place for wedding enthusiasts. The dreamlike ambience of the locations in Salzburg Seenland create an unforgettable atmosphere and turn your dreams into a wedding paradise. Wonderful locations for marriage await you for your special day.","robots":{"index":"index","follow":"follow","max-snippet":"max-snippet:-1","max-image-preview":"max-image-preview:large","max-video-preview":"max-video-preview:-1"},"canonical":"https:\/\/www.salzburger-seenland.at\/en\/recreational-experience\/marry-in-the-lakeland\/","og_locale":"en_GB","og_type":"article","og_title":"Heiraten im Seenland - Salzburger Seenland","og_description":"Und soll der Bund der Ehe geschlossen werden, sind Heiratsfreudige hier genau richtig. Das traumhafte Ambiente der Orte im Salzburger Seenland bilden ein unvergessliches Ambiente und lassen ihre Tr\u00e4ume zu einem Hochzeitsparadies werden. Wunderbare Locations zur Eheschlie\u00dfung erwarten Sie f\u00fcr Ihren besonderen Tag.","og_url":"https:\/\/www.salzburger-seenland.at\/en\/recreational-experience\/marry-in-the-lakeland\/","og_site_name":"Salzburger Seenland","article_publisher":"https:\/\/www.facebook.com\/seenland","article_modified_time":"2024-02-08T10:10:21+00:00","og_image":[{"width":2560,"height":1710,"url":"https:\/\/www.salzburger-seenland.at\/wp-content\/uploads\/2023\/05\/heiraten-seenland-scaled.jpg","type":"image\/jpeg"}],"twitter_card":"summary_large_image","twitter_misc":{"Estimated reading time":"3 minutes"},"schema":{"@context":"https:\/\/schema.org","@graph":[{"@type":"WebPage","@id":"https:\/\/www.salzburger-seenland.at\/erlebnis-freizeit\/heiraten-im-seenland","url":"https:\/\/www.salzburger-seenland.at\/erlebnis-freizeit\/heiraten-im-seenland","name":"Marriage at Seenland - Salzburg Seenland","isPartOf":{"@id":"https:\/\/www.salzburger-seenland.at\/#website"},"primaryImageOfPage":{"@id":"https:\/\/www.salzburger-seenland.at\/erlebnis-freizeit\/heiraten-im-seenland#primaryimage"},"image":{"@id":"https:\/\/www.salzburger-seenland.at\/erlebnis-freizeit\/heiraten-im-seenland#primaryimage"},"thumbnailUrl":"https:\/\/www.salzburger-seenland.at\/wp-content\/uploads\/2023\/05\/heiraten-seenland-scaled.jpg","datePublished":"2023-05-03T08:14:31+00:00","dateModified":"2024-02-08T10:10:21+00:00","description":"And if you want to tie the knot, this is exactly the right place for wedding enthusiasts. The dreamlike ambience of the locations in Salzburg Seenland create an unforgettable atmosphere and turn your dreams into a wedding paradise. Wonderful locations for marriage await you for your special day.","breadcrumb":{"@id":"https:\/\/www.salzburger-seenland.at\/erlebnis-freizeit\/heiraten-im-seenland#breadcrumb"},"inLanguage":"en-GB","potentialAction":[{"@type":"ReadAction","target":["https:\/\/www.salzburger-seenland.at\/erlebnis-freizeit\/heiraten-im-seenland"]}]},{"@type":"ImageObject","inLanguage":"en-GB","@id":"https:\/\/www.salzburger-seenland.at\/erlebnis-freizeit\/heiraten-im-seenland#primaryimage","url":"https:\/\/www.salzburger-seenland.at\/wp-content\/uploads\/2023\/05\/heiraten-seenland-scaled.jpg","contentUrl":"https:\/\/www.salzburger-seenland.at\/wp-content\/uploads\/2023\/05\/heiraten-seenland-scaled.jpg","width":2560,"height":1710,"caption":"Hochzeits-Location Salzburger Seenland"},{"@type":"BreadcrumbList","@id":"https:\/\/www.salzburger-seenland.at\/erlebnis-freizeit\/heiraten-im-seenland#breadcrumb","itemListElement":[{"@type":"ListItem","position":1,"name":"Startseite","item":"https:\/\/www.salzburger-seenland.at\/"},{"@type":"ListItem","position":2,"name":"Erlebnis &#038; Freizeit","item":"https:\/\/www.salzburger-seenland.at\/erlebnis-freizeit"},{"@type":"ListItem","position":3,"name":"Heiraten im Seenland"}]},{"@type":"WebSite","@id":"https:\/\/www.salzburger-seenland.at\/#website","url":"https:\/\/www.salzburger-seenland.at\/","name":"Salzburg Seenland","description":"immerse experience enjoy","publisher":{"@id":"https:\/\/www.salzburger-seenland.at\/#organization"},"potentialAction":[{"@type":"SearchAction","target":{"@type":"EntryPoint","urlTemplate":"https:\/\/www.salzburger-seenland.at\/?s={search_term_string}"},"query-input":{"@type":"PropertyValueSpecification","valueRequired":true,"valueName":"search_term_string"}}],"inLanguage":"en-GB"},{"@type":"Organization","@id":"https:\/\/www.salzburger-seenland.at\/#organization","name":"Seenland Tourism Ltd.","alternateName":"Salzburger Seenland","url":"https:\/\/www.salzburger-seenland.at\/","logo":{"@type":"ImageObject","inLanguage":"en-GB","@id":"https:\/\/www.salzburger-seenland.at\/#\/schema\/logo\/image\/","url":"https:\/\/www.salzburger-seenland.at\/wp-content\/uploads\/2023\/05\/salzburger-seenland_logo_rund_696x696.png","contentUrl":"https:\/\/www.salzburger-seenland.at\/wp-content\/uploads\/2023\/05\/salzburger-seenland_logo_rund_696x696.png","width":696,"height":696,"caption":"Seenland Tourismus GmbH"},"image":{"@id":"https:\/\/www.salzburger-seenland.at\/#\/schema\/logo\/image\/"},"sameAs":["https:\/\/www.facebook.com\/seenland","https:\/\/www.instagram.com\/salzburgerseenland\/","https:\/\/www.youtube.com\/channel\/UCVEHCdkLG4WY7KMq8fS1XnQ"]}]}},"_links":{"self":[{"href":"https:\/\/www.salzburger-seenland.at\/en\/wp-json\/wp\/v2\/pages\/901","targetHints":{"allow":["GET"]}}],"collection":[{"href":"https:\/\/www.salzburger-seenland.at\/en\/wp-json\/wp\/v2\/pages"}],"about":[{"href":"https:\/\/www.salzburger-seenland.at\/en\/wp-json\/wp\/v2\/types\/page"}],"author":[{"embeddable":true,"href":"https:\/\/www.salzburger-seenland.at\/en\/wp-json\/wp\/v2\/users\/1"}],"replies":[{"embeddable":true,"href":"https:\/\/www.salzburger-seenland.at\/en\/wp-json\/wp\/v2\/comments?post=901"}],"version-history":[{"count":5,"href":"https:\/\/www.salzburger-seenland.at\/en\/wp-json\/wp\/v2\/pages\/901\/revisions"}],"predecessor-version":[{"id":5358,"href":"https:\/\/www.salzburger-seenland.at\/en\/wp-json\/wp\/v2\/pages\/901\/revisions\/5358"}],"up":[{"embeddable":true,"href":"https:\/\/www.salzburger-seenland.at\/en\/wp-json\/wp\/v2\/pages\/404"}],"wp:featuredmedia":[{"embeddable":true,"href":"https:\/\/www.salzburger-seenland.at\/en\/wp-json\/wp\/v2\/media\/902"}],"wp:attachment":[{"href":"https:\/\/www.salzburger-seenland.at\/en\/wp-json\/wp\/v2\/media?parent=901"}],"curies":[{"name":"wp","href":"https:\/\/api.w.org\/{rel}","templated":true}]}}